{"id":116,"date":"2024-05-20T20:40:28","date_gmt":"2024-05-20T18:40:28","guid":{"rendered":"https:\/\/ravensmoon.fr\/?page_id=116"},"modified":"2025-02-14T15:53:50","modified_gmt":"2025-02-14T14:53:50","slug":"bougies-esoteriques","status":"publish","type":"page","link":"https:\/\/ravensmoon.fr\/index.php\/bougies-esoteriques\/","title":{"rendered":"Collection Esot\u00e9rique"},"content":{"rendered":"<div data-block-name=\"woocommerce\/product-category\" data-categories=\"[20]\" data-rows=\"6\" class=\"wc-block-grid wp-block-product-category wp-block-woocommerce-product-category wc-block-product-category has-3-columns has-multiple-rows\"><ul class=\"wc-block-grid__products\"><li class=\"wc-block-grid__product\">\n\t\t\t\t<a href=\"https:\/\/ravensmoon.fr\/index.php\/produit\/the-moon\/\" class=\"wc-block-grid__product-link\">\n\t\t\t\t\t\n\t\t\t\t\t<div class=\"wc-block-grid__product-image\"><img fetchpriority=\"high\" decoding=\"async\" width=\"300\" height=\"300\" src=\"https:\/\/ravensmoon.fr\/wp-content\/uploads\/2026\/02\/16819-300x300.png\" class=\"attachment-woocommerce_thumbnail size-woocommerce_thumbnail\" alt=\"The Moon\" srcset=\"https:\/\/ravensmoon.fr\/wp-content\/uploads\/2026\/02\/16819-300x300.png 300w, https:\/\/ravensmoon.fr\/wp-content\/uploads\/2026\/02\/16819-150x150.png 150w, https:\/\/ravensmoon.fr\/wp-content\/uploads\/2026\/02\/16819-768x768.png 768w, https:\/\/ravensmoon.fr\/wp-content\/uploads\/2026\/02\/16819-600x600.png 600w, https:\/\/ravensmoon.fr\/wp-content\/uploads\/2026\/02\/16819-100x100.png 100w, https:\/\/ravensmoon.fr\/wp-content\/uploads\/2026\/02\/16819-96x96.png 96w, https:\/\/ravensmoon.fr\/wp-content\/uploads\/2026\/02\/16819-42x42.png 42w, https:\/\/ravensmoon.fr\/wp-content\/uploads\/2026\/02\/16819.png 832w\" sizes=\"(max-width: 300px) 100vw, 300px\" \/><\/div>\n\t\t\t\t\t<div class=\"wc-block-grid__product-title\">The Moon<\/div>\n\t\t\t\t<\/a>\n\t\t\t\t<div class=\"wc-block-grid__product-price price\"><span class=\"woocommerce-Price-amount amount\">9,50&nbsp;<span class=\"woocommerce-Price-currencySymbol\">&euro;<\/span><\/span><\/div>\n\t\t\t\t\n\t\t\t\t<div class=\"wp-block-button wc-block-grid__product-add-to-cart\"><a href=\"\/index.php\/wp-json\/wp\/v2\/pages\/116?add-to-cart=2500\" aria-label=\"Ajouter au panier\u00a0: &ldquo;The Moon&rdquo;\" data-quantity=\"1\" data-product_id=\"2500\" data-product_sku=\"\" data-price=\"9.5\" rel=\"nofollow\" class=\"wp-block-button__link  add_to_cart_button ajax_add_to_cart\">Ajouter au panier<\/a><\/div>\n\t\t\t<\/li><li class=\"wc-block-grid__product\">\n\t\t\t\t<a href=\"https:\/\/ravensmoon.fr\/index.php\/produit\/fondant-lunaire\/\" class=\"wc-block-grid__product-link\">\n\t\t\t\t\t\n\t\t\t\t\t<div class=\"wc-block-grid__product-image\"><img decoding=\"async\" width=\"300\" height=\"300\" src=\"https:\/\/ravensmoon.fr\/wp-content\/uploads\/2026\/02\/16823-300x300.png\" class=\"attachment-woocommerce_thumbnail size-woocommerce_thumbnail\" alt=\"Fondant Lunaire\" srcset=\"https:\/\/ravensmoon.fr\/wp-content\/uploads\/2026\/02\/16823-300x300.png 300w, https:\/\/ravensmoon.fr\/wp-content\/uploads\/2026\/02\/16823-1024x1024.png 1024w, https:\/\/ravensmoon.fr\/wp-content\/uploads\/2026\/02\/16823-150x150.png 150w, https:\/\/ravensmoon.fr\/wp-content\/uploads\/2026\/02\/16823-768x768.png 768w, https:\/\/ravensmoon.fr\/wp-content\/uploads\/2026\/02\/16823-1536x1536.png 1536w, https:\/\/ravensmoon.fr\/wp-content\/uploads\/2026\/02\/16823-1320x1320.png 1320w, https:\/\/ravensmoon.fr\/wp-content\/uploads\/2026\/02\/16823-600x600.png 600w, https:\/\/ravensmoon.fr\/wp-content\/uploads\/2026\/02\/16823-100x100.png 100w, https:\/\/ravensmoon.fr\/wp-content\/uploads\/2026\/02\/16823-96x96.png 96w, https:\/\/ravensmoon.fr\/wp-content\/uploads\/2026\/02\/16823-42x42.png 42w, https:\/\/ravensmoon.fr\/wp-content\/uploads\/2026\/02\/16823.png 1695w\" sizes=\"(max-width: 300px) 100vw, 300px\" \/><\/div>\n\t\t\t\t\t<div class=\"wc-block-grid__product-title\">Fondant Lunaire<\/div>\n\t\t\t\t<\/a>\n\t\t\t\t<div class=\"wc-block-grid__product-price price\"><span class=\"woocommerce-Price-amount amount\">4,50&nbsp;<span class=\"woocommerce-Price-currencySymbol\">&euro;<\/span><\/span><\/div>\n\t\t\t\t\n\t\t\t\t<div class=\"wp-block-button wc-block-grid__product-add-to-cart\"><a href=\"https:\/\/ravensmoon.fr\/index.php\/produit\/fondant-lunaire\/\" aria-label=\"S\u00e9lectionner les options pour &ldquo;Fondant Lunaire&rdquo;\" data-quantity=\"1\" data-product_id=\"2471\" data-product_sku=\"\" data-price=\"4.5\" rel=\"nofollow\" class=\"wp-block-button__link  add_to_cart_button\">Choix des options<\/a><\/div>\n\t\t\t<\/li><li class=\"wc-block-grid__product\">\n\t\t\t\t<a href=\"https:\/\/ravensmoon.fr\/index.php\/produit\/gamme-intention\/\" class=\"wc-block-grid__product-link\">\n\t\t\t\t\t\n\t\t\t\t\t<div class=\"wc-block-grid__product-image\"><img decoding=\"async\" width=\"300\" height=\"300\" src=\"https:\/\/ravensmoon.fr\/wp-content\/uploads\/2026\/01\/16842-300x300.png\" class=\"attachment-woocommerce_thumbnail size-woocommerce_thumbnail\" alt=\"Gamme intention\" srcset=\"https:\/\/ravensmoon.fr\/wp-content\/uploads\/2026\/01\/16842-300x300.png 300w, https:\/\/ravensmoon.fr\/wp-content\/uploads\/2026\/01\/16842-1024x1024.png 1024w, https:\/\/ravensmoon.fr\/wp-content\/uploads\/2026\/01\/16842-150x150.png 150w, https:\/\/ravensmoon.fr\/wp-content\/uploads\/2026\/01\/16842-768x768.png 768w, https:\/\/ravensmoon.fr\/wp-content\/uploads\/2026\/01\/16842-1536x1536.png 1536w, https:\/\/ravensmoon.fr\/wp-content\/uploads\/2026\/01\/16842-2048x2048.png 2048w, https:\/\/ravensmoon.fr\/wp-content\/uploads\/2026\/01\/16842-1320x1320.png 1320w, https:\/\/ravensmoon.fr\/wp-content\/uploads\/2026\/01\/16842-600x600.png 600w, https:\/\/ravensmoon.fr\/wp-content\/uploads\/2026\/01\/16842-100x100.png 100w, https:\/\/ravensmoon.fr\/wp-content\/uploads\/2026\/01\/16842-96x96.png 96w, https:\/\/ravensmoon.fr\/wp-content\/uploads\/2026\/01\/16842-42x42.png 42w\" sizes=\"(max-width: 300px) 100vw, 300px\" \/><\/div>\n\t\t\t\t\t<div class=\"wc-block-grid__product-title\">Gamme intention<\/div>\n\t\t\t\t<\/a>\n\t\t\t\t<div class=\"wc-block-grid__product-price price\"><span class=\"woocommerce-Price-amount amount\">13,00&nbsp;<span class=\"woocommerce-Price-currencySymbol\">&euro;<\/span><\/span><\/div>\n\t\t\t\t\n\t\t\t\t<div class=\"wp-block-button wc-block-grid__product-add-to-cart\"><a href=\"https:\/\/ravensmoon.fr\/index.php\/produit\/gamme-intention\/\" aria-label=\"S\u00e9lectionner les options pour &ldquo;Gamme intention&rdquo;\" data-quantity=\"1\" data-product_id=\"2190\" data-product_sku=\"\" data-price=\"13\" rel=\"nofollow\" class=\"wp-block-button__link  add_to_cart_button\">Choix des options<\/a><\/div>\n\t\t\t<\/li><li class=\"wc-block-grid__product\">\n\t\t\t\t<a href=\"https:\/\/ravensmoon.fr\/index.php\/produit\/pilier-rituel\/\" class=\"wc-block-grid__product-link\">\n\t\t\t\t\t\n\t\t\t\t\t<div class=\"wc-block-grid__product-image\"><img loading=\"lazy\" decoding=\"async\" width=\"300\" height=\"300\" src=\"https:\/\/ravensmoon.fr\/wp-content\/uploads\/2026\/01\/16843-300x300.png\" class=\"attachment-woocommerce_thumbnail size-woocommerce_thumbnail\" alt=\"Pilier rituel\" srcset=\"https:\/\/ravensmoon.fr\/wp-content\/uploads\/2026\/01\/16843-300x300.png 300w, https:\/\/ravensmoon.fr\/wp-content\/uploads\/2026\/01\/16843-1024x1024.png 1024w, https:\/\/ravensmoon.fr\/wp-content\/uploads\/2026\/01\/16843-150x150.png 150w, https:\/\/ravensmoon.fr\/wp-content\/uploads\/2026\/01\/16843-768x768.png 768w, https:\/\/ravensmoon.fr\/wp-content\/uploads\/2026\/01\/16843-1536x1536.png 1536w, https:\/\/ravensmoon.fr\/wp-content\/uploads\/2026\/01\/16843-2048x2048.png 2048w, https:\/\/ravensmoon.fr\/wp-content\/uploads\/2026\/01\/16843-1320x1320.png 1320w, https:\/\/ravensmoon.fr\/wp-content\/uploads\/2026\/01\/16843-600x600.png 600w, https:\/\/ravensmoon.fr\/wp-content\/uploads\/2026\/01\/16843-100x100.png 100w, https:\/\/ravensmoon.fr\/wp-content\/uploads\/2026\/01\/16843-96x96.png 96w, https:\/\/ravensmoon.fr\/wp-content\/uploads\/2026\/01\/16843-42x42.png 42w\" sizes=\"(max-width: 300px) 100vw, 300px\" \/><\/div>\n\t\t\t\t\t<div class=\"wc-block-grid__product-title\">Pilier rituel<\/div>\n\t\t\t\t<\/a>\n\t\t\t\t<div class=\"wc-block-grid__product-price price\"><span class=\"woocommerce-Price-amount amount\">7,00&nbsp;<span class=\"woocommerce-Price-currencySymbol\">&euro;<\/span><\/span><\/div>\n\t\t\t\t\n\t\t\t\t<div class=\"wp-block-button wc-block-grid__product-add-to-cart\"><a href=\"\/index.php\/wp-json\/wp\/v2\/pages\/116?add-to-cart=2186\" aria-label=\"Ajouter au panier\u00a0: &ldquo;Pilier rituel&rdquo;\" data-quantity=\"1\" data-product_id=\"2186\" data-product_sku=\"\" data-price=\"7\" rel=\"nofollow\" class=\"wp-block-button__link  add_to_cart_button ajax_add_to_cart\">Ajouter au panier<\/a><\/div>\n\t\t\t<\/li><li class=\"wc-block-grid__product\">\n\t\t\t\t<a href=\"https:\/\/ravensmoon.fr\/index.php\/produit\/astro\/\" class=\"wc-block-grid__product-link\">\n\t\t\t\t\t\n\t\t\t\t\t<div class=\"wc-block-grid__product-image\"><img loading=\"lazy\" decoding=\"async\" width=\"300\" height=\"300\" src=\"https:\/\/ravensmoon.fr\/wp-content\/uploads\/2025\/02\/1000026347-300x300.png\" class=\"attachment-woocommerce_thumbnail size-woocommerce_thumbnail\" alt=\"Astro\" srcset=\"https:\/\/ravensmoon.fr\/wp-content\/uploads\/2025\/02\/1000026347-300x300.png 300w, https:\/\/ravensmoon.fr\/wp-content\/uploads\/2025\/02\/1000026347-1024x1024.png 1024w, https:\/\/ravensmoon.fr\/wp-content\/uploads\/2025\/02\/1000026347-150x150.png 150w, https:\/\/ravensmoon.fr\/wp-content\/uploads\/2025\/02\/1000026347-768x768.png 768w, https:\/\/ravensmoon.fr\/wp-content\/uploads\/2025\/02\/1000026347-600x600.png 600w, https:\/\/ravensmoon.fr\/wp-content\/uploads\/2025\/02\/1000026347-100x100.png 100w, https:\/\/ravensmoon.fr\/wp-content\/uploads\/2025\/02\/1000026347-96x96.png 96w, https:\/\/ravensmoon.fr\/wp-content\/uploads\/2025\/02\/1000026347-42x42.png 42w, https:\/\/ravensmoon.fr\/wp-content\/uploads\/2025\/02\/1000026347.png 1080w\" sizes=\"(max-width: 300px) 100vw, 300px\" \/><\/div>\n\t\t\t\t\t<div class=\"wc-block-grid__product-title\">Astro<\/div>\n\t\t\t\t<\/a>\n\t\t\t\t<div class=\"wc-block-grid__product-price price\"><span class=\"woocommerce-Price-amount amount\">26,50&nbsp;<span class=\"woocommerce-Price-currencySymbol\">&euro;<\/span><\/span><\/div>\n\t\t\t\t<div class=\"wc-block-grid__product-rating\"><div class=\"star-rating\" role=\"img\" aria-label=\"Note 5.00 sur 5\"><span style=\"width:100%\">Not\u00e9 <strong class=\"rating\">5.00<\/strong> sur 5 bas\u00e9 sur <span class=\"rating\">1<\/span> notation client<\/span><\/div><\/div>\n\t\t\t\t<div class=\"wp-block-button wc-block-grid__product-add-to-cart\"><a href=\"https:\/\/ravensmoon.fr\/index.php\/produit\/astro\/\" aria-label=\"S\u00e9lectionner les options pour &ldquo;Astro&rdquo;\" data-quantity=\"1\" data-product_id=\"1511\" data-product_sku=\"\" data-price=\"26.5\" rel=\"nofollow\" class=\"wp-block-button__link  add_to_cart_button\">Choix des options<\/a><\/div>\n\t\t\t<\/li><li class=\"wc-block-grid__product\">\n\t\t\t\t<a href=\"https:\/\/ravensmoon.fr\/index.php\/produit\/coffret-esoterique\/\" class=\"wc-block-grid__product-link\">\n\t\t\t\t\t\n\t\t\t\t\t<div class=\"wc-block-grid__product-image\"><img loading=\"lazy\" decoding=\"async\" width=\"300\" height=\"300\" src=\"https:\/\/ravensmoon.fr\/wp-content\/uploads\/2026\/01\/16842-300x300.png\" class=\"attachment-woocommerce_thumbnail size-woocommerce_thumbnail\" alt=\"Coffret d&#039;Intentions\" srcset=\"https:\/\/ravensmoon.fr\/wp-content\/uploads\/2026\/01\/16842-300x300.png 300w, https:\/\/ravensmoon.fr\/wp-content\/uploads\/2026\/01\/16842-1024x1024.png 1024w, https:\/\/ravensmoon.fr\/wp-content\/uploads\/2026\/01\/16842-150x150.png 150w, https:\/\/ravensmoon.fr\/wp-content\/uploads\/2026\/01\/16842-768x768.png 768w, https:\/\/ravensmoon.fr\/wp-content\/uploads\/2026\/01\/16842-1536x1536.png 1536w, https:\/\/ravensmoon.fr\/wp-content\/uploads\/2026\/01\/16842-2048x2048.png 2048w, https:\/\/ravensmoon.fr\/wp-content\/uploads\/2026\/01\/16842-1320x1320.png 1320w, https:\/\/ravensmoon.fr\/wp-content\/uploads\/2026\/01\/16842-600x600.png 600w, https:\/\/ravensmoon.fr\/wp-content\/uploads\/2026\/01\/16842-100x100.png 100w, https:\/\/ravensmoon.fr\/wp-content\/uploads\/2026\/01\/16842-96x96.png 96w, https:\/\/ravensmoon.fr\/wp-content\/uploads\/2026\/01\/16842-42x42.png 42w\" sizes=\"(max-width: 300px) 100vw, 300px\" \/><\/div>\n\t\t\t\t\t<div class=\"wc-block-grid__product-title\">Coffret d&#8217;Intentions<\/div>\n\t\t\t\t<\/a>\n\t\t\t\t<div class=\"wc-block-grid__product-price price\"><span class=\"woocommerce-Price-amount amount\">33,00&nbsp;<span class=\"woocommerce-Price-currencySymbol\">&euro;<\/span><\/span><\/div>\n\t\t\t\t\n\t\t\t\t<div class=\"wp-block-button wc-block-grid__product-add-to-cart\"><a href=\"https:\/\/ravensmoon.fr\/index.php\/produit\/coffret-esoterique\/\" aria-label=\"S\u00e9lectionner les options pour &ldquo;Coffret d&#039;Intentions&rdquo;\" data-quantity=\"1\" data-product_id=\"1332\" data-product_sku=\"\" data-price=\"33\" rel=\"nofollow\" class=\"wp-block-button__link  add_to_cart_button\">Choix des options<\/a><\/div>\n\t\t\t<\/li><\/ul><\/div>\n\n\n<hr class=\"wp-block-separator has-alpha-channel-opacity\"\/>\n\n\n\n<p class=\"has-text-align-right\">TVA non-applicable, article 293 B du CGI.<\/p>\n","protected":false},"excerpt":{"rendered":"<p>TVA non-applicable, article 293 B du CGI.<\/p>\n","protected":false},"author":1,"featured_media":0,"parent":0,"menu_order":0,"comment_status":"closed","ping_status":"closed","template":"","meta":{"footnotes":""},"class_list":["post-116","page","type-page","status-publish","hentry"],"yoast_head":"<!-- This site is optimized with the Yoast SEO plugin v26.8 - https:\/\/yoast.com\/product\/yoast-seo-wordpress\/ -->\n<title>Raven&#039;s Moon - Cr\u00e9ation Bougies<\/title>\n<meta name=\"description\" content=\"Nous vous proposons diff\u00e9rents styles de bougies, confectionn\u00e9es \u00e0 la main, afin de vous de vous faire voyager au fil des saisons, ou de vous accompagner lors de vos rituels. La plupart de nos articles peuvent \u00eatre r\u00e9alis\u00e9s sur mesure, n\u2019h\u00e9sitez pas \u00e0 nous contacter !\" \/>\n<meta name=\"robots\" content=\"index, follow, max-snippet:-1, max-image-preview:large, max-video-preview:-1\" \/>\n<link rel=\"canonical\" href=\"https:\/\/ravensmoon.fr\/index.php\/bougies-esoteriques\/\" \/>\n<meta property=\"og:locale\" content=\"fr_FR\" \/>\n<meta property=\"og:type\" content=\"article\" \/>\n<meta property=\"og:title\" content=\"Raven&#039;s Moon - Cr\u00e9ation Bougies\" \/>\n<meta property=\"og:description\" content=\"Nous vous proposons diff\u00e9rents styles de bougies, confectionn\u00e9es \u00e0 la main, afin de vous de vous faire voyager au fil des saisons, ou de vous accompagner lors de vos rituels. La plupart de nos articles peuvent \u00eatre r\u00e9alis\u00e9s sur mesure, n\u2019h\u00e9sitez pas \u00e0 nous contacter !\" \/>\n<meta property=\"og:url\" content=\"https:\/\/ravensmoon.fr\/index.php\/bougies-esoteriques\/\" \/>\n<meta property=\"og:site_name\" content=\"Raven&#039;s Moon\" \/>\n<meta property=\"article:publisher\" content=\"https:\/\/www.facebook.com\/profile.php?id=61565761895747&amp;locale=fr_FR\" \/>\n<meta property=\"article:modified_time\" content=\"2025-02-14T14:53:50+00:00\" \/>\n<meta name=\"twitter:card\" content=\"summary_large_image\" \/>\n<meta name=\"twitter:label1\" content=\"Dur\u00e9e de lecture estim\u00e9e\" \/>\n\t<meta name=\"twitter:data1\" content=\"1 minute\" \/>\n<script type=\"application\/ld+json\" class=\"yoast-schema-graph\">{\"@context\":\"https:\/\/schema.org\",\"@graph\":[{\"@type\":\"WebPage\",\"@id\":\"https:\/\/ravensmoon.fr\/index.php\/bougies-esoteriques\/\",\"url\":\"https:\/\/ravensmoon.fr\/index.php\/bougies-esoteriques\/\",\"name\":\"Raven's Moon - Cr\u00e9ation Bougies\",\"isPartOf\":{\"@id\":\"https:\/\/ravensmoon.fr\/#website\"},\"datePublished\":\"2024-05-20T18:40:28+00:00\",\"dateModified\":\"2025-02-14T14:53:50+00:00\",\"description\":\"Nous vous proposons diff\u00e9rents styles de bougies, confectionn\u00e9es \u00e0 la main, afin de vous de vous faire voyager au fil des saisons, ou de vous accompagner lors de vos rituels. La plupart de nos articles peuvent \u00eatre r\u00e9alis\u00e9s sur mesure, n\u2019h\u00e9sitez pas \u00e0 nous contacter !\",\"breadcrumb\":{\"@id\":\"https:\/\/ravensmoon.fr\/index.php\/bougies-esoteriques\/#breadcrumb\"},\"inLanguage\":\"fr-FR\",\"potentialAction\":[{\"@type\":\"ReadAction\",\"target\":[\"https:\/\/ravensmoon.fr\/index.php\/bougies-esoteriques\/\"]}]},{\"@type\":\"BreadcrumbList\",\"@id\":\"https:\/\/ravensmoon.fr\/index.php\/bougies-esoteriques\/#breadcrumb\",\"itemListElement\":[{\"@type\":\"ListItem\",\"position\":1,\"name\":\"Accueil\",\"item\":\"https:\/\/ravensmoon.fr\/\"},{\"@type\":\"ListItem\",\"position\":2,\"name\":\"Collection Esot\u00e9rique\"}]},{\"@type\":\"WebSite\",\"@id\":\"https:\/\/ravensmoon.fr\/#website\",\"url\":\"https:\/\/ravensmoon.fr\/\",\"name\":\"Raven's Moon\",\"description\":\"\",\"publisher\":{\"@id\":\"https:\/\/ravensmoon.fr\/#organization\"},\"potentialAction\":[{\"@type\":\"SearchAction\",\"target\":{\"@type\":\"EntryPoint\",\"urlTemplate\":\"https:\/\/ravensmoon.fr\/?s={search_term_string}\"},\"query-input\":{\"@type\":\"PropertyValueSpecification\",\"valueRequired\":true,\"valueName\":\"search_term_string\"}}],\"inLanguage\":\"fr-FR\"},{\"@type\":\"Organization\",\"@id\":\"https:\/\/ravensmoon.fr\/#organization\",\"name\":\"Raven's Moon\",\"url\":\"https:\/\/ravensmoon.fr\/\",\"logo\":{\"@type\":\"ImageObject\",\"inLanguage\":\"fr-FR\",\"@id\":\"https:\/\/ravensmoon.fr\/#\/schema\/logo\/image\/\",\"url\":\"https:\/\/ravensmoon.fr\/wp-content\/uploads\/2024\/05\/cropped-cropped-cropped-Logossf-2.png\",\"contentUrl\":\"https:\/\/ravensmoon.fr\/wp-content\/uploads\/2024\/05\/cropped-cropped-cropped-Logossf-2.png\",\"width\":417,\"height\":337,\"caption\":\"Raven's Moon\"},\"image\":{\"@id\":\"https:\/\/ravensmoon.fr\/#\/schema\/logo\/image\/\"},\"sameAs\":[\"https:\/\/www.facebook.com\/profile.php?id=61565761895747&locale=fr_FR\",\"https:\/\/www.instagram.com\/raven_s_moon\"]}]}<\/script>\n<!-- \/ Yoast SEO plugin. -->","yoast_head_json":{"title":"Raven's Moon - Cr\u00e9ation Bougies","description":"Nous vous proposons diff\u00e9rents styles de bougies, confectionn\u00e9es \u00e0 la main, afin de vous de vous faire voyager au fil des saisons, ou de vous accompagner lors de vos rituels. La plupart de nos articles peuvent \u00eatre r\u00e9alis\u00e9s sur mesure, n\u2019h\u00e9sitez pas \u00e0 nous contacter !","robots":{"index":"index","follow":"follow","max-snippet":"max-snippet:-1","max-image-preview":"max-image-preview:large","max-video-preview":"max-video-preview:-1"},"canonical":"https:\/\/ravensmoon.fr\/index.php\/bougies-esoteriques\/","og_locale":"fr_FR","og_type":"article","og_title":"Raven's Moon - Cr\u00e9ation Bougies","og_description":"Nous vous proposons diff\u00e9rents styles de bougies, confectionn\u00e9es \u00e0 la main, afin de vous de vous faire voyager au fil des saisons, ou de vous accompagner lors de vos rituels. La plupart de nos articles peuvent \u00eatre r\u00e9alis\u00e9s sur mesure, n\u2019h\u00e9sitez pas \u00e0 nous contacter !","og_url":"https:\/\/ravensmoon.fr\/index.php\/bougies-esoteriques\/","og_site_name":"Raven&#039;s Moon","article_publisher":"https:\/\/www.facebook.com\/profile.php?id=61565761895747&locale=fr_FR","article_modified_time":"2025-02-14T14:53:50+00:00","twitter_card":"summary_large_image","twitter_misc":{"Dur\u00e9e de lecture estim\u00e9e":"1 minute"},"schema":{"@context":"https:\/\/schema.org","@graph":[{"@type":"WebPage","@id":"https:\/\/ravensmoon.fr\/index.php\/bougies-esoteriques\/","url":"https:\/\/ravensmoon.fr\/index.php\/bougies-esoteriques\/","name":"Raven's Moon - Cr\u00e9ation Bougies","isPartOf":{"@id":"https:\/\/ravensmoon.fr\/#website"},"datePublished":"2024-05-20T18:40:28+00:00","dateModified":"2025-02-14T14:53:50+00:00","description":"Nous vous proposons diff\u00e9rents styles de bougies, confectionn\u00e9es \u00e0 la main, afin de vous de vous faire voyager au fil des saisons, ou de vous accompagner lors de vos rituels. La plupart de nos articles peuvent \u00eatre r\u00e9alis\u00e9s sur mesure, n\u2019h\u00e9sitez pas \u00e0 nous contacter !","breadcrumb":{"@id":"https:\/\/ravensmoon.fr\/index.php\/bougies-esoteriques\/#breadcrumb"},"inLanguage":"fr-FR","potentialAction":[{"@type":"ReadAction","target":["https:\/\/ravensmoon.fr\/index.php\/bougies-esoteriques\/"]}]},{"@type":"BreadcrumbList","@id":"https:\/\/ravensmoon.fr\/index.php\/bougies-esoteriques\/#breadcrumb","itemListElement":[{"@type":"ListItem","position":1,"name":"Accueil","item":"https:\/\/ravensmoon.fr\/"},{"@type":"ListItem","position":2,"name":"Collection Esot\u00e9rique"}]},{"@type":"WebSite","@id":"https:\/\/ravensmoon.fr\/#website","url":"https:\/\/ravensmoon.fr\/","name":"Raven's Moon","description":"","publisher":{"@id":"https:\/\/ravensmoon.fr\/#organization"},"potentialAction":[{"@type":"SearchAction","target":{"@type":"EntryPoint","urlTemplate":"https:\/\/ravensmoon.fr\/?s={search_term_string}"},"query-input":{"@type":"PropertyValueSpecification","valueRequired":true,"valueName":"search_term_string"}}],"inLanguage":"fr-FR"},{"@type":"Organization","@id":"https:\/\/ravensmoon.fr\/#organization","name":"Raven's Moon","url":"https:\/\/ravensmoon.fr\/","logo":{"@type":"ImageObject","inLanguage":"fr-FR","@id":"https:\/\/ravensmoon.fr\/#\/schema\/logo\/image\/","url":"https:\/\/ravensmoon.fr\/wp-content\/uploads\/2024\/05\/cropped-cropped-cropped-Logossf-2.png","contentUrl":"https:\/\/ravensmoon.fr\/wp-content\/uploads\/2024\/05\/cropped-cropped-cropped-Logossf-2.png","width":417,"height":337,"caption":"Raven's Moon"},"image":{"@id":"https:\/\/ravensmoon.fr\/#\/schema\/logo\/image\/"},"sameAs":["https:\/\/www.facebook.com\/profile.php?id=61565761895747&locale=fr_FR","https:\/\/www.instagram.com\/raven_s_moon"]}]}},"jetpack_sharing_enabled":true,"_links":{"self":[{"href":"https:\/\/ravensmoon.fr\/index.php\/wp-json\/wp\/v2\/pages\/116","targetHints":{"allow":["GET"]}}],"collection":[{"href":"https:\/\/ravensmoon.fr\/index.php\/wp-json\/wp\/v2\/pages"}],"about":[{"href":"https:\/\/ravensmoon.fr\/index.php\/wp-json\/wp\/v2\/types\/page"}],"author":[{"embeddable":true,"href":"https:\/\/ravensmoon.fr\/index.php\/wp-json\/wp\/v2\/users\/1"}],"replies":[{"embeddable":true,"href":"https:\/\/ravensmoon.fr\/index.php\/wp-json\/wp\/v2\/comments?post=116"}],"version-history":[{"count":11,"href":"https:\/\/ravensmoon.fr\/index.php\/wp-json\/wp\/v2\/pages\/116\/revisions"}],"predecessor-version":[{"id":2694,"href":"https:\/\/ravensmoon.fr\/index.php\/wp-json\/wp\/v2\/pages\/116\/revisions\/2694"}],"wp:attachment":[{"href":"https:\/\/ravensmoon.fr\/index.php\/wp-json\/wp\/v2\/media?parent=116"}],"curies":[{"name":"wp","href":"https:\/\/api.w.org\/{rel}","templated":true}]}}