{"id":1368,"date":"2024-12-09T17:16:03","date_gmt":"2024-12-09T16:16:03","guid":{"rendered":"https:\/\/ravensmoon.fr\/?page_id=1368"},"modified":"2025-01-06T07:10:03","modified_gmt":"2025-01-06T06:10:03","slug":"qui-sommes-nous","status":"publish","type":"page","link":"https:\/\/ravensmoon.fr\/index.php\/qui-sommes-nous\/","title":{"rendered":"A propos de &#8230;"},"content":{"rendered":"\t\t<div data-elementor-type=\"wp-page\" data-elementor-id=\"1368\" class=\"elementor elementor-1368\">\n\t\t\t\t<div class=\"elementor-element elementor-element-9aab3bb e-grid e-con-boxed e-con e-parent\" data-id=\"9aab3bb\" data-element_type=\"container\">\n\t\t\t\t\t<div class=\"e-con-inner\">\n\t\t\t\t<div class=\"elementor-element elementor-element-60ba07c elementor-widget elementor-widget-text-editor\" data-id=\"60ba07c\" data-element_type=\"widget\" data-widget_type=\"text-editor.default\">\n\t\t\t\t<div class=\"elementor-widget-container\">\n\t\t\t\t\t\t\t\t\t<p><strong>Nous?<\/strong><\/p>\n<p>Salut!!!&nbsp;<\/p><p>Nous, c&#8217;est Floriane et Vincent, ravis de vous conna\u00eetre!<\/p>\n<p>Associ\u00e9s dans le vie de tous les jours comme au travail et a<span style=\"font-family: var( --e-global-typography-text-font-family ), Sans-serif; font-weight: var( --e-global-typography-text-font-weight ); text-align: var(--text-align); font-size: 1rem;\">pr\u00e8s des ann\u00e9es \u00e0 travailler dans diff\u00e9rents milieux (m\u00e9dical, sport&#8230;),nous avons voulu tenter l&#8217;exp\u00e9rience de monter notre soci\u00e9t\u00e9 de cr\u00e9ation de bougies artisanales et nous nous sommes lanc\u00e9s en septembre 2024.<\/span><\/p>\n<p>Nous imaginons et cr\u00e9ons nous m\u00eames nos bougies, au c\u0153ur du Vexin fran\u00e7ais, avec une attention particuli\u00e8re concernant les produits utilis\u00e9s.<\/p>\t\t\t\t\t\t\t\t<\/div>\n\t\t\t\t<\/div>\n\t\t\t\t<div class=\"elementor-element elementor-element-fc9cce0 elementor-widget elementor-widget-text-editor\" data-id=\"fc9cce0\" data-element_type=\"widget\" data-widget_type=\"text-editor.default\">\n\t\t\t\t<div class=\"elementor-widget-container\">\n\t\t\t\t\t\t\t\t\t<p><strong>La gamme caritative?<\/strong><\/p><p>Par notre v\u00e9cu, nous avons toujours consid\u00e9r\u00e9 qu&#8217;il \u00e9tait important d&#8217;aider les autres. Il \u00e9tait donc logique pour nous que la vente de nos bougies puisse servir \u00e0 des causes nous tenant \u00e0 c\u0153ur.<\/p><p>C&#8217;est pourquoi nous avons mis une gamme caritative en place, qui permet de faire des dons \u00e0 2 associations.<\/p><p>Nous travaillons en permanence avec LA CAPE, association aidant les personnes atteintes de l&#8217;ESPT (\u00e9tat de stress post-traumatique).<\/p><p>Et nous travaillons \u00e9galement avec une autre association de mani\u00e8re plus \u00e9ph\u00e9m\u00e8re, pour un ou plusieurs mois (retrouvez toutes les informations dans notre onglet &#8220;Bougies caritatives&#8221;).<\/p>\t\t\t\t\t\t\t\t<\/div>\n\t\t\t\t<\/div>\n\t\t\t\t\t<\/div>\n\t\t\t\t<\/div>\n\t\t<div class=\"elementor-element elementor-element-71dc838 e-grid e-con-boxed e-con e-parent\" data-id=\"71dc838\" data-element_type=\"container\">\n\t\t\t\t\t<div class=\"e-con-inner\">\n\t\t\t\t<div class=\"elementor-element elementor-element-a13819b elementor-widget elementor-widget-text-editor\" data-id=\"a13819b\" data-element_type=\"widget\" data-widget_type=\"text-editor.default\">\n\t\t\t\t<div class=\"elementor-widget-container\">\n\t\t\t\t\t\t\t\t\t<p><strong>Des cires ?<\/strong><\/p>\n<p>Nous utilisons des cires 100% v\u00e9g\u00e9tales, soja et colza, sans trace d&#8217;OGM.<\/p>\n<p>Ces cires sont garanties non toxiques, respectueuses de l&#8217;environnement et&nbsp; sans cruaut\u00e9 animale.<\/p>\t\t\t\t\t\t\t\t<\/div>\n\t\t\t\t<\/div>\n\t\t\t\t<div class=\"elementor-element elementor-element-f34d8a4 elementor-widget elementor-widget-text-editor\" data-id=\"f34d8a4\" data-element_type=\"widget\" data-widget_type=\"text-editor.default\">\n\t\t\t\t<div class=\"elementor-widget-container\">\n\t\t\t\t\t\t\t\t\t<p><strong>Des parfums ?<\/strong><\/p>\n<p>Nous utilisons des parfums fabriqu\u00e9s \u00e0 Grasse, par des ma\u00eetres parfumeurs, qui respectent les normes fran\u00e7aises et europ\u00e9ennes.<\/p>\n<p>Aucun parfum n&#8217;est test\u00e9 sur les animaux.<\/p>\n<p>Les parfums sont garantis sans phtalates et ne contiennent pas de substance CMR (canc\u00e9rog\u00e8ne, mutag\u00e8ne et toxique pour la reproduction).<\/p>\t\t\t\t\t\t\t\t<\/div>\n\t\t\t\t<\/div>\n\t\t\t\t<div class=\"elementor-element elementor-element-ded3f9d elementor-widget elementor-widget-text-editor\" data-id=\"ded3f9d\" data-element_type=\"widget\" data-widget_type=\"text-editor.default\">\n\t\t\t\t<div class=\"elementor-widget-container\">\n\t\t\t\t\t\t\t\t\t<p><strong>Nos cr\u00e9ations ?<\/strong><\/p>\n<p>Nous cr\u00e9ons et fabriquons nos bougies nous m\u00eame, de fa\u00e7on artisanale!<\/p>\n<p>Nous vous proposons plusieurs collections dans l&#8217;ann\u00e9e, avec des bougies selon les saisons.<\/p>\n<p>Nous vous proposons \u00e9galement une gamme \u00e9sot\u00e9rique, con\u00e7ue et fabriqu\u00e9e par Vincent dans le respect des croyances pa\u00efennes.<\/p>\t\t\t\t\t\t\t\t<\/div>\n\t\t\t\t<\/div>\n\t\t\t\t<div class=\"elementor-element elementor-element-5eefd3c elementor-widget elementor-widget-text-editor\" data-id=\"5eefd3c\" data-element_type=\"widget\" data-widget_type=\"text-editor.default\">\n\t\t\t\t<div class=\"elementor-widget-container\">\n\t\t\t\t\t\t\t\t\t<p><strong>Nos projets sur mesure ?<\/strong><\/p><p>Nous avons d\u00e9velopp\u00e9 les projets sur mesure, pour pouvoir cr\u00e9er une bougie personnalis\u00e9e selon vos souhaits.<\/p><p>Pour nous, c&#8217;est un vrai plaisir de faire ces bougies, sachant qu&#8217;elles seront uniques et plairont \u00e0 100% \u00e0 nos clients!<\/p>\t\t\t\t\t\t\t\t<\/div>\n\t\t\t\t<\/div>\n\t\t\t\t\t<\/div>\n\t\t\t\t<\/div>\n\t\t\t\t<\/div>\n\t\t","protected":false},"excerpt":{"rendered":"<p>Nous? Salut!!!&nbsp; Nous, c&#8217;est Floriane et Vincent, ravis de vous conna\u00eetre! Associ\u00e9s dans le vie de tous les jours comme au travail et apr\u00e8s des ann\u00e9es \u00e0 travailler dans diff\u00e9rents milieux (m\u00e9dical, sport&#8230;),nous avons voulu tenter l&#8217;exp\u00e9rience de monter notre soci\u00e9t\u00e9 de cr\u00e9ation de bougies artisanales et nous nous sommes lanc\u00e9s en septembre 2024. Nous [&hellip;]<\/p>\n","protected":false},"author":1,"featured_media":0,"parent":0,"menu_order":0,"comment_status":"closed","ping_status":"closed","template":"","meta":{"footnotes":""},"class_list":["post-1368","page","type-page","status-publish","hentry"],"yoast_head":"<!-- This site is optimized with the Yoast SEO plugin v26.8 - https:\/\/yoast.com\/product\/yoast-seo-wordpress\/ -->\n<title>Raven&#039;s Moon - Cr\u00e9ation Bougies<\/title>\n<meta name=\"description\" content=\"Nous vous proposons diff\u00e9rents styles de bougies, confectionn\u00e9es \u00e0 la main, afin de vous de vous faire voyager au fil des saisons, ou de vous accompagner lors de vos rituels. La plupart de nos articles peuvent \u00eatre r\u00e9alis\u00e9s sur mesure, n\u2019h\u00e9sitez pas \u00e0 nous contacter !\" \/>\n<meta name=\"robots\" content=\"index, follow, max-snippet:-1, max-image-preview:large, max-video-preview:-1\" \/>\n<link rel=\"canonical\" href=\"https:\/\/ravensmoon.fr\/index.php\/qui-sommes-nous\/\" \/>\n<meta property=\"og:locale\" content=\"fr_FR\" \/>\n<meta property=\"og:type\" content=\"article\" \/>\n<meta property=\"og:title\" content=\"Raven&#039;s Moon - Cr\u00e9ation Bougies\" \/>\n<meta property=\"og:description\" content=\"Nous vous proposons diff\u00e9rents styles de bougies, confectionn\u00e9es \u00e0 la main, afin de vous de vous faire voyager au fil des saisons, ou de vous accompagner lors de vos rituels. La plupart de nos articles peuvent \u00eatre r\u00e9alis\u00e9s sur mesure, n\u2019h\u00e9sitez pas \u00e0 nous contacter !\" \/>\n<meta property=\"og:url\" content=\"https:\/\/ravensmoon.fr\/index.php\/qui-sommes-nous\/\" \/>\n<meta property=\"og:site_name\" content=\"Raven&#039;s Moon\" \/>\n<meta property=\"article:publisher\" content=\"https:\/\/www.facebook.com\/profile.php?id=61565761895747&amp;locale=fr_FR\" \/>\n<meta property=\"article:modified_time\" content=\"2025-01-06T06:10:03+00:00\" \/>\n<meta name=\"twitter:card\" content=\"summary_large_image\" \/>\n<meta name=\"twitter:label1\" content=\"Dur\u00e9e de lecture estim\u00e9e\" \/>\n\t<meta name=\"twitter:data1\" content=\"2 minutes\" \/>\n<script type=\"application\/ld+json\" class=\"yoast-schema-graph\">{\"@context\":\"https:\/\/schema.org\",\"@graph\":[{\"@type\":\"WebPage\",\"@id\":\"https:\/\/ravensmoon.fr\/index.php\/qui-sommes-nous\/\",\"url\":\"https:\/\/ravensmoon.fr\/index.php\/qui-sommes-nous\/\",\"name\":\"Raven's Moon - Cr\u00e9ation Bougies\",\"isPartOf\":{\"@id\":\"https:\/\/ravensmoon.fr\/#website\"},\"datePublished\":\"2024-12-09T16:16:03+00:00\",\"dateModified\":\"2025-01-06T06:10:03+00:00\",\"description\":\"Nous vous proposons diff\u00e9rents styles de bougies, confectionn\u00e9es \u00e0 la main, afin de vous de vous faire voyager au fil des saisons, ou de vous accompagner lors de vos rituels. La plupart de nos articles peuvent \u00eatre r\u00e9alis\u00e9s sur mesure, n\u2019h\u00e9sitez pas \u00e0 nous contacter !\",\"breadcrumb\":{\"@id\":\"https:\/\/ravensmoon.fr\/index.php\/qui-sommes-nous\/#breadcrumb\"},\"inLanguage\":\"fr-FR\",\"potentialAction\":[{\"@type\":\"ReadAction\",\"target\":[\"https:\/\/ravensmoon.fr\/index.php\/qui-sommes-nous\/\"]}]},{\"@type\":\"BreadcrumbList\",\"@id\":\"https:\/\/ravensmoon.fr\/index.php\/qui-sommes-nous\/#breadcrumb\",\"itemListElement\":[{\"@type\":\"ListItem\",\"position\":1,\"name\":\"Accueil\",\"item\":\"https:\/\/ravensmoon.fr\/\"},{\"@type\":\"ListItem\",\"position\":2,\"name\":\"A propos de &#8230;\"}]},{\"@type\":\"WebSite\",\"@id\":\"https:\/\/ravensmoon.fr\/#website\",\"url\":\"https:\/\/ravensmoon.fr\/\",\"name\":\"Raven's Moon\",\"description\":\"\",\"publisher\":{\"@id\":\"https:\/\/ravensmoon.fr\/#organization\"},\"potentialAction\":[{\"@type\":\"SearchAction\",\"target\":{\"@type\":\"EntryPoint\",\"urlTemplate\":\"https:\/\/ravensmoon.fr\/?s={search_term_string}\"},\"query-input\":{\"@type\":\"PropertyValueSpecification\",\"valueRequired\":true,\"valueName\":\"search_term_string\"}}],\"inLanguage\":\"fr-FR\"},{\"@type\":\"Organization\",\"@id\":\"https:\/\/ravensmoon.fr\/#organization\",\"name\":\"Raven's Moon\",\"url\":\"https:\/\/ravensmoon.fr\/\",\"logo\":{\"@type\":\"ImageObject\",\"inLanguage\":\"fr-FR\",\"@id\":\"https:\/\/ravensmoon.fr\/#\/schema\/logo\/image\/\",\"url\":\"https:\/\/ravensmoon.fr\/wp-content\/uploads\/2024\/05\/cropped-cropped-cropped-Logossf-2.png\",\"contentUrl\":\"https:\/\/ravensmoon.fr\/wp-content\/uploads\/2024\/05\/cropped-cropped-cropped-Logossf-2.png\",\"width\":417,\"height\":337,\"caption\":\"Raven's Moon\"},\"image\":{\"@id\":\"https:\/\/ravensmoon.fr\/#\/schema\/logo\/image\/\"},\"sameAs\":[\"https:\/\/www.facebook.com\/profile.php?id=61565761895747&locale=fr_FR\",\"https:\/\/www.instagram.com\/raven_s_moon\"]}]}<\/script>\n<!-- \/ Yoast SEO plugin. -->","yoast_head_json":{"title":"Raven's Moon - Cr\u00e9ation Bougies","description":"Nous vous proposons diff\u00e9rents styles de bougies, confectionn\u00e9es \u00e0 la main, afin de vous de vous faire voyager au fil des saisons, ou de vous accompagner lors de vos rituels. La plupart de nos articles peuvent \u00eatre r\u00e9alis\u00e9s sur mesure, n\u2019h\u00e9sitez pas \u00e0 nous contacter !","robots":{"index":"index","follow":"follow","max-snippet":"max-snippet:-1","max-image-preview":"max-image-preview:large","max-video-preview":"max-video-preview:-1"},"canonical":"https:\/\/ravensmoon.fr\/index.php\/qui-sommes-nous\/","og_locale":"fr_FR","og_type":"article","og_title":"Raven's Moon - Cr\u00e9ation Bougies","og_description":"Nous vous proposons diff\u00e9rents styles de bougies, confectionn\u00e9es \u00e0 la main, afin de vous de vous faire voyager au fil des saisons, ou de vous accompagner lors de vos rituels. La plupart de nos articles peuvent \u00eatre r\u00e9alis\u00e9s sur mesure, n\u2019h\u00e9sitez pas \u00e0 nous contacter !","og_url":"https:\/\/ravensmoon.fr\/index.php\/qui-sommes-nous\/","og_site_name":"Raven&#039;s Moon","article_publisher":"https:\/\/www.facebook.com\/profile.php?id=61565761895747&locale=fr_FR","article_modified_time":"2025-01-06T06:10:03+00:00","twitter_card":"summary_large_image","twitter_misc":{"Dur\u00e9e de lecture estim\u00e9e":"2 minutes"},"schema":{"@context":"https:\/\/schema.org","@graph":[{"@type":"WebPage","@id":"https:\/\/ravensmoon.fr\/index.php\/qui-sommes-nous\/","url":"https:\/\/ravensmoon.fr\/index.php\/qui-sommes-nous\/","name":"Raven's Moon - Cr\u00e9ation Bougies","isPartOf":{"@id":"https:\/\/ravensmoon.fr\/#website"},"datePublished":"2024-12-09T16:16:03+00:00","dateModified":"2025-01-06T06:10:03+00:00","description":"Nous vous proposons diff\u00e9rents styles de bougies, confectionn\u00e9es \u00e0 la main, afin de vous de vous faire voyager au fil des saisons, ou de vous accompagner lors de vos rituels. La plupart de nos articles peuvent \u00eatre r\u00e9alis\u00e9s sur mesure, n\u2019h\u00e9sitez pas \u00e0 nous contacter !","breadcrumb":{"@id":"https:\/\/ravensmoon.fr\/index.php\/qui-sommes-nous\/#breadcrumb"},"inLanguage":"fr-FR","potentialAction":[{"@type":"ReadAction","target":["https:\/\/ravensmoon.fr\/index.php\/qui-sommes-nous\/"]}]},{"@type":"BreadcrumbList","@id":"https:\/\/ravensmoon.fr\/index.php\/qui-sommes-nous\/#breadcrumb","itemListElement":[{"@type":"ListItem","position":1,"name":"Accueil","item":"https:\/\/ravensmoon.fr\/"},{"@type":"ListItem","position":2,"name":"A propos de &#8230;"}]},{"@type":"WebSite","@id":"https:\/\/ravensmoon.fr\/#website","url":"https:\/\/ravensmoon.fr\/","name":"Raven's Moon","description":"","publisher":{"@id":"https:\/\/ravensmoon.fr\/#organization"},"potentialAction":[{"@type":"SearchAction","target":{"@type":"EntryPoint","urlTemplate":"https:\/\/ravensmoon.fr\/?s={search_term_string}"},"query-input":{"@type":"PropertyValueSpecification","valueRequired":true,"valueName":"search_term_string"}}],"inLanguage":"fr-FR"},{"@type":"Organization","@id":"https:\/\/ravensmoon.fr\/#organization","name":"Raven's Moon","url":"https:\/\/ravensmoon.fr\/","logo":{"@type":"ImageObject","inLanguage":"fr-FR","@id":"https:\/\/ravensmoon.fr\/#\/schema\/logo\/image\/","url":"https:\/\/ravensmoon.fr\/wp-content\/uploads\/2024\/05\/cropped-cropped-cropped-Logossf-2.png","contentUrl":"https:\/\/ravensmoon.fr\/wp-content\/uploads\/2024\/05\/cropped-cropped-cropped-Logossf-2.png","width":417,"height":337,"caption":"Raven's Moon"},"image":{"@id":"https:\/\/ravensmoon.fr\/#\/schema\/logo\/image\/"},"sameAs":["https:\/\/www.facebook.com\/profile.php?id=61565761895747&locale=fr_FR","https:\/\/www.instagram.com\/raven_s_moon"]}]}},"jetpack_sharing_enabled":true,"_links":{"self":[{"href":"https:\/\/ravensmoon.fr\/index.php\/wp-json\/wp\/v2\/pages\/1368","targetHints":{"allow":["GET"]}}],"collection":[{"href":"https:\/\/ravensmoon.fr\/index.php\/wp-json\/wp\/v2\/pages"}],"about":[{"href":"https:\/\/ravensmoon.fr\/index.php\/wp-json\/wp\/v2\/types\/page"}],"author":[{"embeddable":true,"href":"https:\/\/ravensmoon.fr\/index.php\/wp-json\/wp\/v2\/users\/1"}],"replies":[{"embeddable":true,"href":"https:\/\/ravensmoon.fr\/index.php\/wp-json\/wp\/v2\/comments?post=1368"}],"version-history":[{"count":18,"href":"https:\/\/ravensmoon.fr\/index.php\/wp-json\/wp\/v2\/pages\/1368\/revisions"}],"predecessor-version":[{"id":1458,"href":"https:\/\/ravensmoon.fr\/index.php\/wp-json\/wp\/v2\/pages\/1368\/revisions\/1458"}],"wp:attachment":[{"href":"https:\/\/ravensmoon.fr\/index.php\/wp-json\/wp\/v2\/media?parent=1368"}],"curies":[{"name":"wp","href":"https:\/\/api.w.org\/{rel}","templated":true}]}}