{"id":16,"date":"2024-05-20T19:36:03","date_gmt":"2024-05-20T17:36:03","guid":{"rendered":"https:\/\/ravensmoon.fr\/index.php\/mon-compte\/"},"modified":"2024-05-21T13:10:24","modified_gmt":"2024-05-21T11:10:24","slug":"mon-compte","status":"publish","type":"page","link":"https:\/\/ravensmoon.fr\/index.php\/mon-compte\/","title":{"rendered":"Mon compte"},"content":{"rendered":"<div class=\"woocommerce\"><\/div>\n","protected":false},"excerpt":{"rendered":"","protected":false},"author":1,"featured_media":0,"parent":0,"menu_order":0,"comment_status":"closed","ping_status":"closed","template":"","meta":{"footnotes":""},"class_list":["post-16","page","type-page","status-publish","hentry"],"yoast_head":"<!-- This site is optimized with the Yoast SEO plugin v27.4 - https:\/\/yoast.com\/product\/yoast-seo-wordpress\/ -->\n<title>Raven&#039;s Moon - Cr\u00e9ation Bougies<\/title>\n<meta name=\"description\" content=\"Nous vous proposons diff\u00e9rents styles de bougies, confectionn\u00e9es \u00e0 la main, afin de vous de vous faire voyager au fil des saisons, ou de vous accompagner lors de vos rituels. La plupart de nos articles peuvent \u00eatre r\u00e9alis\u00e9s sur mesure, n\u2019h\u00e9sitez pas \u00e0 nous contacter !\" \/>\n<meta name=\"robots\" content=\"index, follow, max-snippet:-1, max-image-preview:large, max-video-preview:-1\" \/>\n<link rel=\"canonical\" href=\"https:\/\/ravensmoon.fr\/index.php\/mon-compte\/\" \/>\n<meta property=\"og:locale\" content=\"fr_FR\" \/>\n<meta property=\"og:type\" content=\"article\" \/>\n<meta property=\"og:title\" content=\"Raven&#039;s Moon - Cr\u00e9ation Bougies\" \/>\n<meta property=\"og:description\" content=\"Nous vous proposons diff\u00e9rents styles de bougies, confectionn\u00e9es \u00e0 la main, afin de vous de vous faire voyager au fil des saisons, ou de vous accompagner lors de vos rituels. La plupart de nos articles peuvent \u00eatre r\u00e9alis\u00e9s sur mesure, n\u2019h\u00e9sitez pas \u00e0 nous contacter !\" \/>\n<meta property=\"og:url\" content=\"https:\/\/ravensmoon.fr\/index.php\/mon-compte\/\" \/>\n<meta property=\"og:site_name\" content=\"Raven&#039;s Moon\" \/>\n<meta property=\"article:publisher\" content=\"https:\/\/www.facebook.com\/profile.php?id=61565761895747&amp;locale=fr_FR\" \/>\n<meta property=\"article:modified_time\" content=\"2024-05-21T11:10:24+00:00\" \/>\n<meta name=\"twitter:card\" content=\"summary_large_image\" \/>\n<script type=\"application\/ld+json\" class=\"yoast-schema-graph\">{\"@context\":\"https:\\\/\\\/schema.org\",\"@graph\":[{\"@type\":\"WebPage\",\"@id\":\"https:\\\/\\\/ravensmoon.fr\\\/index.php\\\/mon-compte\\\/\",\"url\":\"https:\\\/\\\/ravensmoon.fr\\\/index.php\\\/mon-compte\\\/\",\"name\":\"Raven's Moon - Cr\u00e9ation Bougies\",\"isPartOf\":{\"@id\":\"https:\\\/\\\/ravensmoon.fr\\\/#website\"},\"datePublished\":\"2024-05-20T17:36:03+00:00\",\"dateModified\":\"2024-05-21T11:10:24+00:00\",\"description\":\"Nous vous proposons diff\u00e9rents styles de bougies, confectionn\u00e9es \u00e0 la main, afin de vous de vous faire voyager au fil des saisons, ou de vous accompagner lors de vos rituels. La plupart de nos articles peuvent \u00eatre r\u00e9alis\u00e9s sur mesure, n\u2019h\u00e9sitez pas \u00e0 nous contacter !\",\"breadcrumb\":{\"@id\":\"https:\\\/\\\/ravensmoon.fr\\\/index.php\\\/mon-compte\\\/#breadcrumb\"},\"inLanguage\":\"fr-FR\",\"potentialAction\":[{\"@type\":\"ReadAction\",\"target\":[\"https:\\\/\\\/ravensmoon.fr\\\/index.php\\\/mon-compte\\\/\"]}]},{\"@type\":\"BreadcrumbList\",\"@id\":\"https:\\\/\\\/ravensmoon.fr\\\/index.php\\\/mon-compte\\\/#breadcrumb\",\"itemListElement\":[{\"@type\":\"ListItem\",\"position\":1,\"name\":\"Accueil\",\"item\":\"https:\\\/\\\/ravensmoon.fr\\\/\"},{\"@type\":\"ListItem\",\"position\":2,\"name\":\"Mon compte\"}]},{\"@type\":\"WebSite\",\"@id\":\"https:\\\/\\\/ravensmoon.fr\\\/#website\",\"url\":\"https:\\\/\\\/ravensmoon.fr\\\/\",\"name\":\"Raven's Moon\",\"description\":\"\",\"publisher\":{\"@id\":\"https:\\\/\\\/ravensmoon.fr\\\/#organization\"},\"potentialAction\":[{\"@type\":\"SearchAction\",\"target\":{\"@type\":\"EntryPoint\",\"urlTemplate\":\"https:\\\/\\\/ravensmoon.fr\\\/?s={search_term_string}\"},\"query-input\":{\"@type\":\"PropertyValueSpecification\",\"valueRequired\":true,\"valueName\":\"search_term_string\"}}],\"inLanguage\":\"fr-FR\"},{\"@type\":\"Organization\",\"@id\":\"https:\\\/\\\/ravensmoon.fr\\\/#organization\",\"name\":\"Raven's Moon\",\"url\":\"https:\\\/\\\/ravensmoon.fr\\\/\",\"logo\":{\"@type\":\"ImageObject\",\"inLanguage\":\"fr-FR\",\"@id\":\"https:\\\/\\\/ravensmoon.fr\\\/#\\\/schema\\\/logo\\\/image\\\/\",\"url\":\"https:\\\/\\\/ravensmoon.fr\\\/wp-content\\\/uploads\\\/2024\\\/05\\\/cropped-cropped-cropped-Logossf-2.png\",\"contentUrl\":\"https:\\\/\\\/ravensmoon.fr\\\/wp-content\\\/uploads\\\/2024\\\/05\\\/cropped-cropped-cropped-Logossf-2.png\",\"width\":417,\"height\":337,\"caption\":\"Raven's Moon\"},\"image\":{\"@id\":\"https:\\\/\\\/ravensmoon.fr\\\/#\\\/schema\\\/logo\\\/image\\\/\"},\"sameAs\":[\"https:\\\/\\\/www.facebook.com\\\/profile.php?id=61565761895747&locale=fr_FR\",\"https:\\\/\\\/www.instagram.com\\\/raven_s_moon\"]}]}<\/script>\n<!-- \/ Yoast SEO plugin. -->","yoast_head_json":{"title":"Raven's Moon - Cr\u00e9ation Bougies","description":"Nous vous proposons diff\u00e9rents styles de bougies, confectionn\u00e9es \u00e0 la main, afin de vous de vous faire voyager au fil des saisons, ou de vous accompagner lors de vos rituels. La plupart de nos articles peuvent \u00eatre r\u00e9alis\u00e9s sur mesure, n\u2019h\u00e9sitez pas \u00e0 nous contacter !","robots":{"index":"index","follow":"follow","max-snippet":"max-snippet:-1","max-image-preview":"max-image-preview:large","max-video-preview":"max-video-preview:-1"},"canonical":"https:\/\/ravensmoon.fr\/index.php\/mon-compte\/","og_locale":"fr_FR","og_type":"article","og_title":"Raven's Moon - Cr\u00e9ation Bougies","og_description":"Nous vous proposons diff\u00e9rents styles de bougies, confectionn\u00e9es \u00e0 la main, afin de vous de vous faire voyager au fil des saisons, ou de vous accompagner lors de vos rituels. La plupart de nos articles peuvent \u00eatre r\u00e9alis\u00e9s sur mesure, n\u2019h\u00e9sitez pas \u00e0 nous contacter !","og_url":"https:\/\/ravensmoon.fr\/index.php\/mon-compte\/","og_site_name":"Raven&#039;s Moon","article_publisher":"https:\/\/www.facebook.com\/profile.php?id=61565761895747&locale=fr_FR","article_modified_time":"2024-05-21T11:10:24+00:00","twitter_card":"summary_large_image","schema":{"@context":"https:\/\/schema.org","@graph":[{"@type":"WebPage","@id":"https:\/\/ravensmoon.fr\/index.php\/mon-compte\/","url":"https:\/\/ravensmoon.fr\/index.php\/mon-compte\/","name":"Raven's Moon - Cr\u00e9ation Bougies","isPartOf":{"@id":"https:\/\/ravensmoon.fr\/#website"},"datePublished":"2024-05-20T17:36:03+00:00","dateModified":"2024-05-21T11:10:24+00:00","description":"Nous vous proposons diff\u00e9rents styles de bougies, confectionn\u00e9es \u00e0 la main, afin de vous de vous faire voyager au fil des saisons, ou de vous accompagner lors de vos rituels. La plupart de nos articles peuvent \u00eatre r\u00e9alis\u00e9s sur mesure, n\u2019h\u00e9sitez pas \u00e0 nous contacter !","breadcrumb":{"@id":"https:\/\/ravensmoon.fr\/index.php\/mon-compte\/#breadcrumb"},"inLanguage":"fr-FR","potentialAction":[{"@type":"ReadAction","target":["https:\/\/ravensmoon.fr\/index.php\/mon-compte\/"]}]},{"@type":"BreadcrumbList","@id":"https:\/\/ravensmoon.fr\/index.php\/mon-compte\/#breadcrumb","itemListElement":[{"@type":"ListItem","position":1,"name":"Accueil","item":"https:\/\/ravensmoon.fr\/"},{"@type":"ListItem","position":2,"name":"Mon compte"}]},{"@type":"WebSite","@id":"https:\/\/ravensmoon.fr\/#website","url":"https:\/\/ravensmoon.fr\/","name":"Raven's Moon","description":"","publisher":{"@id":"https:\/\/ravensmoon.fr\/#organization"},"potentialAction":[{"@type":"SearchAction","target":{"@type":"EntryPoint","urlTemplate":"https:\/\/ravensmoon.fr\/?s={search_term_string}"},"query-input":{"@type":"PropertyValueSpecification","valueRequired":true,"valueName":"search_term_string"}}],"inLanguage":"fr-FR"},{"@type":"Organization","@id":"https:\/\/ravensmoon.fr\/#organization","name":"Raven's Moon","url":"https:\/\/ravensmoon.fr\/","logo":{"@type":"ImageObject","inLanguage":"fr-FR","@id":"https:\/\/ravensmoon.fr\/#\/schema\/logo\/image\/","url":"https:\/\/ravensmoon.fr\/wp-content\/uploads\/2024\/05\/cropped-cropped-cropped-Logossf-2.png","contentUrl":"https:\/\/ravensmoon.fr\/wp-content\/uploads\/2024\/05\/cropped-cropped-cropped-Logossf-2.png","width":417,"height":337,"caption":"Raven's Moon"},"image":{"@id":"https:\/\/ravensmoon.fr\/#\/schema\/logo\/image\/"},"sameAs":["https:\/\/www.facebook.com\/profile.php?id=61565761895747&locale=fr_FR","https:\/\/www.instagram.com\/raven_s_moon"]}]}},"jetpack_sharing_enabled":true,"_links":{"self":[{"href":"https:\/\/ravensmoon.fr\/index.php\/wp-json\/wp\/v2\/pages\/16","targetHints":{"allow":["GET"]}}],"collection":[{"href":"https:\/\/ravensmoon.fr\/index.php\/wp-json\/wp\/v2\/pages"}],"about":[{"href":"https:\/\/ravensmoon.fr\/index.php\/wp-json\/wp\/v2\/types\/page"}],"author":[{"embeddable":true,"href":"https:\/\/ravensmoon.fr\/index.php\/wp-json\/wp\/v2\/users\/1"}],"replies":[{"embeddable":true,"href":"https:\/\/ravensmoon.fr\/index.php\/wp-json\/wp\/v2\/comments?post=16"}],"version-history":[{"count":2,"href":"https:\/\/ravensmoon.fr\/index.php\/wp-json\/wp\/v2\/pages\/16\/revisions"}],"predecessor-version":[{"id":186,"href":"https:\/\/ravensmoon.fr\/index.php\/wp-json\/wp\/v2\/pages\/16\/revisions\/186"}],"wp:attachment":[{"href":"https:\/\/ravensmoon.fr\/index.php\/wp-json\/wp\/v2\/media?parent=16"}],"curies":[{"name":"wp","href":"https:\/\/api.w.org\/{rel}","templated":true}]}}