{"id":1665,"date":"2025-03-28T10:23:05","date_gmt":"2025-03-28T09:23:05","guid":{"rendered":"https:\/\/ravensmoon.fr\/?page_id=1665"},"modified":"2025-03-28T15:03:23","modified_gmt":"2025-03-28T14:03:23","slug":"souvenirs-dantan","status":"publish","type":"page","link":"https:\/\/ravensmoon.fr\/index.php\/souvenirs-dantan\/","title":{"rendered":"Souvenirs d&#8217;Antan"},"content":{"rendered":"\n<figure class=\"wp-block-gallery aligncenter has-nested-images columns-default is-cropped wp-block-gallery-1 is-layout-flex wp-block-gallery-is-layout-flex\"><div class=\"wp-block-image\">\n<figure class=\"aligncenter size-large\"><img fetchpriority=\"high\" decoding=\"async\" width=\"1024\" height=\"1024\" data-id=\"1699\" src=\"https:\/\/ravensmoon.fr\/wp-content\/uploads\/2025\/03\/1000027086-1024x1024.png\" alt=\"\" class=\"wp-image-1699\" srcset=\"https:\/\/ravensmoon.fr\/wp-content\/uploads\/2025\/03\/1000027086-1024x1024.png 1024w, https:\/\/ravensmoon.fr\/wp-content\/uploads\/2025\/03\/1000027086-300x300.png 300w, https:\/\/ravensmoon.fr\/wp-content\/uploads\/2025\/03\/1000027086-150x150.png 150w, https:\/\/ravensmoon.fr\/wp-content\/uploads\/2025\/03\/1000027086-768x768.png 768w, https:\/\/ravensmoon.fr\/wp-content\/uploads\/2025\/03\/1000027086-1536x1536.png 1536w, https:\/\/ravensmoon.fr\/wp-content\/uploads\/2025\/03\/1000027086-1320x1321.png 1320w, https:\/\/ravensmoon.fr\/wp-content\/uploads\/2025\/03\/1000027086-600x600.png 600w, https:\/\/ravensmoon.fr\/wp-content\/uploads\/2025\/03\/1000027086-100x100.png 100w, https:\/\/ravensmoon.fr\/wp-content\/uploads\/2025\/03\/1000027086-96x96.png 96w, https:\/\/ravensmoon.fr\/wp-content\/uploads\/2025\/03\/1000027086-42x42.png 42w, https:\/\/ravensmoon.fr\/wp-content\/uploads\/2025\/03\/1000027086.png 1868w\" sizes=\"(max-width: 1024px) 100vw, 1024px\" \/><\/figure>\n<\/div><\/figure>\n\n\n\n<div style=\"height:100px\" aria-hidden=\"true\" class=\"wp-block-spacer\"><\/div>\n\n\n\n<div class=\"wp-block-group is-content-justification-center is-nowrap is-layout-flex wp-container-core-group-is-layout-94bc23d7 wp-block-group-is-layout-flex\"><div data-block-name=\"woocommerce\/featured-product\" data-dim-ratio=\"10\" data-edit-mode=\"false\" data-image-fit=\"cover\" data-product-id=\"1664\" data-show-desc=\"false\" data-style=\"{&quot;layout&quot;:{&quot;columnSpan&quot;:2,&quot;rowSpan&quot;:1}}\" class=\"wc-block-featured-product alignnone has-background-dim has-background-dim-10 wp-block-woocommerce-featured-product wp-container-content-e29552f7\" style=\"min-height:500px;\"><div class=\"wc-block-featured-product__wrapper\"><div class=\"background-dim__overlay\" style=\"background-color: #000000\"><\/div><img decoding=\"async\" alt=\"Souvenirs d&#039;antan\" class=\"wc-block-featured-product__background-image\" src=\"https:\/\/ravensmoon.fr\/wp-content\/uploads\/2025\/03\/1000027080-1024x1024.png\" style=\"object-fit: cover;object-position: 50% 50%;\" \/><h2 class=\"wc-block-featured-product__title\">Souvenirs d&#8217;antan<\/h2><h3 class=\"wc-block-featured-product__variation\">Parfum: Vanille<\/h3><div class=\"wc-block-featured-product__price\"><span class=\"woocommerce-Price-amount amount\">16,50&nbsp;<span class=\"woocommerce-Price-currencySymbol\">&euro;<\/span><\/span><\/div><div class=\"wc-block-featured-product__inner-blocks\">\n\n<div class=\"wp-block-buttons is-content-justification-center is-layout-flex wp-container-core-buttons-is-layout-16018d1d wp-block-buttons-is-layout-flex\">\n<div class=\"wp-block-button\"><a class=\"wp-block-button__link wp-element-button\" href=\"https:\/\/ravensmoon.fr\/index.php\/produit\/souvenir-dantan\/?attribute_parfum=Vanille\">Acheter maintenant<\/a><\/div>\n<\/div>\n\n<\/div><\/div><\/div>\n\n<div data-block-name=\"woocommerce\/featured-product\" data-dim-ratio=\"10\" data-edit-mode=\"false\" data-image-fit=\"cover\" data-product-id=\"1535\" data-show-desc=\"false\" data-style=\"{&quot;layout&quot;:{&quot;columnSpan&quot;:2,&quot;rowSpan&quot;:1}}\" class=\"wc-block-featured-product alignnone has-background-dim has-background-dim-10 wp-block-woocommerce-featured-product wp-container-content-e29552f7\" style=\"min-height:500px;\"><div class=\"wc-block-featured-product__wrapper\"><div class=\"background-dim__overlay\" style=\"background-color: #000000\"><\/div><img decoding=\"async\" alt=\"Souvenirs d&#039;antan\" class=\"wc-block-featured-product__background-image\" src=\"https:\/\/ravensmoon.fr\/wp-content\/uploads\/2025\/03\/1000027083-1024x1024.png\" style=\"object-fit: cover;object-position: 50% 50%;\" \/><h2 class=\"wc-block-featured-product__title\">Souvenirs d&#8217;antan<\/h2><h3 class=\"wc-block-featured-product__variation\">Parfum: Rhubarbe Fraise<\/h3><div class=\"wc-block-featured-product__price\"><span class=\"woocommerce-Price-amount amount\">16,50&nbsp;<span class=\"woocommerce-Price-currencySymbol\">&euro;<\/span><\/span><\/div><div class=\"wc-block-featured-product__inner-blocks\">\n\n<div class=\"wp-block-buttons is-content-justification-center is-layout-flex wp-container-core-buttons-is-layout-16018d1d wp-block-buttons-is-layout-flex\">\n<div class=\"wp-block-button\"><a class=\"wp-block-button__link wp-element-button\" href=\"https:\/\/ravensmoon.fr\/index.php\/produit\/souvenir-dantan\/?attribute_parfum=Rhubarbe+Fraise\">Acheter maintenant<\/a><\/div>\n<\/div>\n\n<\/div><\/div><\/div><\/div>\n\n\n\n<div style=\"height:100px\" aria-hidden=\"true\" class=\"wp-block-spacer\"><\/div>\n\n\n\n<div class=\"wp-block-group is-content-justification-center is-nowrap is-layout-flex wp-container-core-group-is-layout-94bc23d7 wp-block-group-is-layout-flex\"><div data-block-name=\"woocommerce\/featured-product\" data-dim-ratio=\"10\" data-edit-mode=\"false\" data-image-fit=\"cover\" data-product-id=\"1534\" data-show-desc=\"false\" data-style=\"{&quot;layout&quot;:{&quot;columnSpan&quot;:2,&quot;rowSpan&quot;:1}}\" class=\"wc-block-featured-product alignnone has-background-dim has-background-dim-10 wp-block-woocommerce-featured-product wp-container-content-e29552f7\" style=\"min-height:500px;\"><div class=\"wc-block-featured-product__wrapper\"><div class=\"background-dim__overlay\" style=\"background-color: #000000\"><\/div><img decoding=\"async\" alt=\"Souvenirs d&#039;antan\" class=\"wc-block-featured-product__background-image\" src=\"https:\/\/ravensmoon.fr\/wp-content\/uploads\/2025\/03\/1000027082-1024x1024.png\" style=\"object-fit: cover;object-position: 50% 50%;\" \/><h2 class=\"wc-block-featured-product__title\">Souvenirs d&#8217;antan<\/h2><h3 class=\"wc-block-featured-product__variation\">Parfum: Cerise<\/h3><div class=\"wc-block-featured-product__price\"><span class=\"woocommerce-Price-amount amount\">16,50&nbsp;<span class=\"woocommerce-Price-currencySymbol\">&euro;<\/span><\/span><\/div><div class=\"wc-block-featured-product__inner-blocks\">\n\n<div class=\"wp-block-buttons is-content-justification-center is-layout-flex wp-container-core-buttons-is-layout-16018d1d wp-block-buttons-is-layout-flex\">\n<div class=\"wp-block-button\"><a class=\"wp-block-button__link wp-element-button\" href=\"https:\/\/ravensmoon.fr\/index.php\/produit\/souvenir-dantan\/?attribute_parfum=Cerise\">Acheter maintenant<\/a><\/div>\n<\/div>\n\n<\/div><\/div><\/div>\n\n<div data-block-name=\"woocommerce\/featured-product\" data-dim-ratio=\"10\" data-edit-mode=\"false\" data-image-fit=\"cover\" data-product-id=\"1533\" data-show-desc=\"false\" data-style=\"{&quot;layout&quot;:{&quot;columnSpan&quot;:2,&quot;rowSpan&quot;:1}}\" class=\"wc-block-featured-product alignnone has-background-dim has-background-dim-10 wp-block-woocommerce-featured-product wp-container-content-e29552f7\" style=\"min-height:500px;\"><div class=\"wc-block-featured-product__wrapper\"><div class=\"background-dim__overlay\" style=\"background-color: #000000\"><\/div><img decoding=\"async\" alt=\"Souvenirs d&#039;antan\" class=\"wc-block-featured-product__background-image\" src=\"https:\/\/ravensmoon.fr\/wp-content\/uploads\/2025\/03\/1000027081-1024x1024.png\" style=\"object-fit: cover;object-position: 50% 50%;\" \/><h2 class=\"wc-block-featured-product__title\">Souvenirs d&#8217;antan<\/h2><h3 class=\"wc-block-featured-product__variation\">Parfum: P\u00eache<\/h3><div class=\"wc-block-featured-product__price\"><span class=\"woocommerce-Price-amount amount\">16,50&nbsp;<span class=\"woocommerce-Price-currencySymbol\">&euro;<\/span><\/span><\/div><div class=\"wc-block-featured-product__inner-blocks\">\n\n<div class=\"wp-block-buttons is-content-justification-center is-layout-flex wp-container-core-buttons-is-layout-16018d1d wp-block-buttons-is-layout-flex\">\n<div class=\"wp-block-button\"><a class=\"wp-block-button__link wp-element-button\" href=\"https:\/\/ravensmoon.fr\/index.php\/produit\/souvenir-dantan\/?attribute_parfum=P%C3%AAche\">Acheter maintenant<\/a><\/div>\n<\/div>\n\n<\/div><\/div><\/div><\/div>\n\n\n\n<div style=\"height:100px\" aria-hidden=\"true\" class=\"wp-block-spacer\"><\/div>\n\n\n\n<div class=\"wp-block-group is-content-justification-center is-nowrap is-layout-flex wp-container-core-group-is-layout-94bc23d7 wp-block-group-is-layout-flex\"><div data-block-name=\"woocommerce\/featured-product\" data-dim-ratio=\"10\" data-edit-mode=\"false\" data-image-fit=\"cover\" data-product-id=\"1532\" data-show-desc=\"false\" data-style=\"{&quot;layout&quot;:{&quot;columnSpan&quot;:2,&quot;rowSpan&quot;:1}}\" class=\"wc-block-featured-product alignnone has-background-dim has-background-dim-10 wp-block-woocommerce-featured-product wp-container-content-e29552f7\" style=\"min-height:500px;\"><div class=\"wc-block-featured-product__wrapper\"><div class=\"background-dim__overlay\" style=\"background-color: #000000\"><\/div><img decoding=\"async\" alt=\"Souvenirs d&#039;antan\" class=\"wc-block-featured-product__background-image\" src=\"https:\/\/ravensmoon.fr\/wp-content\/uploads\/2025\/03\/1000027084-1024x1024.png\" style=\"object-fit: cover;object-position: 50% 50%;\" \/><h2 class=\"wc-block-featured-product__title\">Souvenirs d&#8217;antan<\/h2><h3 class=\"wc-block-featured-product__variation\">Parfum: M\u00fbre sauvage<\/h3><div class=\"wc-block-featured-product__price\"><span class=\"woocommerce-Price-amount amount\">16,50&nbsp;<span class=\"woocommerce-Price-currencySymbol\">&euro;<\/span><\/span><\/div><div class=\"wc-block-featured-product__inner-blocks\">\n\n<div class=\"wp-block-buttons is-content-justification-center is-layout-flex wp-container-core-buttons-is-layout-16018d1d wp-block-buttons-is-layout-flex\">\n<div class=\"wp-block-button\"><a class=\"wp-block-button__link wp-element-button\" href=\"https:\/\/ravensmoon.fr\/index.php\/produit\/souvenir-dantan\/?attribute_parfum=M%C3%BBre+sauvage\">Acheter maintenant<\/a><\/div>\n<\/div>\n\n<\/div><\/div><\/div>\n\n<div data-block-name=\"woocommerce\/featured-product\" data-dim-ratio=\"10\" data-edit-mode=\"false\" data-image-fit=\"cover\" data-product-id=\"1692\" data-show-desc=\"false\" data-style=\"{&quot;layout&quot;:{&quot;columnSpan&quot;:2,&quot;rowSpan&quot;:1}}\" class=\"wc-block-featured-product alignnone has-background-dim has-background-dim-10 wp-block-woocommerce-featured-product wp-container-content-e29552f7\" style=\"min-height:500px;\"><div class=\"wc-block-featured-product__wrapper\"><div class=\"background-dim__overlay\" style=\"background-color: #000000\"><\/div><img decoding=\"async\" alt=\"Souvenirs d&#039;antan\" class=\"wc-block-featured-product__background-image\" src=\"https:\/\/ravensmoon.fr\/wp-content\/uploads\/2025\/03\/1000027085-1024x1024.png\" style=\"object-fit: cover;object-position: 50% 50%;\" \/><h2 class=\"wc-block-featured-product__title\">Souvenirs d&#8217;antan<\/h2><h3 class=\"wc-block-featured-product__variation\">Parfum: Caramel beurre sal\u00e9<\/h3><div class=\"wc-block-featured-product__price\"><span class=\"woocommerce-Price-amount amount\">16,50&nbsp;<span class=\"woocommerce-Price-currencySymbol\">&euro;<\/span><\/span><\/div><div class=\"wc-block-featured-product__inner-blocks\">\n\n<div class=\"wp-block-buttons is-content-justification-center is-layout-flex wp-container-core-buttons-is-layout-16018d1d wp-block-buttons-is-layout-flex\">\n<div class=\"wp-block-button\"><a class=\"wp-block-button__link wp-element-button\" href=\"https:\/\/ravensmoon.fr\/index.php\/produit\/souvenir-dantan\/?attribute_parfum=Caramel+beurre+sal%C3%A9\">Acheter maintenant<\/a><\/div>\n<\/div>\n\n<\/div><\/div><\/div><\/div>\n","protected":false},"excerpt":{"rendered":"","protected":false},"author":1,"featured_media":0,"parent":0,"menu_order":0,"comment_status":"closed","ping_status":"closed","template":"","meta":{"footnotes":""},"class_list":["post-1665","page","type-page","status-publish","hentry"],"yoast_head":"<!-- This site is optimized with the Yoast SEO plugin v27.4 - https:\/\/yoast.com\/product\/yoast-seo-wordpress\/ -->\n<title>Raven&#039;s Moon - Cr\u00e9ation Bougies<\/title>\n<meta name=\"description\" content=\"Nous vous proposons diff\u00e9rents styles de bougies, confectionn\u00e9es \u00e0 la main, afin de vous de vous faire voyager au fil des saisons, ou de vous accompagner lors de vos rituels. La plupart de nos articles peuvent \u00eatre r\u00e9alis\u00e9s sur mesure, n\u2019h\u00e9sitez pas \u00e0 nous contacter !\" \/>\n<meta name=\"robots\" content=\"index, follow, max-snippet:-1, max-image-preview:large, max-video-preview:-1\" \/>\n<link rel=\"canonical\" href=\"https:\/\/ravensmoon.fr\/index.php\/souvenirs-dantan\/\" \/>\n<meta property=\"og:locale\" content=\"fr_FR\" \/>\n<meta property=\"og:type\" content=\"article\" \/>\n<meta property=\"og:title\" content=\"Raven&#039;s Moon - Cr\u00e9ation Bougies\" \/>\n<meta property=\"og:description\" content=\"Nous vous proposons diff\u00e9rents styles de bougies, confectionn\u00e9es \u00e0 la main, afin de vous de vous faire voyager au fil des saisons, ou de vous accompagner lors de vos rituels. La plupart de nos articles peuvent \u00eatre r\u00e9alis\u00e9s sur mesure, n\u2019h\u00e9sitez pas \u00e0 nous contacter !\" \/>\n<meta property=\"og:url\" content=\"https:\/\/ravensmoon.fr\/index.php\/souvenirs-dantan\/\" \/>\n<meta property=\"og:site_name\" content=\"Raven&#039;s Moon\" \/>\n<meta property=\"article:publisher\" content=\"https:\/\/www.facebook.com\/profile.php?id=61565761895747&amp;locale=fr_FR\" \/>\n<meta property=\"article:modified_time\" content=\"2025-03-28T14:03:23+00:00\" \/>\n<meta property=\"og:image\" content=\"https:\/\/ravensmoon.fr\/wp-content\/uploads\/2025\/03\/1000027086.png\" \/>\n\t<meta property=\"og:image:width\" content=\"1868\" \/>\n\t<meta property=\"og:image:height\" content=\"1869\" \/>\n\t<meta property=\"og:image:type\" content=\"image\/png\" \/>\n<meta name=\"twitter:card\" content=\"summary_large_image\" \/>\n<meta name=\"twitter:label1\" content=\"Dur\u00e9e de lecture estim\u00e9e\" \/>\n\t<meta name=\"twitter:data1\" content=\"1 minute\" \/>\n<script type=\"application\/ld+json\" class=\"yoast-schema-graph\">{\"@context\":\"https:\\\/\\\/schema.org\",\"@graph\":[{\"@type\":\"WebPage\",\"@id\":\"https:\\\/\\\/ravensmoon.fr\\\/index.php\\\/souvenirs-dantan\\\/\",\"url\":\"https:\\\/\\\/ravensmoon.fr\\\/index.php\\\/souvenirs-dantan\\\/\",\"name\":\"Raven's Moon - Cr\u00e9ation Bougies\",\"isPartOf\":{\"@id\":\"https:\\\/\\\/ravensmoon.fr\\\/#website\"},\"primaryImageOfPage\":{\"@id\":\"https:\\\/\\\/ravensmoon.fr\\\/index.php\\\/souvenirs-dantan\\\/#primaryimage\"},\"image\":{\"@id\":\"https:\\\/\\\/ravensmoon.fr\\\/index.php\\\/souvenirs-dantan\\\/#primaryimage\"},\"thumbnailUrl\":\"https:\\\/\\\/ravensmoon.fr\\\/wp-content\\\/uploads\\\/2025\\\/03\\\/1000027086-1024x1024.png\",\"datePublished\":\"2025-03-28T09:23:05+00:00\",\"dateModified\":\"2025-03-28T14:03:23+00:00\",\"description\":\"Nous vous proposons diff\u00e9rents styles de bougies, confectionn\u00e9es \u00e0 la main, afin de vous de vous faire voyager au fil des saisons, ou de vous accompagner lors de vos rituels. La plupart de nos articles peuvent \u00eatre r\u00e9alis\u00e9s sur mesure, n\u2019h\u00e9sitez pas \u00e0 nous contacter !\",\"breadcrumb\":{\"@id\":\"https:\\\/\\\/ravensmoon.fr\\\/index.php\\\/souvenirs-dantan\\\/#breadcrumb\"},\"inLanguage\":\"fr-FR\",\"potentialAction\":[{\"@type\":\"ReadAction\",\"target\":[\"https:\\\/\\\/ravensmoon.fr\\\/index.php\\\/souvenirs-dantan\\\/\"]}]},{\"@type\":\"ImageObject\",\"inLanguage\":\"fr-FR\",\"@id\":\"https:\\\/\\\/ravensmoon.fr\\\/index.php\\\/souvenirs-dantan\\\/#primaryimage\",\"url\":\"https:\\\/\\\/ravensmoon.fr\\\/wp-content\\\/uploads\\\/2025\\\/03\\\/1000027086.png\",\"contentUrl\":\"https:\\\/\\\/ravensmoon.fr\\\/wp-content\\\/uploads\\\/2025\\\/03\\\/1000027086.png\",\"width\":1868,\"height\":1869},{\"@type\":\"BreadcrumbList\",\"@id\":\"https:\\\/\\\/ravensmoon.fr\\\/index.php\\\/souvenirs-dantan\\\/#breadcrumb\",\"itemListElement\":[{\"@type\":\"ListItem\",\"position\":1,\"name\":\"Accueil\",\"item\":\"https:\\\/\\\/ravensmoon.fr\\\/\"},{\"@type\":\"ListItem\",\"position\":2,\"name\":\"Souvenirs d&#8217;Antan\"}]},{\"@type\":\"WebSite\",\"@id\":\"https:\\\/\\\/ravensmoon.fr\\\/#website\",\"url\":\"https:\\\/\\\/ravensmoon.fr\\\/\",\"name\":\"Raven's Moon\",\"description\":\"\",\"publisher\":{\"@id\":\"https:\\\/\\\/ravensmoon.fr\\\/#organization\"},\"potentialAction\":[{\"@type\":\"SearchAction\",\"target\":{\"@type\":\"EntryPoint\",\"urlTemplate\":\"https:\\\/\\\/ravensmoon.fr\\\/?s={search_term_string}\"},\"query-input\":{\"@type\":\"PropertyValueSpecification\",\"valueRequired\":true,\"valueName\":\"search_term_string\"}}],\"inLanguage\":\"fr-FR\"},{\"@type\":\"Organization\",\"@id\":\"https:\\\/\\\/ravensmoon.fr\\\/#organization\",\"name\":\"Raven's Moon\",\"url\":\"https:\\\/\\\/ravensmoon.fr\\\/\",\"logo\":{\"@type\":\"ImageObject\",\"inLanguage\":\"fr-FR\",\"@id\":\"https:\\\/\\\/ravensmoon.fr\\\/#\\\/schema\\\/logo\\\/image\\\/\",\"url\":\"https:\\\/\\\/ravensmoon.fr\\\/wp-content\\\/uploads\\\/2024\\\/05\\\/cropped-cropped-cropped-Logossf-2.png\",\"contentUrl\":\"https:\\\/\\\/ravensmoon.fr\\\/wp-content\\\/uploads\\\/2024\\\/05\\\/cropped-cropped-cropped-Logossf-2.png\",\"width\":417,\"height\":337,\"caption\":\"Raven's Moon\"},\"image\":{\"@id\":\"https:\\\/\\\/ravensmoon.fr\\\/#\\\/schema\\\/logo\\\/image\\\/\"},\"sameAs\":[\"https:\\\/\\\/www.facebook.com\\\/profile.php?id=61565761895747&locale=fr_FR\",\"https:\\\/\\\/www.instagram.com\\\/raven_s_moon\"]}]}<\/script>\n<!-- \/ Yoast SEO plugin. -->","yoast_head_json":{"title":"Raven's Moon - Cr\u00e9ation Bougies","description":"Nous vous proposons diff\u00e9rents styles de bougies, confectionn\u00e9es \u00e0 la main, afin de vous de vous faire voyager au fil des saisons, ou de vous accompagner lors de vos rituels. La plupart de nos articles peuvent \u00eatre r\u00e9alis\u00e9s sur mesure, n\u2019h\u00e9sitez pas \u00e0 nous contacter !","robots":{"index":"index","follow":"follow","max-snippet":"max-snippet:-1","max-image-preview":"max-image-preview:large","max-video-preview":"max-video-preview:-1"},"canonical":"https:\/\/ravensmoon.fr\/index.php\/souvenirs-dantan\/","og_locale":"fr_FR","og_type":"article","og_title":"Raven's Moon - Cr\u00e9ation Bougies","og_description":"Nous vous proposons diff\u00e9rents styles de bougies, confectionn\u00e9es \u00e0 la main, afin de vous de vous faire voyager au fil des saisons, ou de vous accompagner lors de vos rituels. La plupart de nos articles peuvent \u00eatre r\u00e9alis\u00e9s sur mesure, n\u2019h\u00e9sitez pas \u00e0 nous contacter !","og_url":"https:\/\/ravensmoon.fr\/index.php\/souvenirs-dantan\/","og_site_name":"Raven&#039;s Moon","article_publisher":"https:\/\/www.facebook.com\/profile.php?id=61565761895747&locale=fr_FR","article_modified_time":"2025-03-28T14:03:23+00:00","og_image":[{"width":1868,"height":1869,"url":"https:\/\/ravensmoon.fr\/wp-content\/uploads\/2025\/03\/1000027086.png","type":"image\/png"}],"twitter_card":"summary_large_image","twitter_misc":{"Dur\u00e9e de lecture estim\u00e9e":"1 minute"},"schema":{"@context":"https:\/\/schema.org","@graph":[{"@type":"WebPage","@id":"https:\/\/ravensmoon.fr\/index.php\/souvenirs-dantan\/","url":"https:\/\/ravensmoon.fr\/index.php\/souvenirs-dantan\/","name":"Raven's Moon - Cr\u00e9ation Bougies","isPartOf":{"@id":"https:\/\/ravensmoon.fr\/#website"},"primaryImageOfPage":{"@id":"https:\/\/ravensmoon.fr\/index.php\/souvenirs-dantan\/#primaryimage"},"image":{"@id":"https:\/\/ravensmoon.fr\/index.php\/souvenirs-dantan\/#primaryimage"},"thumbnailUrl":"https:\/\/ravensmoon.fr\/wp-content\/uploads\/2025\/03\/1000027086-1024x1024.png","datePublished":"2025-03-28T09:23:05+00:00","dateModified":"2025-03-28T14:03:23+00:00","description":"Nous vous proposons diff\u00e9rents styles de bougies, confectionn\u00e9es \u00e0 la main, afin de vous de vous faire voyager au fil des saisons, ou de vous accompagner lors de vos rituels. La plupart de nos articles peuvent \u00eatre r\u00e9alis\u00e9s sur mesure, n\u2019h\u00e9sitez pas \u00e0 nous contacter !","breadcrumb":{"@id":"https:\/\/ravensmoon.fr\/index.php\/souvenirs-dantan\/#breadcrumb"},"inLanguage":"fr-FR","potentialAction":[{"@type":"ReadAction","target":["https:\/\/ravensmoon.fr\/index.php\/souvenirs-dantan\/"]}]},{"@type":"ImageObject","inLanguage":"fr-FR","@id":"https:\/\/ravensmoon.fr\/index.php\/souvenirs-dantan\/#primaryimage","url":"https:\/\/ravensmoon.fr\/wp-content\/uploads\/2025\/03\/1000027086.png","contentUrl":"https:\/\/ravensmoon.fr\/wp-content\/uploads\/2025\/03\/1000027086.png","width":1868,"height":1869},{"@type":"BreadcrumbList","@id":"https:\/\/ravensmoon.fr\/index.php\/souvenirs-dantan\/#breadcrumb","itemListElement":[{"@type":"ListItem","position":1,"name":"Accueil","item":"https:\/\/ravensmoon.fr\/"},{"@type":"ListItem","position":2,"name":"Souvenirs d&#8217;Antan"}]},{"@type":"WebSite","@id":"https:\/\/ravensmoon.fr\/#website","url":"https:\/\/ravensmoon.fr\/","name":"Raven's Moon","description":"","publisher":{"@id":"https:\/\/ravensmoon.fr\/#organization"},"potentialAction":[{"@type":"SearchAction","target":{"@type":"EntryPoint","urlTemplate":"https:\/\/ravensmoon.fr\/?s={search_term_string}"},"query-input":{"@type":"PropertyValueSpecification","valueRequired":true,"valueName":"search_term_string"}}],"inLanguage":"fr-FR"},{"@type":"Organization","@id":"https:\/\/ravensmoon.fr\/#organization","name":"Raven's Moon","url":"https:\/\/ravensmoon.fr\/","logo":{"@type":"ImageObject","inLanguage":"fr-FR","@id":"https:\/\/ravensmoon.fr\/#\/schema\/logo\/image\/","url":"https:\/\/ravensmoon.fr\/wp-content\/uploads\/2024\/05\/cropped-cropped-cropped-Logossf-2.png","contentUrl":"https:\/\/ravensmoon.fr\/wp-content\/uploads\/2024\/05\/cropped-cropped-cropped-Logossf-2.png","width":417,"height":337,"caption":"Raven's Moon"},"image":{"@id":"https:\/\/ravensmoon.fr\/#\/schema\/logo\/image\/"},"sameAs":["https:\/\/www.facebook.com\/profile.php?id=61565761895747&locale=fr_FR","https:\/\/www.instagram.com\/raven_s_moon"]}]}},"jetpack_sharing_enabled":true,"_links":{"self":[{"href":"https:\/\/ravensmoon.fr\/index.php\/wp-json\/wp\/v2\/pages\/1665","targetHints":{"allow":["GET"]}}],"collection":[{"href":"https:\/\/ravensmoon.fr\/index.php\/wp-json\/wp\/v2\/pages"}],"about":[{"href":"https:\/\/ravensmoon.fr\/index.php\/wp-json\/wp\/v2\/types\/page"}],"author":[{"embeddable":true,"href":"https:\/\/ravensmoon.fr\/index.php\/wp-json\/wp\/v2\/users\/1"}],"replies":[{"embeddable":true,"href":"https:\/\/ravensmoon.fr\/index.php\/wp-json\/wp\/v2\/comments?post=1665"}],"version-history":[{"count":14,"href":"https:\/\/ravensmoon.fr\/index.php\/wp-json\/wp\/v2\/pages\/1665\/revisions"}],"predecessor-version":[{"id":1771,"href":"https:\/\/ravensmoon.fr\/index.php\/wp-json\/wp\/v2\/pages\/1665\/revisions\/1771"}],"wp:attachment":[{"href":"https:\/\/ravensmoon.fr\/index.php\/wp-json\/wp\/v2\/media?parent=1665"}],"curies":[{"name":"wp","href":"https:\/\/api.w.org\/{rel}","templated":true}]}}