{"id":193,"date":"2024-05-21T13:18:50","date_gmt":"2024-05-21T11:18:50","guid":{"rendered":"https:\/\/ravensmoon.fr\/index.php\/login\/"},"modified":"2024-05-21T13:18:50","modified_gmt":"2024-05-21T11:18:50","slug":"login","status":"publish","type":"page","link":"https:\/\/ravensmoon.fr\/index.php\/login\/","title":{"rendered":"Connexion"},"content":{"rendered":"\n<div class=\"um um-login um-188\">\n\t<div class=\"um-form\">\n\t\t<form method=\"post\" action=\"\" autocomplete=\"off\">\n\t\t\t<div class=\"um-row _um_row_1 \" style=\"margin: 0 0 30px 0;\"><div class=\"um-col-1\"><div  id=\"um_field_188_username\" class=\"um-field um-field-text  um-field-username um-field-text um-field-type_text\" data-key=\"username\"><div class=\"um-field-label\"><label for=\"username-188\">Identifiant ou e-mail<\/label><div class=\"um-clear\"><\/div><\/div><div class=\"um-field-area\"><input  autocomplete=\"off\" class=\"um-form-field valid \" type=\"text\" name=\"username-188\" id=\"username-188\" value=\"\" placeholder=\"\" data-validate=\"unique_username_or_email\" data-key=\"username\"  aria-invalid=\"false\" \/>\n\n\t\t\t\t\t\t<\/div><\/div><div  id=\"um_field_188_user_password\" class=\"um-field um-field-password  um-field-user_password um-field-password um-field-type_password\" data-key=\"user_password\"><div class=\"um-field-label\"><label for=\"user_password-188\">Mot de passe<\/label><div class=\"um-clear\"><\/div><\/div><div class=\"um-field-area\"><input class=\"um-form-field valid \" type=\"password\" name=\"user_password-188\" id=\"user_password-188\" value=\"\" placeholder=\"\" data-validate=\"\" data-key=\"user_password\"  aria-invalid=\"false\" \/>\n\n\t\t\t\t\t\t\t<\/div><\/div><\/div><\/div>\t<input type=\"hidden\" name=\"form_id\" id=\"form_id_188\" value=\"188\" \/>\n\t\t<p class=\"um_request_name\">\n\t\t<label for=\"um_request_188\">Only fill in if you are not human<\/label>\n\t\t<input type=\"hidden\" name=\"um_request\" id=\"um_request_188\" class=\"input\" value=\"\" size=\"25\" autocomplete=\"off\" \/>\n\t<\/p>\n\t<input type=\"hidden\" name=\"redirect_to\" id=\"redirect_to\" value=\"https:\/\/ravensmoon.fr\/index.php\/account\/\" \/><input type=\"hidden\" id=\"_wpnonce\" name=\"_wpnonce\" value=\"4828b107a5\" \/><input type=\"hidden\" name=\"_wp_http_referer\" value=\"\/index.php\/wp-json\/wp\/v2\/pages\/193\" \/>\n\t<div class=\"um-col-alt\">\n\n\t\t\n\n\t\t\t<div class=\"um-field um-field-c\">\n\t\t\t\t<div class=\"um-field-area\">\n\t\t\t\t\t<label class=\"um-field-checkbox\">\n\t\t\t\t\t\t<input type=\"checkbox\" name=\"rememberme\" value=\"1\"  \/>\n\t\t\t\t\t\t<span class=\"um-field-checkbox-state\"><i class=\"um-icon-android-checkbox-outline-blank\"><\/i><\/span>\n\t\t\t\t\t\t<span class=\"um-field-checkbox-option\"> Se souvenir de moi<\/span>\n\t\t\t\t\t<\/label>\n\t\t\t\t<\/div>\n\t\t\t<\/div>\n\n\t\t\t\t\t\t<div class=\"um-clear\"><\/div>\n\t\t\n\t\t\t<div class=\"um-left um-half\">\n\t\t\t\t<input type=\"submit\" value=\"Connexion\" class=\"um-button\" id=\"um-submit-btn\" \/>\n\t\t\t<\/div>\n\t\t\t<div class=\"um-right um-half\">\n\t\t\t\t<a href=\"https:\/\/ravensmoon.fr\/index.php\/register\/\" class=\"um-button um-alt\">\n\t\t\t\t\tS\u2019inscrire\t\t\t\t<\/a>\n\t\t\t<\/div>\n\n\t\t\n\t\t<div class=\"um-clear\"><\/div>\n\n\t<\/div>\n\n\t\n\t<div class=\"um-col-alt-b\">\n\t\t<a href=\"https:\/\/ravensmoon.fr\/index.php\/password-reset\/\" class=\"um-link-alt\">\n\t\t\tMot de passe oubli\u00e9\u00a0?\t\t<\/a>\n\t<\/div>\n\n\t\t\t<\/form>\n\t<\/div>\n<\/div>\n<style>\n\t\t\t.um-188.um {\n\t\t\tmax-width: 450px;\n\t\t}\n\t\t<\/style>\n\n","protected":false},"excerpt":{"rendered":"","protected":false},"author":1,"featured_media":0,"parent":0,"menu_order":0,"comment_status":"closed","ping_status":"closed","template":"","meta":{"footnotes":""},"class_list":["post-193","page","type-page","status-publish","hentry"],"yoast_head":"<!-- This site is optimized with the Yoast SEO plugin v26.8 - https:\/\/yoast.com\/product\/yoast-seo-wordpress\/ -->\n<title>Raven&#039;s Moon - Cr\u00e9ation Bougies<\/title>\n<meta name=\"description\" content=\"Nous vous proposons diff\u00e9rents styles de bougies, confectionn\u00e9es \u00e0 la main, afin de vous de vous faire voyager au fil des saisons, ou de vous accompagner lors de vos rituels. La plupart de nos articles peuvent \u00eatre r\u00e9alis\u00e9s sur mesure, n\u2019h\u00e9sitez pas \u00e0 nous contacter !\" \/>\n<meta name=\"robots\" content=\"index, follow, max-snippet:-1, max-image-preview:large, max-video-preview:-1\" \/>\n<link rel=\"canonical\" href=\"https:\/\/ravensmoon.fr\/index.php\/login\/\" \/>\n<meta property=\"og:locale\" content=\"fr_FR\" \/>\n<meta property=\"og:type\" content=\"article\" \/>\n<meta property=\"og:title\" content=\"Raven&#039;s Moon - Cr\u00e9ation Bougies\" \/>\n<meta property=\"og:description\" content=\"Nous vous proposons diff\u00e9rents styles de bougies, confectionn\u00e9es \u00e0 la main, afin de vous de vous faire voyager au fil des saisons, ou de vous accompagner lors de vos rituels. La plupart de nos articles peuvent \u00eatre r\u00e9alis\u00e9s sur mesure, n\u2019h\u00e9sitez pas \u00e0 nous contacter !\" \/>\n<meta property=\"og:url\" content=\"https:\/\/ravensmoon.fr\/index.php\/login\/\" \/>\n<meta property=\"og:site_name\" content=\"Raven&#039;s Moon\" \/>\n<meta property=\"article:publisher\" content=\"https:\/\/www.facebook.com\/profile.php?id=61565761895747&amp;locale=fr_FR\" \/>\n<meta name=\"twitter:card\" content=\"summary_large_image\" \/>\n<script type=\"application\/ld+json\" class=\"yoast-schema-graph\">{\"@context\":\"https:\/\/schema.org\",\"@graph\":[{\"@type\":\"WebPage\",\"@id\":\"https:\/\/ravensmoon.fr\/index.php\/login\/\",\"url\":\"https:\/\/ravensmoon.fr\/index.php\/login\/\",\"name\":\"Raven's Moon - Cr\u00e9ation Bougies\",\"isPartOf\":{\"@id\":\"https:\/\/ravensmoon.fr\/#website\"},\"datePublished\":\"2024-05-21T11:18:50+00:00\",\"description\":\"Nous vous proposons diff\u00e9rents styles de bougies, confectionn\u00e9es \u00e0 la main, afin de vous de vous faire voyager au fil des saisons, ou de vous accompagner lors de vos rituels. La plupart de nos articles peuvent \u00eatre r\u00e9alis\u00e9s sur mesure, n\u2019h\u00e9sitez pas \u00e0 nous contacter !\",\"breadcrumb\":{\"@id\":\"https:\/\/ravensmoon.fr\/index.php\/login\/#breadcrumb\"},\"inLanguage\":\"fr-FR\",\"potentialAction\":[{\"@type\":\"ReadAction\",\"target\":[\"https:\/\/ravensmoon.fr\/index.php\/login\/\"]}]},{\"@type\":\"BreadcrumbList\",\"@id\":\"https:\/\/ravensmoon.fr\/index.php\/login\/#breadcrumb\",\"itemListElement\":[{\"@type\":\"ListItem\",\"position\":1,\"name\":\"Accueil\",\"item\":\"https:\/\/ravensmoon.fr\/\"},{\"@type\":\"ListItem\",\"position\":2,\"name\":\"Connexion\"}]},{\"@type\":\"WebSite\",\"@id\":\"https:\/\/ravensmoon.fr\/#website\",\"url\":\"https:\/\/ravensmoon.fr\/\",\"name\":\"Raven's Moon\",\"description\":\"\",\"publisher\":{\"@id\":\"https:\/\/ravensmoon.fr\/#organization\"},\"potentialAction\":[{\"@type\":\"SearchAction\",\"target\":{\"@type\":\"EntryPoint\",\"urlTemplate\":\"https:\/\/ravensmoon.fr\/?s={search_term_string}\"},\"query-input\":{\"@type\":\"PropertyValueSpecification\",\"valueRequired\":true,\"valueName\":\"search_term_string\"}}],\"inLanguage\":\"fr-FR\"},{\"@type\":\"Organization\",\"@id\":\"https:\/\/ravensmoon.fr\/#organization\",\"name\":\"Raven's Moon\",\"url\":\"https:\/\/ravensmoon.fr\/\",\"logo\":{\"@type\":\"ImageObject\",\"inLanguage\":\"fr-FR\",\"@id\":\"https:\/\/ravensmoon.fr\/#\/schema\/logo\/image\/\",\"url\":\"https:\/\/ravensmoon.fr\/wp-content\/uploads\/2024\/05\/cropped-cropped-cropped-Logossf-2.png\",\"contentUrl\":\"https:\/\/ravensmoon.fr\/wp-content\/uploads\/2024\/05\/cropped-cropped-cropped-Logossf-2.png\",\"width\":417,\"height\":337,\"caption\":\"Raven's Moon\"},\"image\":{\"@id\":\"https:\/\/ravensmoon.fr\/#\/schema\/logo\/image\/\"},\"sameAs\":[\"https:\/\/www.facebook.com\/profile.php?id=61565761895747&locale=fr_FR\",\"https:\/\/www.instagram.com\/raven_s_moon\"]}]}<\/script>\n<!-- \/ Yoast SEO plugin. -->","yoast_head_json":{"title":"Raven's Moon - Cr\u00e9ation Bougies","description":"Nous vous proposons diff\u00e9rents styles de bougies, confectionn\u00e9es \u00e0 la main, afin de vous de vous faire voyager au fil des saisons, ou de vous accompagner lors de vos rituels. La plupart de nos articles peuvent \u00eatre r\u00e9alis\u00e9s sur mesure, n\u2019h\u00e9sitez pas \u00e0 nous contacter !","robots":{"index":"index","follow":"follow","max-snippet":"max-snippet:-1","max-image-preview":"max-image-preview:large","max-video-preview":"max-video-preview:-1"},"canonical":"https:\/\/ravensmoon.fr\/index.php\/login\/","og_locale":"fr_FR","og_type":"article","og_title":"Raven's Moon - Cr\u00e9ation Bougies","og_description":"Nous vous proposons diff\u00e9rents styles de bougies, confectionn\u00e9es \u00e0 la main, afin de vous de vous faire voyager au fil des saisons, ou de vous accompagner lors de vos rituels. La plupart de nos articles peuvent \u00eatre r\u00e9alis\u00e9s sur mesure, n\u2019h\u00e9sitez pas \u00e0 nous contacter !","og_url":"https:\/\/ravensmoon.fr\/index.php\/login\/","og_site_name":"Raven&#039;s Moon","article_publisher":"https:\/\/www.facebook.com\/profile.php?id=61565761895747&locale=fr_FR","twitter_card":"summary_large_image","schema":{"@context":"https:\/\/schema.org","@graph":[{"@type":"WebPage","@id":"https:\/\/ravensmoon.fr\/index.php\/login\/","url":"https:\/\/ravensmoon.fr\/index.php\/login\/","name":"Raven's Moon - Cr\u00e9ation Bougies","isPartOf":{"@id":"https:\/\/ravensmoon.fr\/#website"},"datePublished":"2024-05-21T11:18:50+00:00","description":"Nous vous proposons diff\u00e9rents styles de bougies, confectionn\u00e9es \u00e0 la main, afin de vous de vous faire voyager au fil des saisons, ou de vous accompagner lors de vos rituels. La plupart de nos articles peuvent \u00eatre r\u00e9alis\u00e9s sur mesure, n\u2019h\u00e9sitez pas \u00e0 nous contacter !","breadcrumb":{"@id":"https:\/\/ravensmoon.fr\/index.php\/login\/#breadcrumb"},"inLanguage":"fr-FR","potentialAction":[{"@type":"ReadAction","target":["https:\/\/ravensmoon.fr\/index.php\/login\/"]}]},{"@type":"BreadcrumbList","@id":"https:\/\/ravensmoon.fr\/index.php\/login\/#breadcrumb","itemListElement":[{"@type":"ListItem","position":1,"name":"Accueil","item":"https:\/\/ravensmoon.fr\/"},{"@type":"ListItem","position":2,"name":"Connexion"}]},{"@type":"WebSite","@id":"https:\/\/ravensmoon.fr\/#website","url":"https:\/\/ravensmoon.fr\/","name":"Raven's Moon","description":"","publisher":{"@id":"https:\/\/ravensmoon.fr\/#organization"},"potentialAction":[{"@type":"SearchAction","target":{"@type":"EntryPoint","urlTemplate":"https:\/\/ravensmoon.fr\/?s={search_term_string}"},"query-input":{"@type":"PropertyValueSpecification","valueRequired":true,"valueName":"search_term_string"}}],"inLanguage":"fr-FR"},{"@type":"Organization","@id":"https:\/\/ravensmoon.fr\/#organization","name":"Raven's Moon","url":"https:\/\/ravensmoon.fr\/","logo":{"@type":"ImageObject","inLanguage":"fr-FR","@id":"https:\/\/ravensmoon.fr\/#\/schema\/logo\/image\/","url":"https:\/\/ravensmoon.fr\/wp-content\/uploads\/2024\/05\/cropped-cropped-cropped-Logossf-2.png","contentUrl":"https:\/\/ravensmoon.fr\/wp-content\/uploads\/2024\/05\/cropped-cropped-cropped-Logossf-2.png","width":417,"height":337,"caption":"Raven's Moon"},"image":{"@id":"https:\/\/ravensmoon.fr\/#\/schema\/logo\/image\/"},"sameAs":["https:\/\/www.facebook.com\/profile.php?id=61565761895747&locale=fr_FR","https:\/\/www.instagram.com\/raven_s_moon"]}]}},"jetpack_sharing_enabled":true,"_links":{"self":[{"href":"https:\/\/ravensmoon.fr\/index.php\/wp-json\/wp\/v2\/pages\/193","targetHints":{"allow":["GET"]}}],"collection":[{"href":"https:\/\/ravensmoon.fr\/index.php\/wp-json\/wp\/v2\/pages"}],"about":[{"href":"https:\/\/ravensmoon.fr\/index.php\/wp-json\/wp\/v2\/types\/page"}],"author":[{"embeddable":true,"href":"https:\/\/ravensmoon.fr\/index.php\/wp-json\/wp\/v2\/users\/1"}],"replies":[{"embeddable":true,"href":"https:\/\/ravensmoon.fr\/index.php\/wp-json\/wp\/v2\/comments?post=193"}],"version-history":[{"count":0,"href":"https:\/\/ravensmoon.fr\/index.php\/wp-json\/wp\/v2\/pages\/193\/revisions"}],"wp:attachment":[{"href":"https:\/\/ravensmoon.fr\/index.php\/wp-json\/wp\/v2\/media?parent=193"}],"curies":[{"name":"wp","href":"https:\/\/api.w.org\/{rel}","templated":true}]}}