{"id":587,"date":"2024-09-21T18:32:34","date_gmt":"2024-09-21T16:32:34","guid":{"rendered":"https:\/\/ravensmoon.fr\/?page_id=587"},"modified":"2026-04-01T13:10:20","modified_gmt":"2026-04-01T11:10:20","slug":"bougies-caritatives","status":"publish","type":"page","link":"https:\/\/ravensmoon.fr\/index.php\/bougies-caritatives\/","title":{"rendered":"Collection Caritative"},"content":{"rendered":"<form role=\"search\" method=\"get\" action=\"https:\/\/ravensmoon.fr\/\" class=\"wp-block-search__button-outside wp-block-search__text-button wp-block-search\"    ><label class=\"wp-block-search__label\" for=\"wp-block-search__input-1\" >Recherche<\/label><div class=\"wp-block-search__inside-wrapper\" ><input class=\"wp-block-search__input\" id=\"wp-block-search__input-1\" placeholder=\"Recherche de produits\u2026\" value=\"\" type=\"search\" name=\"s\" required \/><input type=\"hidden\" name=\"post_type\" value=\"product\" \/><button aria-label=\"Recherche\" class=\"wp-block-search__button wp-element-button\" type=\"submit\" >Recherche<\/button><\/div><\/form>\n\n\n<hr class=\"wp-block-separator has-alpha-channel-opacity\"\/>\n\n\n<div data-block-name=\"woocommerce\/product-category\" data-categories=\"[29]\" data-rows=\"6\" data-stock-status=\"[&quot;&quot;,&quot;instock&quot;,&quot;outofstock&quot;,&quot;onbackorder&quot;]\" class=\"wc-block-grid wp-block-product-category wp-block-woocommerce-product-category wc-block-product-category has-3-columns has-multiple-rows\"><ul class=\"wc-block-grid__products\"><li class=\"wc-block-grid__product\">\n\t\t\t\t<a href=\"https:\/\/ravensmoon.fr\/index.php\/produit\/fleur-doranger-70ml-fondation-alzheimer\/\" class=\"wc-block-grid__product-link\">\n\t\t\t\t\t\n\t\t\t\t\t<div class=\"wc-block-grid__product-image\"><img fetchpriority=\"high\" decoding=\"async\" width=\"300\" height=\"300\" src=\"https:\/\/ravensmoon.fr\/wp-content\/uploads\/2026\/02\/17030-300x300.png\" class=\"attachment-woocommerce_thumbnail size-woocommerce_thumbnail\" alt=\"Grand Air 70mL - Fondation Alzheimer\" srcset=\"https:\/\/ravensmoon.fr\/wp-content\/uploads\/2026\/02\/17030-300x300.png 300w, https:\/\/ravensmoon.fr\/wp-content\/uploads\/2026\/02\/17030-1024x1024.png 1024w, https:\/\/ravensmoon.fr\/wp-content\/uploads\/2026\/02\/17030-150x150.png 150w, https:\/\/ravensmoon.fr\/wp-content\/uploads\/2026\/02\/17030-768x767.png 768w, https:\/\/ravensmoon.fr\/wp-content\/uploads\/2026\/02\/17030-600x599.png 600w, https:\/\/ravensmoon.fr\/wp-content\/uploads\/2026\/02\/17030-100x100.png 100w, https:\/\/ravensmoon.fr\/wp-content\/uploads\/2026\/02\/17030-96x96.png 96w, https:\/\/ravensmoon.fr\/wp-content\/uploads\/2026\/02\/17030-42x42.png 42w, https:\/\/ravensmoon.fr\/wp-content\/uploads\/2026\/02\/17030.png 1046w\" sizes=\"(max-width: 300px) 100vw, 300px\" \/><\/div>\n\t\t\t\t\t<div class=\"wc-block-grid__product-title\">Grand Air 70mL &#8211; Fondation Alzheimer<\/div>\n\t\t\t\t<\/a>\n\t\t\t\t<div class=\"wc-block-grid__product-price price\"><span class=\"woocommerce-Price-amount amount\">10,90&nbsp;<span class=\"woocommerce-Price-currencySymbol\">&euro;<\/span><\/span><\/div>\n\t\t\t\t\n\t\t\t\t<div class=\"wp-block-button wc-block-grid__product-add-to-cart\"><a href=\"\/index.php\/wp-json\/wp\/v2\/pages\/587?add-to-cart=2612\" aria-label=\"Ajouter au panier\u00a0: &ldquo;Grand Air 70mL - Fondation Alzheimer&rdquo;\" data-quantity=\"1\" data-product_id=\"2612\" data-product_sku=\"\" data-price=\"10.9\" rel=\"nofollow\" class=\"wp-block-button__link  add_to_cart_button ajax_add_to_cart\">Ajouter au panier<\/a><\/div>\n\t\t\t<\/li><li class=\"wc-block-grid__product\">\n\t\t\t\t<a href=\"https:\/\/ravensmoon.fr\/index.php\/produit\/fleur-doranger-fondation-alzheimer\/\" class=\"wc-block-grid__product-link\">\n\t\t\t\t\t\n\t\t\t\t\t<div class=\"wc-block-grid__product-image\"><img decoding=\"async\" width=\"300\" height=\"300\" src=\"https:\/\/ravensmoon.fr\/wp-content\/uploads\/2026\/02\/17029-1-300x300.png\" class=\"attachment-woocommerce_thumbnail size-woocommerce_thumbnail\" alt=\"Grand Air 200mL - Fondation Alzheimer\" srcset=\"https:\/\/ravensmoon.fr\/wp-content\/uploads\/2026\/02\/17029-1-300x300.png 300w, https:\/\/ravensmoon.fr\/wp-content\/uploads\/2026\/02\/17029-1-1024x1024.png 1024w, https:\/\/ravensmoon.fr\/wp-content\/uploads\/2026\/02\/17029-1-150x150.png 150w, https:\/\/ravensmoon.fr\/wp-content\/uploads\/2026\/02\/17029-1-768x767.png 768w, https:\/\/ravensmoon.fr\/wp-content\/uploads\/2026\/02\/17029-1-1320x1319.png 1320w, https:\/\/ravensmoon.fr\/wp-content\/uploads\/2026\/02\/17029-1-600x600.png 600w, https:\/\/ravensmoon.fr\/wp-content\/uploads\/2026\/02\/17029-1-100x100.png 100w, https:\/\/ravensmoon.fr\/wp-content\/uploads\/2026\/02\/17029-1-96x96.png 96w, https:\/\/ravensmoon.fr\/wp-content\/uploads\/2026\/02\/17029-1-42x42.png 42w, https:\/\/ravensmoon.fr\/wp-content\/uploads\/2026\/02\/17029-1.png 1381w\" sizes=\"(max-width: 300px) 100vw, 300px\" \/><\/div>\n\t\t\t\t\t<div class=\"wc-block-grid__product-title\">Grand Air 200mL &#8211; Fondation Alzheimer<\/div>\n\t\t\t\t<\/a>\n\t\t\t\t<div class=\"wc-block-grid__product-price price\"><span class=\"woocommerce-Price-amount amount\">17,90&nbsp;<span class=\"woocommerce-Price-currencySymbol\">&euro;<\/span><\/span><\/div>\n\t\t\t\t\n\t\t\t\t<div class=\"wp-block-button wc-block-grid__product-add-to-cart\"><a href=\"\/index.php\/wp-json\/wp\/v2\/pages\/587?add-to-cart=2609\" aria-label=\"Ajouter au panier\u00a0: &ldquo;Grand Air 200mL - Fondation Alzheimer&rdquo;\" data-quantity=\"1\" data-product_id=\"2609\" data-product_sku=\"\" data-price=\"17.9\" rel=\"nofollow\" class=\"wp-block-button__link  add_to_cart_button ajax_add_to_cart\">Ajouter au panier<\/a><\/div>\n\t\t\t<\/li><li class=\"wc-block-grid__product\">\n\t\t\t\t<a href=\"https:\/\/ravensmoon.fr\/index.php\/produit\/fondant-fleur-doranger-fondation-alzheimer\/\" class=\"wc-block-grid__product-link\">\n\t\t\t\t\t\n\t\t\t\t\t<div class=\"wc-block-grid__product-image\"><img decoding=\"async\" width=\"300\" height=\"300\" src=\"https:\/\/ravensmoon.fr\/wp-content\/uploads\/2026\/02\/16972-300x300.png\" class=\"attachment-woocommerce_thumbnail size-woocommerce_thumbnail\" alt=\"Fondant Fleur d&#039;oranger - Fondation Alzheimer\" srcset=\"https:\/\/ravensmoon.fr\/wp-content\/uploads\/2026\/02\/16972-300x300.png 300w, https:\/\/ravensmoon.fr\/wp-content\/uploads\/2026\/02\/16972-1024x1024.png 1024w, https:\/\/ravensmoon.fr\/wp-content\/uploads\/2026\/02\/16972-150x150.png 150w, https:\/\/ravensmoon.fr\/wp-content\/uploads\/2026\/02\/16972-768x768.png 768w, https:\/\/ravensmoon.fr\/wp-content\/uploads\/2026\/02\/16972-1536x1536.png 1536w, https:\/\/ravensmoon.fr\/wp-content\/uploads\/2026\/02\/16972-1320x1321.png 1320w, https:\/\/ravensmoon.fr\/wp-content\/uploads\/2026\/02\/16972-600x600.png 600w, https:\/\/ravensmoon.fr\/wp-content\/uploads\/2026\/02\/16972-100x100.png 100w, https:\/\/ravensmoon.fr\/wp-content\/uploads\/2026\/02\/16972-96x96.png 96w, https:\/\/ravensmoon.fr\/wp-content\/uploads\/2026\/02\/16972-42x42.png 42w, https:\/\/ravensmoon.fr\/wp-content\/uploads\/2026\/02\/16972.png 1625w\" sizes=\"(max-width: 300px) 100vw, 300px\" \/><\/div>\n\t\t\t\t\t<div class=\"wc-block-grid__product-title\">Fondant Fleur d&#8217;oranger &#8211; Fondation Alzheimer<\/div>\n\t\t\t\t<\/a>\n\t\t\t\t<div class=\"wc-block-grid__product-price price\"><span class=\"woocommerce-Price-amount amount\">6,50&nbsp;<span class=\"woocommerce-Price-currencySymbol\">&euro;<\/span><\/span><\/div>\n\t\t\t\t\n\t\t\t\t<div class=\"wp-block-button wc-block-grid__product-add-to-cart\"><a href=\"\/index.php\/wp-json\/wp\/v2\/pages\/587?add-to-cart=2606\" aria-label=\"Ajouter au panier\u00a0: &ldquo;Fondant Fleur d&#039;oranger - Fondation Alzheimer&rdquo;\" data-quantity=\"1\" data-product_id=\"2606\" data-product_sku=\"\" data-price=\"6.5\" rel=\"nofollow\" class=\"wp-block-button__link  add_to_cart_button ajax_add_to_cart\">Ajouter au panier<\/a><\/div>\n\t\t\t<\/li><li class=\"wc-block-grid__product\">\n\t\t\t\t<a href=\"https:\/\/ravensmoon.fr\/index.php\/produit\/la-cape-fondants-parfumes\/\" class=\"wc-block-grid__product-link\">\n\t\t\t\t\t\n\t\t\t\t\t<div class=\"wc-block-grid__product-image\"><img loading=\"lazy\" decoding=\"async\" width=\"300\" height=\"300\" src=\"https:\/\/ravensmoon.fr\/wp-content\/uploads\/2025\/09\/16844-300x300.png\" class=\"attachment-woocommerce_thumbnail size-woocommerce_thumbnail\" alt=\"La Cape - Fondants parfum\u00e9s\" srcset=\"https:\/\/ravensmoon.fr\/wp-content\/uploads\/2025\/09\/16844-300x300.png 300w, https:\/\/ravensmoon.fr\/wp-content\/uploads\/2025\/09\/16844-1024x1024.png 1024w, https:\/\/ravensmoon.fr\/wp-content\/uploads\/2025\/09\/16844-150x150.png 150w, https:\/\/ravensmoon.fr\/wp-content\/uploads\/2025\/09\/16844-768x768.png 768w, https:\/\/ravensmoon.fr\/wp-content\/uploads\/2025\/09\/16844-600x600.png 600w, https:\/\/ravensmoon.fr\/wp-content\/uploads\/2025\/09\/16844-100x100.png 100w, https:\/\/ravensmoon.fr\/wp-content\/uploads\/2025\/09\/16844-96x96.png 96w, https:\/\/ravensmoon.fr\/wp-content\/uploads\/2025\/09\/16844-42x42.png 42w, https:\/\/ravensmoon.fr\/wp-content\/uploads\/2025\/09\/16844.png 1127w\" sizes=\"(max-width: 300px) 100vw, 300px\" \/><\/div>\n\t\t\t\t\t<div class=\"wc-block-grid__product-title\">La Cape &#8211; Fondants parfum\u00e9s<\/div>\n\t\t\t\t<\/a>\n\t\t\t\t<div class=\"wc-block-grid__product-price price\"><span class=\"woocommerce-Price-amount amount\">4,00&nbsp;<span class=\"woocommerce-Price-currencySymbol\">&euro;<\/span><\/span><\/div>\n\t\t\t\t\n\t\t\t\t<div class=\"wp-block-button wc-block-grid__product-add-to-cart\"><a href=\"https:\/\/ravensmoon.fr\/index.php\/produit\/la-cape-fondants-parfumes\/\" aria-label=\"S\u00e9lectionner les options pour &ldquo;La Cape - Fondants parfum\u00e9s&rdquo;\" data-quantity=\"1\" data-product_id=\"2048\" data-product_sku=\"\" data-price=\"4\" rel=\"nofollow\" class=\"wp-block-button__link  add_to_cart_button\">Choix des options<\/a><\/div>\n\t\t\t<\/li><\/ul><\/div>\n\n<p><strong>Cette gamme a \u00e9t\u00e9 cr\u00e9\u00e9e pour vous proposer des bougies \u00e0 but caritatif.<\/strong><\/p>\n<p><strong>75% des b\u00e9n\u00e9fices de cette gamme sont revers\u00e9s \u00e0 une association, les 25% restants sont r\u00e9utilis\u00e9s pour faire perdurer cette gamme.<\/strong><\/p>\n<p><strong>Nous vous proposons 2 causes:<\/strong><\/p>\n<ul>\n<li><strong>LA CAPE <a href=\"https:\/\/lacape.org\/\">Association LA CAPE &#8211; Chiens d&#8217;assistance<\/a> : Etat de Stress Post-Traumatique; pour aider les victimes d&#8217;attentat, les militaires ou primo-intervenants (pompier, policier, soignant). Don r\u00e9alis\u00e9 de fa\u00e7on trimestrielle.\u00a0<\/strong><\/li>\n<li><strong>Cause p\u00e9riodique : pour un ou plusieurs mois, et vous tenons inform\u00e9 de la somme r\u00e9colt\u00e9e et revers\u00e9e \u00e0 l&#8217;association.\u00a0<\/strong><\/li>\n<\/ul>\n<p><strong>Mars 2025<\/strong> : 25\u20ac ont \u00e9t\u00e9 revers\u00e9s \u00e0 la Fondation Alzheimer (d\u00e9cembre 2024 \u00e0 mars 2025).<\/p>\n<p><strong>Novembre 2025 :<\/strong> 27.50\u20ac ont \u00e9t\u00e9 revers\u00e9s \u00e0 l&#8217;association Bleuets de France, soutenant les bless\u00e9s et victimes de guerres.<\/p>\n<p><strong>Octobre Rose 2025 :<\/strong> 175\u20ac ont \u00e9t\u00e9 revers\u00e9s \u00e0 l&#8217;association Reconstruction Seins Info,\u00a0 informant et accompagnant les femmes atteintes du Cancer du Sein, sur toutes les techniques de reconstruction mammaire.<\/p>\n<p><strong>Marathon de l&#8217;espoir, Ultra-trail du Cambodge 2025 :<\/strong> 100\u20ac ont \u00e9t\u00e9 revers\u00e9s \u00e0 la cagnotte Marathon de l&#8217;espoir, afin d&#8217;aider \u00e0 financer le voyage et l&#8217;organisation de l&#8217;association, pour l&#8217;Ultra-Trail du Cambodge.\u00a0<\/p>\n<p><strong>Etat de Stress Post-Traumatique :<\/strong> Don tous les 3 mois \u00e0 l&#8217;association LA CAPE <a href=\"https:\/\/lacape.org\/\">Association LA CAPE &#8211; Chiens d&#8217;assistance<\/a>.<\/p>\n<p>50\u20ac ont \u00e9t\u00e9 revers\u00e9s pour l&#8217;ann\u00e9e 2024 !<\/p>\n<p>40\u20ac ont \u00e9t\u00e9 revers\u00e9s pour l&#8217;ann\u00e9e 2025 !<\/p>","protected":false},"excerpt":{"rendered":"<p>Cette gamme a \u00e9t\u00e9 cr\u00e9\u00e9e pour vous proposer des bougies \u00e0 but caritatif. 75% des b\u00e9n\u00e9fices de cette gamme sont revers\u00e9s \u00e0 une association, les 25% restants sont r\u00e9utilis\u00e9s pour faire perdurer cette gamme. Nous vous proposons 2 causes: LA CAPE Association LA CAPE &#8211; Chiens d&#8217;assistance : Etat de Stress Post-Traumatique; pour aider les [&hellip;]<\/p>\n","protected":false},"author":1,"featured_media":0,"parent":0,"menu_order":0,"comment_status":"closed","ping_status":"closed","template":"","meta":{"footnotes":""},"class_list":["post-587","page","type-page","status-publish","hentry"],"yoast_head":"<!-- This site is optimized with the Yoast SEO plugin v27.4 - https:\/\/yoast.com\/product\/yoast-seo-wordpress\/ -->\n<title>Raven&#039;s Moon - Cr\u00e9ation Bougies<\/title>\n<meta name=\"description\" content=\"Nous vous proposons diff\u00e9rents styles de bougies, confectionn\u00e9es \u00e0 la main, afin de vous de vous faire voyager au fil des saisons, ou de vous accompagner lors de vos rituels. La plupart de nos articles peuvent \u00eatre r\u00e9alis\u00e9s sur mesure, n\u2019h\u00e9sitez pas \u00e0 nous contacter !\" \/>\n<meta name=\"robots\" content=\"index, follow, max-snippet:-1, max-image-preview:large, max-video-preview:-1\" \/>\n<link rel=\"canonical\" href=\"https:\/\/ravensmoon.fr\/index.php\/bougies-caritatives\/\" \/>\n<meta property=\"og:locale\" content=\"fr_FR\" \/>\n<meta property=\"og:type\" content=\"article\" \/>\n<meta property=\"og:title\" content=\"Raven&#039;s Moon - Cr\u00e9ation Bougies\" \/>\n<meta property=\"og:description\" content=\"Nous vous proposons diff\u00e9rents styles de bougies, confectionn\u00e9es \u00e0 la main, afin de vous de vous faire voyager au fil des saisons, ou de vous accompagner lors de vos rituels. La plupart de nos articles peuvent \u00eatre r\u00e9alis\u00e9s sur mesure, n\u2019h\u00e9sitez pas \u00e0 nous contacter !\" \/>\n<meta property=\"og:url\" content=\"https:\/\/ravensmoon.fr\/index.php\/bougies-caritatives\/\" \/>\n<meta property=\"og:site_name\" content=\"Raven&#039;s Moon\" \/>\n<meta property=\"article:publisher\" content=\"https:\/\/www.facebook.com\/profile.php?id=61565761895747&amp;locale=fr_FR\" \/>\n<meta property=\"article:modified_time\" content=\"2026-04-01T11:10:20+00:00\" \/>\n<meta name=\"twitter:card\" content=\"summary_large_image\" \/>\n<meta name=\"twitter:label1\" content=\"Dur\u00e9e de lecture estim\u00e9e\" \/>\n\t<meta name=\"twitter:data1\" content=\"2 minutes\" \/>\n<script type=\"application\/ld+json\" class=\"yoast-schema-graph\">{\"@context\":\"https:\\\/\\\/schema.org\",\"@graph\":[{\"@type\":\"WebPage\",\"@id\":\"https:\\\/\\\/ravensmoon.fr\\\/index.php\\\/bougies-caritatives\\\/\",\"url\":\"https:\\\/\\\/ravensmoon.fr\\\/index.php\\\/bougies-caritatives\\\/\",\"name\":\"Raven's Moon - Cr\u00e9ation Bougies\",\"isPartOf\":{\"@id\":\"https:\\\/\\\/ravensmoon.fr\\\/#website\"},\"datePublished\":\"2024-09-21T16:32:34+00:00\",\"dateModified\":\"2026-04-01T11:10:20+00:00\",\"description\":\"Nous vous proposons diff\u00e9rents styles de bougies, confectionn\u00e9es \u00e0 la main, afin de vous de vous faire voyager au fil des saisons, ou de vous accompagner lors de vos rituels. La plupart de nos articles peuvent \u00eatre r\u00e9alis\u00e9s sur mesure, n\u2019h\u00e9sitez pas \u00e0 nous contacter !\",\"breadcrumb\":{\"@id\":\"https:\\\/\\\/ravensmoon.fr\\\/index.php\\\/bougies-caritatives\\\/#breadcrumb\"},\"inLanguage\":\"fr-FR\",\"potentialAction\":[{\"@type\":\"ReadAction\",\"target\":[\"https:\\\/\\\/ravensmoon.fr\\\/index.php\\\/bougies-caritatives\\\/\"]}]},{\"@type\":\"BreadcrumbList\",\"@id\":\"https:\\\/\\\/ravensmoon.fr\\\/index.php\\\/bougies-caritatives\\\/#breadcrumb\",\"itemListElement\":[{\"@type\":\"ListItem\",\"position\":1,\"name\":\"Accueil\",\"item\":\"https:\\\/\\\/ravensmoon.fr\\\/\"},{\"@type\":\"ListItem\",\"position\":2,\"name\":\"Collection Caritative\"}]},{\"@type\":\"WebSite\",\"@id\":\"https:\\\/\\\/ravensmoon.fr\\\/#website\",\"url\":\"https:\\\/\\\/ravensmoon.fr\\\/\",\"name\":\"Raven's Moon\",\"description\":\"\",\"publisher\":{\"@id\":\"https:\\\/\\\/ravensmoon.fr\\\/#organization\"},\"potentialAction\":[{\"@type\":\"SearchAction\",\"target\":{\"@type\":\"EntryPoint\",\"urlTemplate\":\"https:\\\/\\\/ravensmoon.fr\\\/?s={search_term_string}\"},\"query-input\":{\"@type\":\"PropertyValueSpecification\",\"valueRequired\":true,\"valueName\":\"search_term_string\"}}],\"inLanguage\":\"fr-FR\"},{\"@type\":\"Organization\",\"@id\":\"https:\\\/\\\/ravensmoon.fr\\\/#organization\",\"name\":\"Raven's Moon\",\"url\":\"https:\\\/\\\/ravensmoon.fr\\\/\",\"logo\":{\"@type\":\"ImageObject\",\"inLanguage\":\"fr-FR\",\"@id\":\"https:\\\/\\\/ravensmoon.fr\\\/#\\\/schema\\\/logo\\\/image\\\/\",\"url\":\"https:\\\/\\\/ravensmoon.fr\\\/wp-content\\\/uploads\\\/2024\\\/05\\\/cropped-cropped-cropped-Logossf-2.png\",\"contentUrl\":\"https:\\\/\\\/ravensmoon.fr\\\/wp-content\\\/uploads\\\/2024\\\/05\\\/cropped-cropped-cropped-Logossf-2.png\",\"width\":417,\"height\":337,\"caption\":\"Raven's Moon\"},\"image\":{\"@id\":\"https:\\\/\\\/ravensmoon.fr\\\/#\\\/schema\\\/logo\\\/image\\\/\"},\"sameAs\":[\"https:\\\/\\\/www.facebook.com\\\/profile.php?id=61565761895747&locale=fr_FR\",\"https:\\\/\\\/www.instagram.com\\\/raven_s_moon\"]}]}<\/script>\n<!-- \/ Yoast SEO plugin. -->","yoast_head_json":{"title":"Raven's Moon - Cr\u00e9ation Bougies","description":"Nous vous proposons diff\u00e9rents styles de bougies, confectionn\u00e9es \u00e0 la main, afin de vous de vous faire voyager au fil des saisons, ou de vous accompagner lors de vos rituels. La plupart de nos articles peuvent \u00eatre r\u00e9alis\u00e9s sur mesure, n\u2019h\u00e9sitez pas \u00e0 nous contacter !","robots":{"index":"index","follow":"follow","max-snippet":"max-snippet:-1","max-image-preview":"max-image-preview:large","max-video-preview":"max-video-preview:-1"},"canonical":"https:\/\/ravensmoon.fr\/index.php\/bougies-caritatives\/","og_locale":"fr_FR","og_type":"article","og_title":"Raven's Moon - Cr\u00e9ation Bougies","og_description":"Nous vous proposons diff\u00e9rents styles de bougies, confectionn\u00e9es \u00e0 la main, afin de vous de vous faire voyager au fil des saisons, ou de vous accompagner lors de vos rituels. La plupart de nos articles peuvent \u00eatre r\u00e9alis\u00e9s sur mesure, n\u2019h\u00e9sitez pas \u00e0 nous contacter !","og_url":"https:\/\/ravensmoon.fr\/index.php\/bougies-caritatives\/","og_site_name":"Raven&#039;s Moon","article_publisher":"https:\/\/www.facebook.com\/profile.php?id=61565761895747&locale=fr_FR","article_modified_time":"2026-04-01T11:10:20+00:00","twitter_card":"summary_large_image","twitter_misc":{"Dur\u00e9e de lecture estim\u00e9e":"2 minutes"},"schema":{"@context":"https:\/\/schema.org","@graph":[{"@type":"WebPage","@id":"https:\/\/ravensmoon.fr\/index.php\/bougies-caritatives\/","url":"https:\/\/ravensmoon.fr\/index.php\/bougies-caritatives\/","name":"Raven's Moon - Cr\u00e9ation Bougies","isPartOf":{"@id":"https:\/\/ravensmoon.fr\/#website"},"datePublished":"2024-09-21T16:32:34+00:00","dateModified":"2026-04-01T11:10:20+00:00","description":"Nous vous proposons diff\u00e9rents styles de bougies, confectionn\u00e9es \u00e0 la main, afin de vous de vous faire voyager au fil des saisons, ou de vous accompagner lors de vos rituels. La plupart de nos articles peuvent \u00eatre r\u00e9alis\u00e9s sur mesure, n\u2019h\u00e9sitez pas \u00e0 nous contacter !","breadcrumb":{"@id":"https:\/\/ravensmoon.fr\/index.php\/bougies-caritatives\/#breadcrumb"},"inLanguage":"fr-FR","potentialAction":[{"@type":"ReadAction","target":["https:\/\/ravensmoon.fr\/index.php\/bougies-caritatives\/"]}]},{"@type":"BreadcrumbList","@id":"https:\/\/ravensmoon.fr\/index.php\/bougies-caritatives\/#breadcrumb","itemListElement":[{"@type":"ListItem","position":1,"name":"Accueil","item":"https:\/\/ravensmoon.fr\/"},{"@type":"ListItem","position":2,"name":"Collection Caritative"}]},{"@type":"WebSite","@id":"https:\/\/ravensmoon.fr\/#website","url":"https:\/\/ravensmoon.fr\/","name":"Raven's Moon","description":"","publisher":{"@id":"https:\/\/ravensmoon.fr\/#organization"},"potentialAction":[{"@type":"SearchAction","target":{"@type":"EntryPoint","urlTemplate":"https:\/\/ravensmoon.fr\/?s={search_term_string}"},"query-input":{"@type":"PropertyValueSpecification","valueRequired":true,"valueName":"search_term_string"}}],"inLanguage":"fr-FR"},{"@type":"Organization","@id":"https:\/\/ravensmoon.fr\/#organization","name":"Raven's Moon","url":"https:\/\/ravensmoon.fr\/","logo":{"@type":"ImageObject","inLanguage":"fr-FR","@id":"https:\/\/ravensmoon.fr\/#\/schema\/logo\/image\/","url":"https:\/\/ravensmoon.fr\/wp-content\/uploads\/2024\/05\/cropped-cropped-cropped-Logossf-2.png","contentUrl":"https:\/\/ravensmoon.fr\/wp-content\/uploads\/2024\/05\/cropped-cropped-cropped-Logossf-2.png","width":417,"height":337,"caption":"Raven's Moon"},"image":{"@id":"https:\/\/ravensmoon.fr\/#\/schema\/logo\/image\/"},"sameAs":["https:\/\/www.facebook.com\/profile.php?id=61565761895747&locale=fr_FR","https:\/\/www.instagram.com\/raven_s_moon"]}]}},"jetpack_sharing_enabled":true,"_links":{"self":[{"href":"https:\/\/ravensmoon.fr\/index.php\/wp-json\/wp\/v2\/pages\/587","targetHints":{"allow":["GET"]}}],"collection":[{"href":"https:\/\/ravensmoon.fr\/index.php\/wp-json\/wp\/v2\/pages"}],"about":[{"href":"https:\/\/ravensmoon.fr\/index.php\/wp-json\/wp\/v2\/types\/page"}],"author":[{"embeddable":true,"href":"https:\/\/ravensmoon.fr\/index.php\/wp-json\/wp\/v2\/users\/1"}],"replies":[{"embeddable":true,"href":"https:\/\/ravensmoon.fr\/index.php\/wp-json\/wp\/v2\/comments?post=587"}],"version-history":[{"count":25,"href":"https:\/\/ravensmoon.fr\/index.php\/wp-json\/wp\/v2\/pages\/587\/revisions"}],"predecessor-version":[{"id":2692,"href":"https:\/\/ravensmoon.fr\/index.php\/wp-json\/wp\/v2\/pages\/587\/revisions\/2692"}],"wp:attachment":[{"href":"https:\/\/ravensmoon.fr\/index.php\/wp-json\/wp\/v2\/media?parent=587"}],"curies":[{"name":"wp","href":"https:\/\/api.w.org\/{rel}","templated":true}]}}