{"id":1531,"date":"2025-03-06T12:52:43","date_gmt":"2025-03-06T11:52:43","guid":{"rendered":"https:\/\/ravensmoon.fr\/?post_type=product&#038;p=1531"},"modified":"2026-03-31T15:49:40","modified_gmt":"2026-03-31T13:49:40","slug":"souvenir-dantan","status":"publish","type":"product","link":"https:\/\/ravensmoon.fr\/index.php\/produit\/souvenir-dantan\/","title":{"rendered":"Souvenirs d&#8217;antan"},"content":{"rendered":"<p>La douce lueur de cette bougie rappelle des instants pr\u00e9cieux. Son parfum subtil embaume d\u00e9licatement la pi\u00e8ce, cr\u00e9ant une atmosph\u00e8re apaisante. La cire de soja, naturelle et \u00e9cologique, se consume lentement et uniform\u00e9ment. Un souvenir d\u00e9licat \u00e0 offrir ou \u00e0 s&#8217;offrir pour prolonger un moment agr\u00e9able. Elle apportera une touche de douceur et de s\u00e9r\u00e9nit\u00e9 \u00e0 votre int\u00e9rieur.<\/p>\n<p>Poids net : 160g<\/p>\n<p>Poids total : 280g<\/p>\n","protected":false},"excerpt":{"rendered":"<p>La douce lueur de cette bougie rappelle des instants pr\u00e9cieux. Son parfum subtil embaume d\u00e9licatement la pi\u00e8ce, cr\u00e9ant une atmosph\u00e8re apaisante. La cire de soja, naturelle et \u00e9cologique, se consume lentement et uniform\u00e9ment. Un souvenir d\u00e9licat \u00e0 offrir ou \u00e0 s&#8217;offrir pour prolonger un moment agr\u00e9able. Elle apportera une touche de douceur et de s\u00e9r\u00e9nit\u00e9 [&hellip;]<\/p>\n","protected":false},"featured_media":2565,"comment_status":"open","ping_status":"closed","template":"","meta":[],"product_brand":[],"product_cat":[18,40,30],"product_tag":[],"class_list":{"0":"post-1531","1":"product","2":"type-product","3":"status-publish","4":"has-post-thumbnail","6":"product_cat-bougie","7":"product_cat-bougies-de-saison","8":"product_cat-bougies-parfumees","10":"first","11":"instock","12":"shipping-taxable","13":"purchasable","14":"product-type-variable"},"yoast_head":"<!-- This site is optimized with the Yoast SEO plugin v27.4 - https:\/\/yoast.com\/product\/yoast-seo-wordpress\/ -->\n<title>Souvenirs d&#039;antan - Raven&#039;s Moon<\/title>\n<meta name=\"robots\" content=\"index, follow, max-snippet:-1, max-image-preview:large, max-video-preview:-1\" \/>\n<link rel=\"canonical\" href=\"https:\/\/ravensmoon.fr\/index.php\/produit\/souvenir-dantan\/\" \/>\n<meta property=\"og:locale\" content=\"fr_FR\" \/>\n<meta property=\"og:type\" content=\"article\" \/>\n<meta property=\"og:title\" content=\"Souvenirs d&#039;antan - Raven&#039;s Moon\" \/>\n<meta property=\"og:description\" content=\"La douce lueur de cette bougie rappelle des instants pr\u00e9cieux. Son parfum subtil embaume d\u00e9licatement la pi\u00e8ce, cr\u00e9ant une atmosph\u00e8re apaisante. La cire de soja, naturelle et \u00e9cologique, se consume lentement et uniform\u00e9ment. Un souvenir d\u00e9licat \u00e0 offrir ou \u00e0 s&#8217;offrir pour prolonger un moment agr\u00e9able. Elle apportera une touche de douceur et de s\u00e9r\u00e9nit\u00e9 [&hellip;]\" \/>\n<meta property=\"og:url\" content=\"https:\/\/ravensmoon.fr\/index.php\/produit\/souvenir-dantan\/\" \/>\n<meta property=\"og:site_name\" content=\"Raven&#039;s Moon\" \/>\n<meta property=\"article:publisher\" content=\"https:\/\/www.facebook.com\/profile.php?id=61565761895747&amp;locale=fr_FR\" \/>\n<meta property=\"article:modified_time\" content=\"2026-03-31T13:49:40+00:00\" \/>\n<meta property=\"og:image\" content=\"https:\/\/ravensmoon.fr\/wp-content\/uploads\/2025\/03\/1000027086.png\" \/>\n\t<meta property=\"og:image:width\" content=\"1868\" \/>\n\t<meta property=\"og:image:height\" content=\"1869\" \/>\n\t<meta property=\"og:image:type\" content=\"image\/png\" \/>\n<meta name=\"twitter:card\" content=\"summary_large_image\" \/>\n<meta name=\"twitter:label1\" content=\"Dur\u00e9e de lecture estim\u00e9e\" \/>\n\t<meta name=\"twitter:data1\" content=\"1 minute\" \/>\n<script type=\"application\/ld+json\" class=\"yoast-schema-graph\">{\"@context\":\"https:\\\/\\\/schema.org\",\"@graph\":[{\"@type\":\"WebPage\",\"@id\":\"https:\\\/\\\/ravensmoon.fr\\\/index.php\\\/produit\\\/souvenir-dantan\\\/\",\"url\":\"https:\\\/\\\/ravensmoon.fr\\\/index.php\\\/produit\\\/souvenir-dantan\\\/\",\"name\":\"Souvenirs d'antan - Raven&#039;s Moon\",\"isPartOf\":{\"@id\":\"https:\\\/\\\/ravensmoon.fr\\\/#website\"},\"primaryImageOfPage\":{\"@id\":\"https:\\\/\\\/ravensmoon.fr\\\/index.php\\\/produit\\\/souvenir-dantan\\\/#primaryimage\"},\"image\":{\"@id\":\"https:\\\/\\\/ravensmoon.fr\\\/index.php\\\/produit\\\/souvenir-dantan\\\/#primaryimage\"},\"thumbnailUrl\":\"https:\\\/\\\/ravensmoon.fr\\\/wp-content\\\/uploads\\\/2025\\\/03\\\/16858-scaled.png\",\"datePublished\":\"2025-03-06T11:52:43+00:00\",\"dateModified\":\"2026-03-31T13:49:40+00:00\",\"breadcrumb\":{\"@id\":\"https:\\\/\\\/ravensmoon.fr\\\/index.php\\\/produit\\\/souvenir-dantan\\\/#breadcrumb\"},\"inLanguage\":\"fr-FR\",\"potentialAction\":[{\"@type\":\"ReadAction\",\"target\":[\"https:\\\/\\\/ravensmoon.fr\\\/index.php\\\/produit\\\/souvenir-dantan\\\/\"]}]},{\"@type\":\"ImageObject\",\"inLanguage\":\"fr-FR\",\"@id\":\"https:\\\/\\\/ravensmoon.fr\\\/index.php\\\/produit\\\/souvenir-dantan\\\/#primaryimage\",\"url\":\"https:\\\/\\\/ravensmoon.fr\\\/wp-content\\\/uploads\\\/2025\\\/03\\\/16858-scaled.png\",\"contentUrl\":\"https:\\\/\\\/ravensmoon.fr\\\/wp-content\\\/uploads\\\/2025\\\/03\\\/16858-scaled.png\",\"width\":2560,\"height\":2560},{\"@type\":\"BreadcrumbList\",\"@id\":\"https:\\\/\\\/ravensmoon.fr\\\/index.php\\\/produit\\\/souvenir-dantan\\\/#breadcrumb\",\"itemListElement\":[{\"@type\":\"ListItem\",\"position\":1,\"name\":\"Accueil\",\"item\":\"https:\\\/\\\/ravensmoon.fr\\\/\"},{\"@type\":\"ListItem\",\"position\":2,\"name\":\"Bougies\",\"item\":\"https:\\\/\\\/ravensmoon.fr\\\/index.php\\\/bougies\\\/\"},{\"@type\":\"ListItem\",\"position\":3,\"name\":\"Souvenirs d&#8217;antan\"}]},{\"@type\":\"WebSite\",\"@id\":\"https:\\\/\\\/ravensmoon.fr\\\/#website\",\"url\":\"https:\\\/\\\/ravensmoon.fr\\\/\",\"name\":\"Raven's Moon\",\"description\":\"\",\"publisher\":{\"@id\":\"https:\\\/\\\/ravensmoon.fr\\\/#organization\"},\"potentialAction\":[{\"@type\":\"SearchAction\",\"target\":{\"@type\":\"EntryPoint\",\"urlTemplate\":\"https:\\\/\\\/ravensmoon.fr\\\/?s={search_term_string}\"},\"query-input\":{\"@type\":\"PropertyValueSpecification\",\"valueRequired\":true,\"valueName\":\"search_term_string\"}}],\"inLanguage\":\"fr-FR\"},{\"@type\":\"Organization\",\"@id\":\"https:\\\/\\\/ravensmoon.fr\\\/#organization\",\"name\":\"Raven's Moon\",\"url\":\"https:\\\/\\\/ravensmoon.fr\\\/\",\"logo\":{\"@type\":\"ImageObject\",\"inLanguage\":\"fr-FR\",\"@id\":\"https:\\\/\\\/ravensmoon.fr\\\/#\\\/schema\\\/logo\\\/image\\\/\",\"url\":\"https:\\\/\\\/ravensmoon.fr\\\/wp-content\\\/uploads\\\/2024\\\/05\\\/cropped-cropped-cropped-Logossf-2.png\",\"contentUrl\":\"https:\\\/\\\/ravensmoon.fr\\\/wp-content\\\/uploads\\\/2024\\\/05\\\/cropped-cropped-cropped-Logossf-2.png\",\"width\":417,\"height\":337,\"caption\":\"Raven's Moon\"},\"image\":{\"@id\":\"https:\\\/\\\/ravensmoon.fr\\\/#\\\/schema\\\/logo\\\/image\\\/\"},\"sameAs\":[\"https:\\\/\\\/www.facebook.com\\\/profile.php?id=61565761895747&locale=fr_FR\",\"https:\\\/\\\/www.instagram.com\\\/raven_s_moon\"]}]}<\/script>\n<!-- \/ Yoast SEO plugin. -->","yoast_head_json":{"title":"Souvenirs d'antan - Raven&#039;s Moon","robots":{"index":"index","follow":"follow","max-snippet":"max-snippet:-1","max-image-preview":"max-image-preview:large","max-video-preview":"max-video-preview:-1"},"canonical":"https:\/\/ravensmoon.fr\/index.php\/produit\/souvenir-dantan\/","og_locale":"fr_FR","og_type":"article","og_title":"Souvenirs d'antan - Raven&#039;s Moon","og_description":"La douce lueur de cette bougie rappelle des instants pr\u00e9cieux. Son parfum subtil embaume d\u00e9licatement la pi\u00e8ce, cr\u00e9ant une atmosph\u00e8re apaisante. La cire de soja, naturelle et \u00e9cologique, se consume lentement et uniform\u00e9ment. Un souvenir d\u00e9licat \u00e0 offrir ou \u00e0 s&#8217;offrir pour prolonger un moment agr\u00e9able. Elle apportera une touche de douceur et de s\u00e9r\u00e9nit\u00e9 [&hellip;]","og_url":"https:\/\/ravensmoon.fr\/index.php\/produit\/souvenir-dantan\/","og_site_name":"Raven&#039;s Moon","article_publisher":"https:\/\/www.facebook.com\/profile.php?id=61565761895747&locale=fr_FR","article_modified_time":"2026-03-31T13:49:40+00:00","og_image":[{"width":1868,"height":1869,"url":"https:\/\/ravensmoon.fr\/wp-content\/uploads\/2025\/03\/1000027086.png","type":"image\/png"}],"twitter_card":"summary_large_image","twitter_misc":{"Dur\u00e9e de lecture estim\u00e9e":"1 minute"},"schema":{"@context":"https:\/\/schema.org","@graph":[{"@type":"WebPage","@id":"https:\/\/ravensmoon.fr\/index.php\/produit\/souvenir-dantan\/","url":"https:\/\/ravensmoon.fr\/index.php\/produit\/souvenir-dantan\/","name":"Souvenirs d'antan - Raven&#039;s Moon","isPartOf":{"@id":"https:\/\/ravensmoon.fr\/#website"},"primaryImageOfPage":{"@id":"https:\/\/ravensmoon.fr\/index.php\/produit\/souvenir-dantan\/#primaryimage"},"image":{"@id":"https:\/\/ravensmoon.fr\/index.php\/produit\/souvenir-dantan\/#primaryimage"},"thumbnailUrl":"https:\/\/ravensmoon.fr\/wp-content\/uploads\/2025\/03\/16858-scaled.png","datePublished":"2025-03-06T11:52:43+00:00","dateModified":"2026-03-31T13:49:40+00:00","breadcrumb":{"@id":"https:\/\/ravensmoon.fr\/index.php\/produit\/souvenir-dantan\/#breadcrumb"},"inLanguage":"fr-FR","potentialAction":[{"@type":"ReadAction","target":["https:\/\/ravensmoon.fr\/index.php\/produit\/souvenir-dantan\/"]}]},{"@type":"ImageObject","inLanguage":"fr-FR","@id":"https:\/\/ravensmoon.fr\/index.php\/produit\/souvenir-dantan\/#primaryimage","url":"https:\/\/ravensmoon.fr\/wp-content\/uploads\/2025\/03\/16858-scaled.png","contentUrl":"https:\/\/ravensmoon.fr\/wp-content\/uploads\/2025\/03\/16858-scaled.png","width":2560,"height":2560},{"@type":"BreadcrumbList","@id":"https:\/\/ravensmoon.fr\/index.php\/produit\/souvenir-dantan\/#breadcrumb","itemListElement":[{"@type":"ListItem","position":1,"name":"Accueil","item":"https:\/\/ravensmoon.fr\/"},{"@type":"ListItem","position":2,"name":"Bougies","item":"https:\/\/ravensmoon.fr\/index.php\/bougies\/"},{"@type":"ListItem","position":3,"name":"Souvenirs d&#8217;antan"}]},{"@type":"WebSite","@id":"https:\/\/ravensmoon.fr\/#website","url":"https:\/\/ravensmoon.fr\/","name":"Raven's Moon","description":"","publisher":{"@id":"https:\/\/ravensmoon.fr\/#organization"},"potentialAction":[{"@type":"SearchAction","target":{"@type":"EntryPoint","urlTemplate":"https:\/\/ravensmoon.fr\/?s={search_term_string}"},"query-input":{"@type":"PropertyValueSpecification","valueRequired":true,"valueName":"search_term_string"}}],"inLanguage":"fr-FR"},{"@type":"Organization","@id":"https:\/\/ravensmoon.fr\/#organization","name":"Raven's Moon","url":"https:\/\/ravensmoon.fr\/","logo":{"@type":"ImageObject","inLanguage":"fr-FR","@id":"https:\/\/ravensmoon.fr\/#\/schema\/logo\/image\/","url":"https:\/\/ravensmoon.fr\/wp-content\/uploads\/2024\/05\/cropped-cropped-cropped-Logossf-2.png","contentUrl":"https:\/\/ravensmoon.fr\/wp-content\/uploads\/2024\/05\/cropped-cropped-cropped-Logossf-2.png","width":417,"height":337,"caption":"Raven's Moon"},"image":{"@id":"https:\/\/ravensmoon.fr\/#\/schema\/logo\/image\/"},"sameAs":["https:\/\/www.facebook.com\/profile.php?id=61565761895747&locale=fr_FR","https:\/\/www.instagram.com\/raven_s_moon"]}]}},"jetpack_sharing_enabled":true,"_links":{"self":[{"href":"https:\/\/ravensmoon.fr\/index.php\/wp-json\/wp\/v2\/product\/1531","targetHints":{"allow":["GET"]}}],"collection":[{"href":"https:\/\/ravensmoon.fr\/index.php\/wp-json\/wp\/v2\/product"}],"about":[{"href":"https:\/\/ravensmoon.fr\/index.php\/wp-json\/wp\/v2\/types\/product"}],"replies":[{"embeddable":true,"href":"https:\/\/ravensmoon.fr\/index.php\/wp-json\/wp\/v2\/comments?post=1531"}],"wp:featuredmedia":[{"embeddable":true,"href":"https:\/\/ravensmoon.fr\/index.php\/wp-json\/wp\/v2\/media\/2565"}],"wp:attachment":[{"href":"https:\/\/ravensmoon.fr\/index.php\/wp-json\/wp\/v2\/media?parent=1531"}],"wp:term":[{"taxonomy":"product_brand","embeddable":true,"href":"https:\/\/ravensmoon.fr\/index.php\/wp-json\/wp\/v2\/product_brand?post=1531"},{"taxonomy":"product_cat","embeddable":true,"href":"https:\/\/ravensmoon.fr\/index.php\/wp-json\/wp\/v2\/product_cat?post=1531"},{"taxonomy":"product_tag","embeddable":true,"href":"https:\/\/ravensmoon.fr\/index.php\/wp-json\/wp\/v2\/product_tag?post=1531"}],"curies":[{"name":"wp","href":"https:\/\/api.w.org\/{rel}","templated":true}]}}