{"id":1651,"date":"2025-03-22T22:45:09","date_gmt":"2025-03-22T21:45:09","guid":{"rendered":"https:\/\/ravensmoon.fr\/?post_type=product&#038;p=1651"},"modified":"2025-07-24T21:31:46","modified_gmt":"2025-07-24T19:31:46","slug":"hibou","status":"publish","type":"product","link":"https:\/\/ravensmoon.fr\/index.php\/produit\/hibou\/","title":{"rendered":"Hibou"},"content":{"rendered":"<p>L&#8217;\u00e9l\u00e9gance se r\u00e9v\u00e8le dans les contrastes subtils et les mati\u00e8res nobles. Un parfum bois\u00e9 de c\u00e8dre se m\u00eale d\u00e9licatement \u00e0 la douceur de la cire de colza. La couleur terracotta, chaude et terreuse, s&#8217;allie \u00e0 la puret\u00e9 du blanc, cr\u00e9ant une harmonie visuelle apaisante. Cette association de teintes \u00e9voque la nature et la s\u00e9r\u00e9nit\u00e9. La cire v\u00e9g\u00e9tale, symbole de puret\u00e9, diffuse lentement son parfum envo\u00fbtant. Un objet raffin\u00e9, t\u00e9moin d&#8217;un savoir-faire artisanal, vient embellir l&#8217;espace.<\/p>\n<p>Poids Net : 30g<\/p>\n","protected":false},"excerpt":{"rendered":"<p>Parfum : C\u00e8dre<\/p>\n<p>Hauteur : 5 cm<\/p>\n<p>Poids net : 30g<\/p>\n<p>Cire de Colza<\/p>\n","protected":false},"featured_media":1856,"comment_status":"open","ping_status":"closed","template":"","meta":[],"product_brand":[],"product_cat":[18,34],"product_tag":[],"class_list":{"0":"post-1651","1":"product","2":"type-product","3":"status-publish","4":"has-post-thumbnail","6":"product_cat-bougie","7":"product_cat-deco","9":"first","10":"instock","11":"shipping-taxable","12":"purchasable","13":"product-type-simple"},"yoast_head":"<!-- This site is optimized with the Yoast SEO plugin v27.4 - https:\/\/yoast.com\/product\/yoast-seo-wordpress\/ -->\n<title>Hibou - Raven&#039;s Moon<\/title>\n<meta name=\"robots\" content=\"index, follow, max-snippet:-1, max-image-preview:large, max-video-preview:-1\" \/>\n<link rel=\"canonical\" href=\"https:\/\/ravensmoon.fr\/index.php\/produit\/hibou\/\" \/>\n<meta property=\"og:locale\" content=\"fr_FR\" \/>\n<meta property=\"og:type\" content=\"article\" \/>\n<meta property=\"og:title\" content=\"Hibou - Raven&#039;s Moon\" \/>\n<meta property=\"og:description\" content=\"Parfum : C\u00e8dre Hauteur : 5 cm Poids net : 30g Cire de Colza\" \/>\n<meta property=\"og:url\" content=\"https:\/\/ravensmoon.fr\/index.php\/produit\/hibou\/\" \/>\n<meta property=\"og:site_name\" content=\"Raven&#039;s Moon\" \/>\n<meta property=\"article:publisher\" content=\"https:\/\/www.facebook.com\/profile.php?id=61565761895747&amp;locale=fr_FR\" \/>\n<meta property=\"article:modified_time\" content=\"2025-07-24T19:31:46+00:00\" \/>\n<meta property=\"og:image\" content=\"https:\/\/ravensmoon.fr\/wp-content\/uploads\/2025\/03\/1000026764.png\" \/>\n\t<meta property=\"og:image:width\" content=\"1868\" \/>\n\t<meta property=\"og:image:height\" content=\"1869\" \/>\n\t<meta property=\"og:image:type\" content=\"image\/png\" \/>\n<meta name=\"twitter:card\" content=\"summary_large_image\" \/>\n<meta name=\"twitter:label1\" content=\"Dur\u00e9e de lecture estim\u00e9e\" \/>\n\t<meta name=\"twitter:data1\" content=\"1 minute\" \/>\n<script type=\"application\/ld+json\" class=\"yoast-schema-graph\">{\"@context\":\"https:\\\/\\\/schema.org\",\"@graph\":[{\"@type\":\"WebPage\",\"@id\":\"https:\\\/\\\/ravensmoon.fr\\\/index.php\\\/produit\\\/hibou\\\/\",\"url\":\"https:\\\/\\\/ravensmoon.fr\\\/index.php\\\/produit\\\/hibou\\\/\",\"name\":\"Hibou - Raven&#039;s Moon\",\"isPartOf\":{\"@id\":\"https:\\\/\\\/ravensmoon.fr\\\/#website\"},\"primaryImageOfPage\":{\"@id\":\"https:\\\/\\\/ravensmoon.fr\\\/index.php\\\/produit\\\/hibou\\\/#primaryimage\"},\"image\":{\"@id\":\"https:\\\/\\\/ravensmoon.fr\\\/index.php\\\/produit\\\/hibou\\\/#primaryimage\"},\"thumbnailUrl\":\"https:\\\/\\\/ravensmoon.fr\\\/wp-content\\\/uploads\\\/2025\\\/03\\\/1000027160.png\",\"datePublished\":\"2025-03-22T21:45:09+00:00\",\"dateModified\":\"2025-07-24T19:31:46+00:00\",\"breadcrumb\":{\"@id\":\"https:\\\/\\\/ravensmoon.fr\\\/index.php\\\/produit\\\/hibou\\\/#breadcrumb\"},\"inLanguage\":\"fr-FR\",\"potentialAction\":[{\"@type\":\"ReadAction\",\"target\":[\"https:\\\/\\\/ravensmoon.fr\\\/index.php\\\/produit\\\/hibou\\\/\"]}]},{\"@type\":\"ImageObject\",\"inLanguage\":\"fr-FR\",\"@id\":\"https:\\\/\\\/ravensmoon.fr\\\/index.php\\\/produit\\\/hibou\\\/#primaryimage\",\"url\":\"https:\\\/\\\/ravensmoon.fr\\\/wp-content\\\/uploads\\\/2025\\\/03\\\/1000027160.png\",\"contentUrl\":\"https:\\\/\\\/ravensmoon.fr\\\/wp-content\\\/uploads\\\/2025\\\/03\\\/1000027160.png\",\"width\":1868,\"height\":1869},{\"@type\":\"BreadcrumbList\",\"@id\":\"https:\\\/\\\/ravensmoon.fr\\\/index.php\\\/produit\\\/hibou\\\/#breadcrumb\",\"itemListElement\":[{\"@type\":\"ListItem\",\"position\":1,\"name\":\"Accueil\",\"item\":\"https:\\\/\\\/ravensmoon.fr\\\/\"},{\"@type\":\"ListItem\",\"position\":2,\"name\":\"Bougies\",\"item\":\"https:\\\/\\\/ravensmoon.fr\\\/index.php\\\/bougies\\\/\"},{\"@type\":\"ListItem\",\"position\":3,\"name\":\"Hibou\"}]},{\"@type\":\"WebSite\",\"@id\":\"https:\\\/\\\/ravensmoon.fr\\\/#website\",\"url\":\"https:\\\/\\\/ravensmoon.fr\\\/\",\"name\":\"Raven's Moon\",\"description\":\"\",\"publisher\":{\"@id\":\"https:\\\/\\\/ravensmoon.fr\\\/#organization\"},\"potentialAction\":[{\"@type\":\"SearchAction\",\"target\":{\"@type\":\"EntryPoint\",\"urlTemplate\":\"https:\\\/\\\/ravensmoon.fr\\\/?s={search_term_string}\"},\"query-input\":{\"@type\":\"PropertyValueSpecification\",\"valueRequired\":true,\"valueName\":\"search_term_string\"}}],\"inLanguage\":\"fr-FR\"},{\"@type\":\"Organization\",\"@id\":\"https:\\\/\\\/ravensmoon.fr\\\/#organization\",\"name\":\"Raven's Moon\",\"url\":\"https:\\\/\\\/ravensmoon.fr\\\/\",\"logo\":{\"@type\":\"ImageObject\",\"inLanguage\":\"fr-FR\",\"@id\":\"https:\\\/\\\/ravensmoon.fr\\\/#\\\/schema\\\/logo\\\/image\\\/\",\"url\":\"https:\\\/\\\/ravensmoon.fr\\\/wp-content\\\/uploads\\\/2024\\\/05\\\/cropped-cropped-cropped-Logossf-2.png\",\"contentUrl\":\"https:\\\/\\\/ravensmoon.fr\\\/wp-content\\\/uploads\\\/2024\\\/05\\\/cropped-cropped-cropped-Logossf-2.png\",\"width\":417,\"height\":337,\"caption\":\"Raven's Moon\"},\"image\":{\"@id\":\"https:\\\/\\\/ravensmoon.fr\\\/#\\\/schema\\\/logo\\\/image\\\/\"},\"sameAs\":[\"https:\\\/\\\/www.facebook.com\\\/profile.php?id=61565761895747&locale=fr_FR\",\"https:\\\/\\\/www.instagram.com\\\/raven_s_moon\"]}]}<\/script>\n<!-- \/ Yoast SEO plugin. -->","yoast_head_json":{"title":"Hibou - Raven&#039;s Moon","robots":{"index":"index","follow":"follow","max-snippet":"max-snippet:-1","max-image-preview":"max-image-preview:large","max-video-preview":"max-video-preview:-1"},"canonical":"https:\/\/ravensmoon.fr\/index.php\/produit\/hibou\/","og_locale":"fr_FR","og_type":"article","og_title":"Hibou - Raven&#039;s Moon","og_description":"Parfum : C\u00e8dre Hauteur : 5 cm Poids net : 30g Cire de Colza","og_url":"https:\/\/ravensmoon.fr\/index.php\/produit\/hibou\/","og_site_name":"Raven&#039;s Moon","article_publisher":"https:\/\/www.facebook.com\/profile.php?id=61565761895747&locale=fr_FR","article_modified_time":"2025-07-24T19:31:46+00:00","og_image":[{"width":1868,"height":1869,"url":"https:\/\/ravensmoon.fr\/wp-content\/uploads\/2025\/03\/1000026764.png","type":"image\/png"}],"twitter_card":"summary_large_image","twitter_misc":{"Dur\u00e9e de lecture estim\u00e9e":"1 minute"},"schema":{"@context":"https:\/\/schema.org","@graph":[{"@type":"WebPage","@id":"https:\/\/ravensmoon.fr\/index.php\/produit\/hibou\/","url":"https:\/\/ravensmoon.fr\/index.php\/produit\/hibou\/","name":"Hibou - Raven&#039;s Moon","isPartOf":{"@id":"https:\/\/ravensmoon.fr\/#website"},"primaryImageOfPage":{"@id":"https:\/\/ravensmoon.fr\/index.php\/produit\/hibou\/#primaryimage"},"image":{"@id":"https:\/\/ravensmoon.fr\/index.php\/produit\/hibou\/#primaryimage"},"thumbnailUrl":"https:\/\/ravensmoon.fr\/wp-content\/uploads\/2025\/03\/1000027160.png","datePublished":"2025-03-22T21:45:09+00:00","dateModified":"2025-07-24T19:31:46+00:00","breadcrumb":{"@id":"https:\/\/ravensmoon.fr\/index.php\/produit\/hibou\/#breadcrumb"},"inLanguage":"fr-FR","potentialAction":[{"@type":"ReadAction","target":["https:\/\/ravensmoon.fr\/index.php\/produit\/hibou\/"]}]},{"@type":"ImageObject","inLanguage":"fr-FR","@id":"https:\/\/ravensmoon.fr\/index.php\/produit\/hibou\/#primaryimage","url":"https:\/\/ravensmoon.fr\/wp-content\/uploads\/2025\/03\/1000027160.png","contentUrl":"https:\/\/ravensmoon.fr\/wp-content\/uploads\/2025\/03\/1000027160.png","width":1868,"height":1869},{"@type":"BreadcrumbList","@id":"https:\/\/ravensmoon.fr\/index.php\/produit\/hibou\/#breadcrumb","itemListElement":[{"@type":"ListItem","position":1,"name":"Accueil","item":"https:\/\/ravensmoon.fr\/"},{"@type":"ListItem","position":2,"name":"Bougies","item":"https:\/\/ravensmoon.fr\/index.php\/bougies\/"},{"@type":"ListItem","position":3,"name":"Hibou"}]},{"@type":"WebSite","@id":"https:\/\/ravensmoon.fr\/#website","url":"https:\/\/ravensmoon.fr\/","name":"Raven's Moon","description":"","publisher":{"@id":"https:\/\/ravensmoon.fr\/#organization"},"potentialAction":[{"@type":"SearchAction","target":{"@type":"EntryPoint","urlTemplate":"https:\/\/ravensmoon.fr\/?s={search_term_string}"},"query-input":{"@type":"PropertyValueSpecification","valueRequired":true,"valueName":"search_term_string"}}],"inLanguage":"fr-FR"},{"@type":"Organization","@id":"https:\/\/ravensmoon.fr\/#organization","name":"Raven's Moon","url":"https:\/\/ravensmoon.fr\/","logo":{"@type":"ImageObject","inLanguage":"fr-FR","@id":"https:\/\/ravensmoon.fr\/#\/schema\/logo\/image\/","url":"https:\/\/ravensmoon.fr\/wp-content\/uploads\/2024\/05\/cropped-cropped-cropped-Logossf-2.png","contentUrl":"https:\/\/ravensmoon.fr\/wp-content\/uploads\/2024\/05\/cropped-cropped-cropped-Logossf-2.png","width":417,"height":337,"caption":"Raven's Moon"},"image":{"@id":"https:\/\/ravensmoon.fr\/#\/schema\/logo\/image\/"},"sameAs":["https:\/\/www.facebook.com\/profile.php?id=61565761895747&locale=fr_FR","https:\/\/www.instagram.com\/raven_s_moon"]}]}},"jetpack_sharing_enabled":true,"_links":{"self":[{"href":"https:\/\/ravensmoon.fr\/index.php\/wp-json\/wp\/v2\/product\/1651","targetHints":{"allow":["GET"]}}],"collection":[{"href":"https:\/\/ravensmoon.fr\/index.php\/wp-json\/wp\/v2\/product"}],"about":[{"href":"https:\/\/ravensmoon.fr\/index.php\/wp-json\/wp\/v2\/types\/product"}],"replies":[{"embeddable":true,"href":"https:\/\/ravensmoon.fr\/index.php\/wp-json\/wp\/v2\/comments?post=1651"}],"wp:featuredmedia":[{"embeddable":true,"href":"https:\/\/ravensmoon.fr\/index.php\/wp-json\/wp\/v2\/media\/1856"}],"wp:attachment":[{"href":"https:\/\/ravensmoon.fr\/index.php\/wp-json\/wp\/v2\/media?parent=1651"}],"wp:term":[{"taxonomy":"product_brand","embeddable":true,"href":"https:\/\/ravensmoon.fr\/index.php\/wp-json\/wp\/v2\/product_brand?post=1651"},{"taxonomy":"product_cat","embeddable":true,"href":"https:\/\/ravensmoon.fr\/index.php\/wp-json\/wp\/v2\/product_cat?post=1651"},{"taxonomy":"product_tag","embeddable":true,"href":"https:\/\/ravensmoon.fr\/index.php\/wp-json\/wp\/v2\/product_tag?post=1651"}],"curies":[{"name":"wp","href":"https:\/\/api.w.org\/{rel}","templated":true}]}}