{"id":2008,"date":"2025-08-22T15:08:35","date_gmt":"2025-08-22T13:08:35","guid":{"rendered":"https:\/\/ravensmoon.fr\/?post_type=product&#038;p=2008"},"modified":"2026-03-22T07:28:36","modified_gmt":"2026-03-22T06:28:36","slug":"fondants-quartier","status":"publish","type":"product","link":"https:\/\/ravensmoon.fr\/index.php\/produit\/fondants-quartier\/","title":{"rendered":"Fondants d&#8217;Automne"},"content":{"rendered":"<h3 data-start=\"136\" data-end=\"171\"><strong data-start=\"140\" data-end=\"171\">Fondants parfum\u00e9s d\u2019automne<\/strong><\/h3>\n<p data-start=\"173\" data-end=\"498\">Plongez dans l\u2019atmosph\u00e8re enveloppante de l\u2019automne avec nos fondants parfum\u00e9s artisanaux, con\u00e7us pour transformer votre int\u00e9rieur en un cocon chaleureux. Leur cire de qualit\u00e9 fond lentement, lib\u00e9rant progressivement des fragrances riches et r\u00e9confortantes, parfaites pour les soir\u00e9es plus fra\u00eeches et les moments de d\u00e9tente.<\/p>\n<p data-start=\"500\" data-end=\"598\">Chaque parfum \u00e9voque une facette de la saison, pour vous accompagner dans une balade sensorielle :<\/p>\n<ul data-start=\"600\" data-end=\"1140\">\n<li data-start=\"600\" data-end=\"688\">\n<p data-start=\"602\" data-end=\"688\"><strong data-start=\"602\" data-end=\"611\">C\u00e8dre<\/strong> : une senteur bois\u00e9e, profonde et apaisante, comme une promenade en for\u00eat.<\/p>\n<\/li>\n<li data-start=\"689\" data-end=\"809\">\n<p data-start=\"691\" data-end=\"809\"><strong data-start=\"691\" data-end=\"712\">Ch\u00e2taigne grill\u00e9e<\/strong> : un parfum gourmand et chaleureux, rappelant les march\u00e9s d\u2019automne et les douceurs de saison.<\/p>\n<\/li>\n<li data-start=\"810\" data-end=\"905\">\n<p data-start=\"812\" data-end=\"905\"><strong data-start=\"812\" data-end=\"833\">Citrouille \u00e9pic\u00e9e<\/strong> : une fragrance sucr\u00e9e et \u00e9pic\u00e9e, \u00e0 la fois festive et r\u00e9confortante.<\/p>\n<\/li>\n<li data-start=\"906\" data-end=\"1028\">\n<p data-start=\"908\" data-end=\"1028\"><strong data-start=\"908\" data-end=\"923\">Cuir &amp; bois<\/strong> : une note intense, \u00e9l\u00e9gante et l\u00e9g\u00e8rement fum\u00e9e, qui apporte une touche sophistiqu\u00e9e et enveloppante.<\/p>\n<\/li>\n<li data-start=\"1029\" data-end=\"1140\">\n<p data-start=\"1031\" data-end=\"1140\"><strong data-start=\"1031\" data-end=\"1055\">Balade sous la pluie<\/strong> : une senteur fra\u00eeche et humide, comme l\u2019air pur apr\u00e8s l\u2019averse, douce et apaisante.<\/p>\n<\/li>\n<\/ul>\n<p data-start=\"1142\" data-end=\"1381\">Id\u00e9aux pour les br\u00fble-parfums, ces fondants diffusent un parfum durable sans fum\u00e9e, cr\u00e9ant une ambiance cosy, intime et automnale. Ils sont \u00e9galement parfaits pour offrir, en ajoutant une touche de douceur et de caract\u00e8re \u00e0 chaque instant.<\/p>\n<p data-start=\"1383\" data-end=\"1524\">Laissez l\u2019automne s\u2019installer chez vous, avec des fragrances qui \u00e9voquent la nature, les souvenirs et la chaleur d\u2019une saison qui se savoure.<\/p>\n","protected":false},"excerpt":{"rendered":"<p>\u2728 <strong data-start=\"2\" data-end=\"33\">Fondants parfum\u00e9s d\u2019automne<\/strong><br data-start=\"33\" data-end=\"36\" \/>Fondants artisanaux en cire, id\u00e9als pour une ambiance cocooning. Disponibles en 5 parfums : <strong data-start=\"128\" data-end=\"210\">C\u00e8dre, Ch\u00e2taigne grill\u00e9e, Citrouille \u00e9pic\u00e9e, Cuir &amp; bois, Balade sous la pluie<\/strong>. Diffusion longue dur\u00e9e avec br\u00fble-parfum.<\/p>\n<p>Poids net : 50g<\/p>\n","protected":false},"featured_media":2551,"comment_status":"open","ping_status":"closed","template":"","meta":[],"product_brand":[],"product_cat":[16],"product_tag":[],"class_list":{"0":"post-2008","1":"product","2":"type-product","3":"status-publish","4":"has-post-thumbnail","6":"product_cat-non-classe","8":"first","9":"instock","10":"sale","11":"shipping-taxable","12":"purchasable","13":"product-type-variable"},"yoast_head":"<!-- This site is optimized with the Yoast SEO plugin v26.8 - https:\/\/yoast.com\/product\/yoast-seo-wordpress\/ -->\n<title>Fondants d&#039;Automne - Raven&#039;s Moon<\/title>\n<meta name=\"robots\" content=\"index, follow, max-snippet:-1, max-image-preview:large, max-video-preview:-1\" \/>\n<link rel=\"canonical\" href=\"https:\/\/ravensmoon.fr\/index.php\/produit\/fondants-quartier\/\" \/>\n<meta property=\"og:locale\" content=\"fr_FR\" \/>\n<meta property=\"og:type\" content=\"article\" \/>\n<meta property=\"og:title\" content=\"Fondants d&#039;Automne - Raven&#039;s Moon\" \/>\n<meta property=\"og:description\" content=\"\u2728 Fondants parfum\u00e9s d\u2019automneFondants artisanaux en cire, id\u00e9als pour une ambiance cocooning. Disponibles en 5 parfums : C\u00e8dre, Ch\u00e2taigne grill\u00e9e, Citrouille \u00e9pic\u00e9e, Cuir &amp; bois, Balade sous la pluie. Diffusion longue dur\u00e9e avec br\u00fble-parfum.  Poids net : 50g\" \/>\n<meta property=\"og:url\" content=\"https:\/\/ravensmoon.fr\/index.php\/produit\/fondants-quartier\/\" \/>\n<meta property=\"og:site_name\" content=\"Raven&#039;s Moon\" \/>\n<meta property=\"article:publisher\" content=\"https:\/\/www.facebook.com\/profile.php?id=61565761895747&amp;locale=fr_FR\" \/>\n<meta property=\"article:modified_time\" content=\"2026-03-22T06:28:36+00:00\" \/>\n<meta property=\"og:image\" content=\"https:\/\/ravensmoon.fr\/wp-content\/uploads\/2025\/08\/16845-1024x1024.png\" \/>\n\t<meta property=\"og:image:width\" content=\"1024\" \/>\n\t<meta property=\"og:image:height\" content=\"1024\" \/>\n\t<meta property=\"og:image:type\" content=\"image\/png\" \/>\n<meta name=\"twitter:card\" content=\"summary_large_image\" \/>\n<meta name=\"twitter:label1\" content=\"Dur\u00e9e de lecture estim\u00e9e\" \/>\n\t<meta name=\"twitter:data1\" content=\"2 minutes\" \/>\n<script type=\"application\/ld+json\" class=\"yoast-schema-graph\">{\"@context\":\"https:\/\/schema.org\",\"@graph\":[{\"@type\":\"WebPage\",\"@id\":\"https:\/\/ravensmoon.fr\/index.php\/produit\/fondants-quartier\/\",\"url\":\"https:\/\/ravensmoon.fr\/index.php\/produit\/fondants-quartier\/\",\"name\":\"Fondants d'Automne - Raven&#039;s Moon\",\"isPartOf\":{\"@id\":\"https:\/\/ravensmoon.fr\/#website\"},\"primaryImageOfPage\":{\"@id\":\"https:\/\/ravensmoon.fr\/index.php\/produit\/fondants-quartier\/#primaryimage\"},\"image\":{\"@id\":\"https:\/\/ravensmoon.fr\/index.php\/produit\/fondants-quartier\/#primaryimage\"},\"thumbnailUrl\":\"https:\/\/ravensmoon.fr\/wp-content\/uploads\/2025\/08\/16845-scaled.png\",\"datePublished\":\"2025-08-22T13:08:35+00:00\",\"dateModified\":\"2026-03-22T06:28:36+00:00\",\"breadcrumb\":{\"@id\":\"https:\/\/ravensmoon.fr\/index.php\/produit\/fondants-quartier\/#breadcrumb\"},\"inLanguage\":\"fr-FR\",\"potentialAction\":[{\"@type\":\"ReadAction\",\"target\":[\"https:\/\/ravensmoon.fr\/index.php\/produit\/fondants-quartier\/\"]}]},{\"@type\":\"ImageObject\",\"inLanguage\":\"fr-FR\",\"@id\":\"https:\/\/ravensmoon.fr\/index.php\/produit\/fondants-quartier\/#primaryimage\",\"url\":\"https:\/\/ravensmoon.fr\/wp-content\/uploads\/2025\/08\/16845-scaled.png\",\"contentUrl\":\"https:\/\/ravensmoon.fr\/wp-content\/uploads\/2025\/08\/16845-scaled.png\",\"width\":2560,\"height\":2560},{\"@type\":\"BreadcrumbList\",\"@id\":\"https:\/\/ravensmoon.fr\/index.php\/produit\/fondants-quartier\/#breadcrumb\",\"itemListElement\":[{\"@type\":\"ListItem\",\"position\":1,\"name\":\"Accueil\",\"item\":\"https:\/\/ravensmoon.fr\/\"},{\"@type\":\"ListItem\",\"position\":2,\"name\":\"Bougies\",\"item\":\"https:\/\/ravensmoon.fr\/index.php\/bougies\/\"},{\"@type\":\"ListItem\",\"position\":3,\"name\":\"Fondants d&#8217;Automne\"}]},{\"@type\":\"WebSite\",\"@id\":\"https:\/\/ravensmoon.fr\/#website\",\"url\":\"https:\/\/ravensmoon.fr\/\",\"name\":\"Raven's Moon\",\"description\":\"\",\"publisher\":{\"@id\":\"https:\/\/ravensmoon.fr\/#organization\"},\"potentialAction\":[{\"@type\":\"SearchAction\",\"target\":{\"@type\":\"EntryPoint\",\"urlTemplate\":\"https:\/\/ravensmoon.fr\/?s={search_term_string}\"},\"query-input\":{\"@type\":\"PropertyValueSpecification\",\"valueRequired\":true,\"valueName\":\"search_term_string\"}}],\"inLanguage\":\"fr-FR\"},{\"@type\":\"Organization\",\"@id\":\"https:\/\/ravensmoon.fr\/#organization\",\"name\":\"Raven's Moon\",\"url\":\"https:\/\/ravensmoon.fr\/\",\"logo\":{\"@type\":\"ImageObject\",\"inLanguage\":\"fr-FR\",\"@id\":\"https:\/\/ravensmoon.fr\/#\/schema\/logo\/image\/\",\"url\":\"https:\/\/ravensmoon.fr\/wp-content\/uploads\/2024\/05\/cropped-cropped-cropped-Logossf-2.png\",\"contentUrl\":\"https:\/\/ravensmoon.fr\/wp-content\/uploads\/2024\/05\/cropped-cropped-cropped-Logossf-2.png\",\"width\":417,\"height\":337,\"caption\":\"Raven's Moon\"},\"image\":{\"@id\":\"https:\/\/ravensmoon.fr\/#\/schema\/logo\/image\/\"},\"sameAs\":[\"https:\/\/www.facebook.com\/profile.php?id=61565761895747&locale=fr_FR\",\"https:\/\/www.instagram.com\/raven_s_moon\"]}]}<\/script>\n<!-- \/ Yoast SEO plugin. -->","yoast_head_json":{"title":"Fondants d'Automne - Raven&#039;s Moon","robots":{"index":"index","follow":"follow","max-snippet":"max-snippet:-1","max-image-preview":"max-image-preview:large","max-video-preview":"max-video-preview:-1"},"canonical":"https:\/\/ravensmoon.fr\/index.php\/produit\/fondants-quartier\/","og_locale":"fr_FR","og_type":"article","og_title":"Fondants d'Automne - Raven&#039;s Moon","og_description":"\u2728 Fondants parfum\u00e9s d\u2019automneFondants artisanaux en cire, id\u00e9als pour une ambiance cocooning. Disponibles en 5 parfums : C\u00e8dre, Ch\u00e2taigne grill\u00e9e, Citrouille \u00e9pic\u00e9e, Cuir &amp; bois, Balade sous la pluie. Diffusion longue dur\u00e9e avec br\u00fble-parfum.  Poids net : 50g","og_url":"https:\/\/ravensmoon.fr\/index.php\/produit\/fondants-quartier\/","og_site_name":"Raven&#039;s Moon","article_publisher":"https:\/\/www.facebook.com\/profile.php?id=61565761895747&locale=fr_FR","article_modified_time":"2026-03-22T06:28:36+00:00","og_image":[{"width":1024,"height":1024,"url":"https:\/\/ravensmoon.fr\/wp-content\/uploads\/2025\/08\/16845-1024x1024.png","type":"image\/png"}],"twitter_card":"summary_large_image","twitter_misc":{"Dur\u00e9e de lecture estim\u00e9e":"2 minutes"},"schema":{"@context":"https:\/\/schema.org","@graph":[{"@type":"WebPage","@id":"https:\/\/ravensmoon.fr\/index.php\/produit\/fondants-quartier\/","url":"https:\/\/ravensmoon.fr\/index.php\/produit\/fondants-quartier\/","name":"Fondants d'Automne - Raven&#039;s Moon","isPartOf":{"@id":"https:\/\/ravensmoon.fr\/#website"},"primaryImageOfPage":{"@id":"https:\/\/ravensmoon.fr\/index.php\/produit\/fondants-quartier\/#primaryimage"},"image":{"@id":"https:\/\/ravensmoon.fr\/index.php\/produit\/fondants-quartier\/#primaryimage"},"thumbnailUrl":"https:\/\/ravensmoon.fr\/wp-content\/uploads\/2025\/08\/16845-scaled.png","datePublished":"2025-08-22T13:08:35+00:00","dateModified":"2026-03-22T06:28:36+00:00","breadcrumb":{"@id":"https:\/\/ravensmoon.fr\/index.php\/produit\/fondants-quartier\/#breadcrumb"},"inLanguage":"fr-FR","potentialAction":[{"@type":"ReadAction","target":["https:\/\/ravensmoon.fr\/index.php\/produit\/fondants-quartier\/"]}]},{"@type":"ImageObject","inLanguage":"fr-FR","@id":"https:\/\/ravensmoon.fr\/index.php\/produit\/fondants-quartier\/#primaryimage","url":"https:\/\/ravensmoon.fr\/wp-content\/uploads\/2025\/08\/16845-scaled.png","contentUrl":"https:\/\/ravensmoon.fr\/wp-content\/uploads\/2025\/08\/16845-scaled.png","width":2560,"height":2560},{"@type":"BreadcrumbList","@id":"https:\/\/ravensmoon.fr\/index.php\/produit\/fondants-quartier\/#breadcrumb","itemListElement":[{"@type":"ListItem","position":1,"name":"Accueil","item":"https:\/\/ravensmoon.fr\/"},{"@type":"ListItem","position":2,"name":"Bougies","item":"https:\/\/ravensmoon.fr\/index.php\/bougies\/"},{"@type":"ListItem","position":3,"name":"Fondants d&#8217;Automne"}]},{"@type":"WebSite","@id":"https:\/\/ravensmoon.fr\/#website","url":"https:\/\/ravensmoon.fr\/","name":"Raven's Moon","description":"","publisher":{"@id":"https:\/\/ravensmoon.fr\/#organization"},"potentialAction":[{"@type":"SearchAction","target":{"@type":"EntryPoint","urlTemplate":"https:\/\/ravensmoon.fr\/?s={search_term_string}"},"query-input":{"@type":"PropertyValueSpecification","valueRequired":true,"valueName":"search_term_string"}}],"inLanguage":"fr-FR"},{"@type":"Organization","@id":"https:\/\/ravensmoon.fr\/#organization","name":"Raven's Moon","url":"https:\/\/ravensmoon.fr\/","logo":{"@type":"ImageObject","inLanguage":"fr-FR","@id":"https:\/\/ravensmoon.fr\/#\/schema\/logo\/image\/","url":"https:\/\/ravensmoon.fr\/wp-content\/uploads\/2024\/05\/cropped-cropped-cropped-Logossf-2.png","contentUrl":"https:\/\/ravensmoon.fr\/wp-content\/uploads\/2024\/05\/cropped-cropped-cropped-Logossf-2.png","width":417,"height":337,"caption":"Raven's Moon"},"image":{"@id":"https:\/\/ravensmoon.fr\/#\/schema\/logo\/image\/"},"sameAs":["https:\/\/www.facebook.com\/profile.php?id=61565761895747&locale=fr_FR","https:\/\/www.instagram.com\/raven_s_moon"]}]}},"jetpack_sharing_enabled":true,"_links":{"self":[{"href":"https:\/\/ravensmoon.fr\/index.php\/wp-json\/wp\/v2\/product\/2008","targetHints":{"allow":["GET"]}}],"collection":[{"href":"https:\/\/ravensmoon.fr\/index.php\/wp-json\/wp\/v2\/product"}],"about":[{"href":"https:\/\/ravensmoon.fr\/index.php\/wp-json\/wp\/v2\/types\/product"}],"replies":[{"embeddable":true,"href":"https:\/\/ravensmoon.fr\/index.php\/wp-json\/wp\/v2\/comments?post=2008"}],"wp:featuredmedia":[{"embeddable":true,"href":"https:\/\/ravensmoon.fr\/index.php\/wp-json\/wp\/v2\/media\/2551"}],"wp:attachment":[{"href":"https:\/\/ravensmoon.fr\/index.php\/wp-json\/wp\/v2\/media?parent=2008"}],"wp:term":[{"taxonomy":"product_brand","embeddable":true,"href":"https:\/\/ravensmoon.fr\/index.php\/wp-json\/wp\/v2\/product_brand?post=2008"},{"taxonomy":"product_cat","embeddable":true,"href":"https:\/\/ravensmoon.fr\/index.php\/wp-json\/wp\/v2\/product_cat?post=2008"},{"taxonomy":"product_tag","embeddable":true,"href":"https:\/\/ravensmoon.fr\/index.php\/wp-json\/wp\/v2\/product_tag?post=2008"}],"curies":[{"name":"wp","href":"https:\/\/api.w.org\/{rel}","templated":true}]}}