{"id":2048,"date":"2025-09-02T18:04:29","date_gmt":"2025-09-02T16:04:29","guid":{"rendered":"https:\/\/ravensmoon.fr\/?post_type=product&#038;p=2048"},"modified":"2026-02-23T17:29:48","modified_gmt":"2026-02-23T16:29:48","slug":"la-cape-fondants-parfumes","status":"publish","type":"product","link":"https:\/\/ravensmoon.fr\/index.php\/produit\/la-cape-fondants-parfumes\/","title":{"rendered":"La Cape &#8211; Fondants parfum\u00e9s"},"content":{"rendered":"<h3 data-start=\"146\" data-end=\"212\"><strong data-start=\"150\" data-end=\"212\">Fondants parfum\u00e9s \u201cPattes de chien\u201d \u2013 Lot de 2 (Caritatif)<\/strong><\/h3>\n<p data-start=\"214\" data-end=\"476\">Soutenez l\u2019association <strong data-start=\"237\" data-end=\"248\">La CAPE<\/strong> en adoptant ces fondants parfum\u00e9s en forme de pattes de chien. Conditionn\u00e9s par 2, ils sont fabriqu\u00e9s artisanalement et diffusent une fragrance douce et apaisante, pour parfumer votre int\u00e9rieur tout en faisant une bonne action.<\/p>\n<p data-start=\"478\" data-end=\"509\">Deux parfums sont disponibles :<\/p>\n<ul data-start=\"510\" data-end=\"720\">\n<li data-start=\"510\" data-end=\"616\">\n<p data-start=\"512\" data-end=\"616\"><strong data-start=\"512\" data-end=\"531\">Balade en for\u00eat<\/strong> : une senteur bois\u00e9e, fra\u00eeche et vivifiante, comme une promenade en pleine nature.<\/p>\n<\/li>\n<li data-start=\"617\" data-end=\"720\">\n<p data-start=\"619\" data-end=\"720\"><strong data-start=\"619\" data-end=\"643\">Balade sous la pluie<\/strong> : une fragrance l\u00e9g\u00e8re et r\u00e9confortante, rappelant l\u2019air pur apr\u00e8s l\u2019averse.<\/p>\n<\/li>\n<\/ul>\n<p data-start=\"722\" data-end=\"901\">Une partie des b\u00e9n\u00e9fices (75%)\u00a0 est revers\u00e9e \u00e0 <strong data-start=\"762\" data-end=\"787\">l\u2019association La CAPE<\/strong>, pour soutenir ses actions en faveur des animaux. Un geste simple qui fait la diff\u00e9rence, \u00e0 offrir ou \u00e0 s\u2019offrir.<\/p>\n","protected":false},"excerpt":{"rendered":"<p>L\u2019association La CAPE offre un soutien pr\u00e9cieux aux personnes souffrant de stress post-traumatique. Le dressage de chiens d\u2019assistance repr\u00e9sente une approche novatrice pour accompagner ces victimes. Ce programme sp\u00e9cialis\u00e9 vise \u00e0 am\u00e9liorer leur qualit\u00e9 de vie et leur autonomie. Les chiens sont form\u00e9s pour r\u00e9pondre aux besoins sp\u00e9cifiques des primo-intervenants et des militaires souffrant de stresspost-traumatique. Un tel engagement contribue significativement au bien-\u00eatre de ces h\u00e9ros du quotidien<\/p>\n","protected":false},"featured_media":2546,"comment_status":"open","ping_status":"closed","template":"","meta":[],"product_brand":[],"product_cat":[29,39],"product_tag":[],"class_list":{"0":"post-2048","1":"product","2":"type-product","3":"status-publish","4":"has-post-thumbnail","6":"product_cat-bougies-caritative","7":"product_cat-fondants","9":"first","10":"instock","11":"shipping-taxable","12":"purchasable","13":"product-type-variable"},"yoast_head":"<!-- This site is optimized with the Yoast SEO plugin v27.4 - https:\/\/yoast.com\/product\/yoast-seo-wordpress\/ -->\n<title>La Cape - Fondants parfum\u00e9s - Raven&#039;s Moon<\/title>\n<meta name=\"description\" content=\"Fondants parfum\u00e9s carr\u00e9s en forme de patte de chien, disponibles en diff\u00e9rentes senteurs. Id\u00e9al pour une d\u00e9co originale et parfum\u00e9e.\" \/>\n<meta name=\"robots\" content=\"index, follow, max-snippet:-1, max-image-preview:large, max-video-preview:-1\" \/>\n<link rel=\"canonical\" href=\"https:\/\/ravensmoon.fr\/index.php\/produit\/la-cape-fondants-parfumes\/\" \/>\n<meta property=\"og:locale\" content=\"fr_FR\" \/>\n<meta property=\"og:type\" content=\"article\" \/>\n<meta property=\"og:title\" content=\"La Cape - Fondants parfum\u00e9s - Raven&#039;s Moon\" \/>\n<meta property=\"og:description\" content=\"Fondants parfum\u00e9s carr\u00e9s en forme de patte de chien, disponibles en diff\u00e9rentes senteurs. Id\u00e9al pour une d\u00e9co originale et parfum\u00e9e.\" \/>\n<meta property=\"og:url\" content=\"https:\/\/ravensmoon.fr\/index.php\/produit\/la-cape-fondants-parfumes\/\" \/>\n<meta property=\"og:site_name\" content=\"Raven&#039;s Moon\" \/>\n<meta property=\"article:publisher\" content=\"https:\/\/www.facebook.com\/profile.php?id=61565761895747&amp;locale=fr_FR\" \/>\n<meta property=\"article:modified_time\" content=\"2026-02-23T16:29:48+00:00\" \/>\n<meta property=\"og:image\" content=\"https:\/\/ravensmoon.fr\/wp-content\/uploads\/2025\/09\/1000031123.png\" \/>\n\t<meta property=\"og:image:width\" content=\"1195\" \/>\n\t<meta property=\"og:image:height\" content=\"1194\" \/>\n\t<meta property=\"og:image:type\" content=\"image\/png\" \/>\n<meta name=\"twitter:card\" content=\"summary_large_image\" \/>\n<meta name=\"twitter:label1\" content=\"Dur\u00e9e de lecture estim\u00e9e\" \/>\n\t<meta name=\"twitter:data1\" content=\"1 minute\" \/>\n<script type=\"application\/ld+json\" class=\"yoast-schema-graph\">{\"@context\":\"https:\\\/\\\/schema.org\",\"@graph\":[{\"@type\":\"WebPage\",\"@id\":\"https:\\\/\\\/ravensmoon.fr\\\/index.php\\\/produit\\\/la-cape-fondants-parfumes\\\/\",\"url\":\"https:\\\/\\\/ravensmoon.fr\\\/index.php\\\/produit\\\/la-cape-fondants-parfumes\\\/\",\"name\":\"La Cape - Fondants parfum\u00e9s - Raven&#039;s Moon\",\"isPartOf\":{\"@id\":\"https:\\\/\\\/ravensmoon.fr\\\/#website\"},\"primaryImageOfPage\":{\"@id\":\"https:\\\/\\\/ravensmoon.fr\\\/index.php\\\/produit\\\/la-cape-fondants-parfumes\\\/#primaryimage\"},\"image\":{\"@id\":\"https:\\\/\\\/ravensmoon.fr\\\/index.php\\\/produit\\\/la-cape-fondants-parfumes\\\/#primaryimage\"},\"thumbnailUrl\":\"https:\\\/\\\/ravensmoon.fr\\\/wp-content\\\/uploads\\\/2025\\\/09\\\/16844.png\",\"datePublished\":\"2025-09-02T16:04:29+00:00\",\"dateModified\":\"2026-02-23T16:29:48+00:00\",\"description\":\"Fondants parfum\u00e9s carr\u00e9s en forme de patte de chien, disponibles en diff\u00e9rentes senteurs. Id\u00e9al pour une d\u00e9co originale et parfum\u00e9e.\",\"breadcrumb\":{\"@id\":\"https:\\\/\\\/ravensmoon.fr\\\/index.php\\\/produit\\\/la-cape-fondants-parfumes\\\/#breadcrumb\"},\"inLanguage\":\"fr-FR\",\"potentialAction\":[{\"@type\":\"ReadAction\",\"target\":[\"https:\\\/\\\/ravensmoon.fr\\\/index.php\\\/produit\\\/la-cape-fondants-parfumes\\\/\"]}]},{\"@type\":\"ImageObject\",\"inLanguage\":\"fr-FR\",\"@id\":\"https:\\\/\\\/ravensmoon.fr\\\/index.php\\\/produit\\\/la-cape-fondants-parfumes\\\/#primaryimage\",\"url\":\"https:\\\/\\\/ravensmoon.fr\\\/wp-content\\\/uploads\\\/2025\\\/09\\\/16844.png\",\"contentUrl\":\"https:\\\/\\\/ravensmoon.fr\\\/wp-content\\\/uploads\\\/2025\\\/09\\\/16844.png\",\"width\":1127,\"height\":1127},{\"@type\":\"BreadcrumbList\",\"@id\":\"https:\\\/\\\/ravensmoon.fr\\\/index.php\\\/produit\\\/la-cape-fondants-parfumes\\\/#breadcrumb\",\"itemListElement\":[{\"@type\":\"ListItem\",\"position\":1,\"name\":\"Accueil\",\"item\":\"https:\\\/\\\/ravensmoon.fr\\\/\"},{\"@type\":\"ListItem\",\"position\":2,\"name\":\"Bougies\",\"item\":\"https:\\\/\\\/ravensmoon.fr\\\/index.php\\\/bougies\\\/\"},{\"@type\":\"ListItem\",\"position\":3,\"name\":\"La Cape &#8211; Fondants parfum\u00e9s\"}]},{\"@type\":\"WebSite\",\"@id\":\"https:\\\/\\\/ravensmoon.fr\\\/#website\",\"url\":\"https:\\\/\\\/ravensmoon.fr\\\/\",\"name\":\"Raven's Moon\",\"description\":\"\",\"publisher\":{\"@id\":\"https:\\\/\\\/ravensmoon.fr\\\/#organization\"},\"potentialAction\":[{\"@type\":\"SearchAction\",\"target\":{\"@type\":\"EntryPoint\",\"urlTemplate\":\"https:\\\/\\\/ravensmoon.fr\\\/?s={search_term_string}\"},\"query-input\":{\"@type\":\"PropertyValueSpecification\",\"valueRequired\":true,\"valueName\":\"search_term_string\"}}],\"inLanguage\":\"fr-FR\"},{\"@type\":\"Organization\",\"@id\":\"https:\\\/\\\/ravensmoon.fr\\\/#organization\",\"name\":\"Raven's Moon\",\"url\":\"https:\\\/\\\/ravensmoon.fr\\\/\",\"logo\":{\"@type\":\"ImageObject\",\"inLanguage\":\"fr-FR\",\"@id\":\"https:\\\/\\\/ravensmoon.fr\\\/#\\\/schema\\\/logo\\\/image\\\/\",\"url\":\"https:\\\/\\\/ravensmoon.fr\\\/wp-content\\\/uploads\\\/2024\\\/05\\\/cropped-cropped-cropped-Logossf-2.png\",\"contentUrl\":\"https:\\\/\\\/ravensmoon.fr\\\/wp-content\\\/uploads\\\/2024\\\/05\\\/cropped-cropped-cropped-Logossf-2.png\",\"width\":417,\"height\":337,\"caption\":\"Raven's Moon\"},\"image\":{\"@id\":\"https:\\\/\\\/ravensmoon.fr\\\/#\\\/schema\\\/logo\\\/image\\\/\"},\"sameAs\":[\"https:\\\/\\\/www.facebook.com\\\/profile.php?id=61565761895747&locale=fr_FR\",\"https:\\\/\\\/www.instagram.com\\\/raven_s_moon\"]}]}<\/script>\n<!-- \/ Yoast SEO plugin. -->","yoast_head_json":{"title":"La Cape - Fondants parfum\u00e9s - Raven&#039;s Moon","description":"Fondants parfum\u00e9s carr\u00e9s en forme de patte de chien, disponibles en diff\u00e9rentes senteurs. Id\u00e9al pour une d\u00e9co originale et parfum\u00e9e.","robots":{"index":"index","follow":"follow","max-snippet":"max-snippet:-1","max-image-preview":"max-image-preview:large","max-video-preview":"max-video-preview:-1"},"canonical":"https:\/\/ravensmoon.fr\/index.php\/produit\/la-cape-fondants-parfumes\/","og_locale":"fr_FR","og_type":"article","og_title":"La Cape - Fondants parfum\u00e9s - Raven&#039;s Moon","og_description":"Fondants parfum\u00e9s carr\u00e9s en forme de patte de chien, disponibles en diff\u00e9rentes senteurs. Id\u00e9al pour une d\u00e9co originale et parfum\u00e9e.","og_url":"https:\/\/ravensmoon.fr\/index.php\/produit\/la-cape-fondants-parfumes\/","og_site_name":"Raven&#039;s Moon","article_publisher":"https:\/\/www.facebook.com\/profile.php?id=61565761895747&locale=fr_FR","article_modified_time":"2026-02-23T16:29:48+00:00","og_image":[{"width":1195,"height":1194,"url":"https:\/\/ravensmoon.fr\/wp-content\/uploads\/2025\/09\/1000031123.png","type":"image\/png"}],"twitter_card":"summary_large_image","twitter_misc":{"Dur\u00e9e de lecture estim\u00e9e":"1 minute"},"schema":{"@context":"https:\/\/schema.org","@graph":[{"@type":"WebPage","@id":"https:\/\/ravensmoon.fr\/index.php\/produit\/la-cape-fondants-parfumes\/","url":"https:\/\/ravensmoon.fr\/index.php\/produit\/la-cape-fondants-parfumes\/","name":"La Cape - Fondants parfum\u00e9s - Raven&#039;s Moon","isPartOf":{"@id":"https:\/\/ravensmoon.fr\/#website"},"primaryImageOfPage":{"@id":"https:\/\/ravensmoon.fr\/index.php\/produit\/la-cape-fondants-parfumes\/#primaryimage"},"image":{"@id":"https:\/\/ravensmoon.fr\/index.php\/produit\/la-cape-fondants-parfumes\/#primaryimage"},"thumbnailUrl":"https:\/\/ravensmoon.fr\/wp-content\/uploads\/2025\/09\/16844.png","datePublished":"2025-09-02T16:04:29+00:00","dateModified":"2026-02-23T16:29:48+00:00","description":"Fondants parfum\u00e9s carr\u00e9s en forme de patte de chien, disponibles en diff\u00e9rentes senteurs. Id\u00e9al pour une d\u00e9co originale et parfum\u00e9e.","breadcrumb":{"@id":"https:\/\/ravensmoon.fr\/index.php\/produit\/la-cape-fondants-parfumes\/#breadcrumb"},"inLanguage":"fr-FR","potentialAction":[{"@type":"ReadAction","target":["https:\/\/ravensmoon.fr\/index.php\/produit\/la-cape-fondants-parfumes\/"]}]},{"@type":"ImageObject","inLanguage":"fr-FR","@id":"https:\/\/ravensmoon.fr\/index.php\/produit\/la-cape-fondants-parfumes\/#primaryimage","url":"https:\/\/ravensmoon.fr\/wp-content\/uploads\/2025\/09\/16844.png","contentUrl":"https:\/\/ravensmoon.fr\/wp-content\/uploads\/2025\/09\/16844.png","width":1127,"height":1127},{"@type":"BreadcrumbList","@id":"https:\/\/ravensmoon.fr\/index.php\/produit\/la-cape-fondants-parfumes\/#breadcrumb","itemListElement":[{"@type":"ListItem","position":1,"name":"Accueil","item":"https:\/\/ravensmoon.fr\/"},{"@type":"ListItem","position":2,"name":"Bougies","item":"https:\/\/ravensmoon.fr\/index.php\/bougies\/"},{"@type":"ListItem","position":3,"name":"La Cape &#8211; Fondants parfum\u00e9s"}]},{"@type":"WebSite","@id":"https:\/\/ravensmoon.fr\/#website","url":"https:\/\/ravensmoon.fr\/","name":"Raven's Moon","description":"","publisher":{"@id":"https:\/\/ravensmoon.fr\/#organization"},"potentialAction":[{"@type":"SearchAction","target":{"@type":"EntryPoint","urlTemplate":"https:\/\/ravensmoon.fr\/?s={search_term_string}"},"query-input":{"@type":"PropertyValueSpecification","valueRequired":true,"valueName":"search_term_string"}}],"inLanguage":"fr-FR"},{"@type":"Organization","@id":"https:\/\/ravensmoon.fr\/#organization","name":"Raven's Moon","url":"https:\/\/ravensmoon.fr\/","logo":{"@type":"ImageObject","inLanguage":"fr-FR","@id":"https:\/\/ravensmoon.fr\/#\/schema\/logo\/image\/","url":"https:\/\/ravensmoon.fr\/wp-content\/uploads\/2024\/05\/cropped-cropped-cropped-Logossf-2.png","contentUrl":"https:\/\/ravensmoon.fr\/wp-content\/uploads\/2024\/05\/cropped-cropped-cropped-Logossf-2.png","width":417,"height":337,"caption":"Raven's Moon"},"image":{"@id":"https:\/\/ravensmoon.fr\/#\/schema\/logo\/image\/"},"sameAs":["https:\/\/www.facebook.com\/profile.php?id=61565761895747&locale=fr_FR","https:\/\/www.instagram.com\/raven_s_moon"]}]}},"jetpack_sharing_enabled":true,"_links":{"self":[{"href":"https:\/\/ravensmoon.fr\/index.php\/wp-json\/wp\/v2\/product\/2048","targetHints":{"allow":["GET"]}}],"collection":[{"href":"https:\/\/ravensmoon.fr\/index.php\/wp-json\/wp\/v2\/product"}],"about":[{"href":"https:\/\/ravensmoon.fr\/index.php\/wp-json\/wp\/v2\/types\/product"}],"replies":[{"embeddable":true,"href":"https:\/\/ravensmoon.fr\/index.php\/wp-json\/wp\/v2\/comments?post=2048"}],"wp:featuredmedia":[{"embeddable":true,"href":"https:\/\/ravensmoon.fr\/index.php\/wp-json\/wp\/v2\/media\/2546"}],"wp:attachment":[{"href":"https:\/\/ravensmoon.fr\/index.php\/wp-json\/wp\/v2\/media?parent=2048"}],"wp:term":[{"taxonomy":"product_brand","embeddable":true,"href":"https:\/\/ravensmoon.fr\/index.php\/wp-json\/wp\/v2\/product_brand?post=2048"},{"taxonomy":"product_cat","embeddable":true,"href":"https:\/\/ravensmoon.fr\/index.php\/wp-json\/wp\/v2\/product_cat?post=2048"},{"taxonomy":"product_tag","embeddable":true,"href":"https:\/\/ravensmoon.fr\/index.php\/wp-json\/wp\/v2\/product_tag?post=2048"}],"curies":[{"name":"wp","href":"https:\/\/api.w.org\/{rel}","templated":true}]}}