{"id":2055,"date":"2025-09-06T11:08:38","date_gmt":"2025-09-06T09:08:38","guid":{"rendered":"https:\/\/ravensmoon.fr\/index.php\/produit\/fondants-sucre-dorge\/"},"modified":"2026-03-22T07:21:45","modified_gmt":"2026-03-22T06:21:45","slug":"fondants-sucre-dorge","status":"publish","type":"product","link":"https:\/\/ravensmoon.fr\/index.php\/produit\/fondants-sucre-dorge\/","title":{"rendered":"Fondants d&#8217;hiver"},"content":{"rendered":"<h3 data-start=\"99\" data-end=\"149\"><strong data-start=\"103\" data-end=\"149\">Fondants parfum\u00e9s d\u2019hiver \u2013 Pack 6 \u00e9toiles<\/strong><\/h3>\n<p data-start=\"151\" data-end=\"411\">D\u00e9couvrez nos fondants parfum\u00e9s d\u2019hiver en forme de <strong data-start=\"203\" data-end=\"216\">6 \u00e9toiles<\/strong>, parfaits pour cr\u00e9er une ambiance festive et r\u00e9confortante. Fabriqu\u00e9s artisanalement, ils diffusent une fragrance douce et enveloppante, id\u00e9ale pour les soir\u00e9es d\u2019hiver ou les moments cocooning.<\/p>\n<p data-start=\"413\" data-end=\"440\"><strong data-start=\"413\" data-end=\"440\">4 parfums disponibles :<\/strong><\/p>\n<ul data-start=\"441\" data-end=\"818\">\n<li data-start=\"441\" data-end=\"532\">\n<p data-start=\"443\" data-end=\"532\"><strong data-start=\"443\" data-end=\"460\">Baies givr\u00e9es<\/strong> : une senteur fruit\u00e9e et fra\u00eeche, comme un matin d\u2019hiver scintillant.<\/p>\n<\/li>\n<li data-start=\"533\" data-end=\"620\">\n<p data-start=\"535\" data-end=\"620\"><strong data-start=\"535\" data-end=\"549\">Cl\u00e9mentine<\/strong> : un parfum p\u00e9tillant et vitamin\u00e9, qui apporte une touche de soleil.<\/p>\n<\/li>\n<li data-start=\"621\" data-end=\"713\">\n<p data-start=\"623\" data-end=\"713\"><strong data-start=\"623\" data-end=\"639\">Sucre d\u2019orge<\/strong> : une fragrance douce et sucr\u00e9e, pleine de nostalgie et de gourmandise.<\/p>\n<\/li>\n<li data-start=\"714\" data-end=\"818\">\n<p data-start=\"716\" data-end=\"818\"><strong data-start=\"716\" data-end=\"739\">Caramel beurre sal\u00e9<\/strong> : un parfum chaud, gourmand et r\u00e9confortant, comme une douceur au coin du feu.<\/p>\n<\/li>\n<\/ul>\n<p data-start=\"820\" data-end=\"975\">Ces fondants en forme d\u2019\u00e9toiles sont une id\u00e9e cadeau parfaite, ou un petit plaisir pour parfumer votre maison avec d\u00e9licatesse pendant la saison hivernale.<\/p>\n<p>Poids net : 50g<\/p>\n","protected":false},"excerpt":{"rendered":"<p><strong data-start=\"44\" data-end=\"94\">Fondants parfum\u00e9s d\u2019hiver \u2013 \u00e9toiles (lot de 6)<\/strong><br data-start=\"94\" data-end=\"97\" \/>Fondants artisanaux en forme d\u2019\u00e9toiles, \u00e0 diffusion lente. 4 parfums disponibles : <strong data-start=\"180\" data-end=\"244\" data-is-only-node=\"\">Baies givr\u00e9es, Cl\u00e9mentine, Sucre d\u2019orge, Caramel beurre sal\u00e9<\/strong>. Parfait pour une ambiance chaleureuse et gourmande.<\/p>\n","protected":false},"featured_media":2552,"comment_status":"open","ping_status":"closed","template":"","meta":[],"product_brand":[],"product_cat":[16],"product_tag":[],"class_list":{"0":"post-2055","1":"product","2":"type-product","3":"status-publish","4":"has-post-thumbnail","6":"product_cat-non-classe","8":"first","9":"instock","10":"sale","11":"shipping-taxable","12":"purchasable","13":"product-type-variable"},"yoast_head":"<!-- This site is optimized with the Yoast SEO plugin v26.8 - https:\/\/yoast.com\/product\/yoast-seo-wordpress\/ -->\n<title>Fondants d&#039;hiver - Raven&#039;s Moon<\/title>\n<meta name=\"description\" content=\"\u2022 Fondants \u00e9toile parfum\u00e9s aux senteurs vari\u00e9es pour une atmosph\u00e8re douce et cocooning.\" \/>\n<meta name=\"robots\" content=\"index, follow, max-snippet:-1, max-image-preview:large, max-video-preview:-1\" \/>\n<link rel=\"canonical\" href=\"https:\/\/ravensmoon.fr\/index.php\/produit\/fondants-sucre-dorge\/\" \/>\n<meta property=\"og:locale\" content=\"fr_FR\" \/>\n<meta property=\"og:type\" content=\"article\" \/>\n<meta property=\"og:title\" content=\"Fondants d&#039;hiver - Raven&#039;s Moon\" \/>\n<meta property=\"og:description\" content=\"\u2022 Fondants \u00e9toile parfum\u00e9s aux senteurs vari\u00e9es pour une atmosph\u00e8re douce et cocooning.\" \/>\n<meta property=\"og:url\" content=\"https:\/\/ravensmoon.fr\/index.php\/produit\/fondants-sucre-dorge\/\" \/>\n<meta property=\"og:site_name\" content=\"Raven&#039;s Moon\" \/>\n<meta property=\"article:publisher\" content=\"https:\/\/www.facebook.com\/profile.php?id=61565761895747&amp;locale=fr_FR\" \/>\n<meta property=\"article:modified_time\" content=\"2026-03-22T06:21:45+00:00\" \/>\n<meta property=\"og:image\" content=\"https:\/\/ravensmoon.fr\/wp-content\/uploads\/2025\/09\/16847-1024x1024.png\" \/>\n\t<meta property=\"og:image:width\" content=\"1024\" \/>\n\t<meta property=\"og:image:height\" content=\"1024\" \/>\n\t<meta property=\"og:image:type\" content=\"image\/png\" \/>\n<meta name=\"twitter:card\" content=\"summary_large_image\" \/>\n<meta name=\"twitter:label1\" content=\"Dur\u00e9e de lecture estim\u00e9e\" \/>\n\t<meta name=\"twitter:data1\" content=\"1 minute\" \/>\n<script type=\"application\/ld+json\" class=\"yoast-schema-graph\">{\"@context\":\"https:\/\/schema.org\",\"@graph\":[{\"@type\":\"WebPage\",\"@id\":\"https:\/\/ravensmoon.fr\/index.php\/produit\/fondants-sucre-dorge\/\",\"url\":\"https:\/\/ravensmoon.fr\/index.php\/produit\/fondants-sucre-dorge\/\",\"name\":\"Fondants d'hiver - Raven&#039;s Moon\",\"isPartOf\":{\"@id\":\"https:\/\/ravensmoon.fr\/#website\"},\"primaryImageOfPage\":{\"@id\":\"https:\/\/ravensmoon.fr\/index.php\/produit\/fondants-sucre-dorge\/#primaryimage\"},\"image\":{\"@id\":\"https:\/\/ravensmoon.fr\/index.php\/produit\/fondants-sucre-dorge\/#primaryimage\"},\"thumbnailUrl\":\"https:\/\/ravensmoon.fr\/wp-content\/uploads\/2025\/09\/16847-scaled.png\",\"datePublished\":\"2025-09-06T09:08:38+00:00\",\"dateModified\":\"2026-03-22T06:21:45+00:00\",\"description\":\"\u2022 Fondants \u00e9toile parfum\u00e9s aux senteurs vari\u00e9es pour une atmosph\u00e8re douce et cocooning.\",\"breadcrumb\":{\"@id\":\"https:\/\/ravensmoon.fr\/index.php\/produit\/fondants-sucre-dorge\/#breadcrumb\"},\"inLanguage\":\"fr-FR\",\"potentialAction\":[{\"@type\":\"ReadAction\",\"target\":[\"https:\/\/ravensmoon.fr\/index.php\/produit\/fondants-sucre-dorge\/\"]}]},{\"@type\":\"ImageObject\",\"inLanguage\":\"fr-FR\",\"@id\":\"https:\/\/ravensmoon.fr\/index.php\/produit\/fondants-sucre-dorge\/#primaryimage\",\"url\":\"https:\/\/ravensmoon.fr\/wp-content\/uploads\/2025\/09\/16847-scaled.png\",\"contentUrl\":\"https:\/\/ravensmoon.fr\/wp-content\/uploads\/2025\/09\/16847-scaled.png\",\"width\":2560,\"height\":2560},{\"@type\":\"BreadcrumbList\",\"@id\":\"https:\/\/ravensmoon.fr\/index.php\/produit\/fondants-sucre-dorge\/#breadcrumb\",\"itemListElement\":[{\"@type\":\"ListItem\",\"position\":1,\"name\":\"Accueil\",\"item\":\"https:\/\/ravensmoon.fr\/\"},{\"@type\":\"ListItem\",\"position\":2,\"name\":\"Bougies\",\"item\":\"https:\/\/ravensmoon.fr\/index.php\/bougies\/\"},{\"@type\":\"ListItem\",\"position\":3,\"name\":\"Fondants d&#8217;hiver\"}]},{\"@type\":\"WebSite\",\"@id\":\"https:\/\/ravensmoon.fr\/#website\",\"url\":\"https:\/\/ravensmoon.fr\/\",\"name\":\"Raven's Moon\",\"description\":\"\",\"publisher\":{\"@id\":\"https:\/\/ravensmoon.fr\/#organization\"},\"potentialAction\":[{\"@type\":\"SearchAction\",\"target\":{\"@type\":\"EntryPoint\",\"urlTemplate\":\"https:\/\/ravensmoon.fr\/?s={search_term_string}\"},\"query-input\":{\"@type\":\"PropertyValueSpecification\",\"valueRequired\":true,\"valueName\":\"search_term_string\"}}],\"inLanguage\":\"fr-FR\"},{\"@type\":\"Organization\",\"@id\":\"https:\/\/ravensmoon.fr\/#organization\",\"name\":\"Raven's Moon\",\"url\":\"https:\/\/ravensmoon.fr\/\",\"logo\":{\"@type\":\"ImageObject\",\"inLanguage\":\"fr-FR\",\"@id\":\"https:\/\/ravensmoon.fr\/#\/schema\/logo\/image\/\",\"url\":\"https:\/\/ravensmoon.fr\/wp-content\/uploads\/2024\/05\/cropped-cropped-cropped-Logossf-2.png\",\"contentUrl\":\"https:\/\/ravensmoon.fr\/wp-content\/uploads\/2024\/05\/cropped-cropped-cropped-Logossf-2.png\",\"width\":417,\"height\":337,\"caption\":\"Raven's Moon\"},\"image\":{\"@id\":\"https:\/\/ravensmoon.fr\/#\/schema\/logo\/image\/\"},\"sameAs\":[\"https:\/\/www.facebook.com\/profile.php?id=61565761895747&locale=fr_FR\",\"https:\/\/www.instagram.com\/raven_s_moon\"]}]}<\/script>\n<!-- \/ Yoast SEO plugin. -->","yoast_head_json":{"title":"Fondants d'hiver - Raven&#039;s Moon","description":"\u2022 Fondants \u00e9toile parfum\u00e9s aux senteurs vari\u00e9es pour une atmosph\u00e8re douce et cocooning.","robots":{"index":"index","follow":"follow","max-snippet":"max-snippet:-1","max-image-preview":"max-image-preview:large","max-video-preview":"max-video-preview:-1"},"canonical":"https:\/\/ravensmoon.fr\/index.php\/produit\/fondants-sucre-dorge\/","og_locale":"fr_FR","og_type":"article","og_title":"Fondants d'hiver - Raven&#039;s Moon","og_description":"\u2022 Fondants \u00e9toile parfum\u00e9s aux senteurs vari\u00e9es pour une atmosph\u00e8re douce et cocooning.","og_url":"https:\/\/ravensmoon.fr\/index.php\/produit\/fondants-sucre-dorge\/","og_site_name":"Raven&#039;s Moon","article_publisher":"https:\/\/www.facebook.com\/profile.php?id=61565761895747&locale=fr_FR","article_modified_time":"2026-03-22T06:21:45+00:00","og_image":[{"width":1024,"height":1024,"url":"https:\/\/ravensmoon.fr\/wp-content\/uploads\/2025\/09\/16847-1024x1024.png","type":"image\/png"}],"twitter_card":"summary_large_image","twitter_misc":{"Dur\u00e9e de lecture estim\u00e9e":"1 minute"},"schema":{"@context":"https:\/\/schema.org","@graph":[{"@type":"WebPage","@id":"https:\/\/ravensmoon.fr\/index.php\/produit\/fondants-sucre-dorge\/","url":"https:\/\/ravensmoon.fr\/index.php\/produit\/fondants-sucre-dorge\/","name":"Fondants d'hiver - Raven&#039;s Moon","isPartOf":{"@id":"https:\/\/ravensmoon.fr\/#website"},"primaryImageOfPage":{"@id":"https:\/\/ravensmoon.fr\/index.php\/produit\/fondants-sucre-dorge\/#primaryimage"},"image":{"@id":"https:\/\/ravensmoon.fr\/index.php\/produit\/fondants-sucre-dorge\/#primaryimage"},"thumbnailUrl":"https:\/\/ravensmoon.fr\/wp-content\/uploads\/2025\/09\/16847-scaled.png","datePublished":"2025-09-06T09:08:38+00:00","dateModified":"2026-03-22T06:21:45+00:00","description":"\u2022 Fondants \u00e9toile parfum\u00e9s aux senteurs vari\u00e9es pour une atmosph\u00e8re douce et cocooning.","breadcrumb":{"@id":"https:\/\/ravensmoon.fr\/index.php\/produit\/fondants-sucre-dorge\/#breadcrumb"},"inLanguage":"fr-FR","potentialAction":[{"@type":"ReadAction","target":["https:\/\/ravensmoon.fr\/index.php\/produit\/fondants-sucre-dorge\/"]}]},{"@type":"ImageObject","inLanguage":"fr-FR","@id":"https:\/\/ravensmoon.fr\/index.php\/produit\/fondants-sucre-dorge\/#primaryimage","url":"https:\/\/ravensmoon.fr\/wp-content\/uploads\/2025\/09\/16847-scaled.png","contentUrl":"https:\/\/ravensmoon.fr\/wp-content\/uploads\/2025\/09\/16847-scaled.png","width":2560,"height":2560},{"@type":"BreadcrumbList","@id":"https:\/\/ravensmoon.fr\/index.php\/produit\/fondants-sucre-dorge\/#breadcrumb","itemListElement":[{"@type":"ListItem","position":1,"name":"Accueil","item":"https:\/\/ravensmoon.fr\/"},{"@type":"ListItem","position":2,"name":"Bougies","item":"https:\/\/ravensmoon.fr\/index.php\/bougies\/"},{"@type":"ListItem","position":3,"name":"Fondants d&#8217;hiver"}]},{"@type":"WebSite","@id":"https:\/\/ravensmoon.fr\/#website","url":"https:\/\/ravensmoon.fr\/","name":"Raven's Moon","description":"","publisher":{"@id":"https:\/\/ravensmoon.fr\/#organization"},"potentialAction":[{"@type":"SearchAction","target":{"@type":"EntryPoint","urlTemplate":"https:\/\/ravensmoon.fr\/?s={search_term_string}"},"query-input":{"@type":"PropertyValueSpecification","valueRequired":true,"valueName":"search_term_string"}}],"inLanguage":"fr-FR"},{"@type":"Organization","@id":"https:\/\/ravensmoon.fr\/#organization","name":"Raven's Moon","url":"https:\/\/ravensmoon.fr\/","logo":{"@type":"ImageObject","inLanguage":"fr-FR","@id":"https:\/\/ravensmoon.fr\/#\/schema\/logo\/image\/","url":"https:\/\/ravensmoon.fr\/wp-content\/uploads\/2024\/05\/cropped-cropped-cropped-Logossf-2.png","contentUrl":"https:\/\/ravensmoon.fr\/wp-content\/uploads\/2024\/05\/cropped-cropped-cropped-Logossf-2.png","width":417,"height":337,"caption":"Raven's Moon"},"image":{"@id":"https:\/\/ravensmoon.fr\/#\/schema\/logo\/image\/"},"sameAs":["https:\/\/www.facebook.com\/profile.php?id=61565761895747&locale=fr_FR","https:\/\/www.instagram.com\/raven_s_moon"]}]}},"jetpack_sharing_enabled":true,"_links":{"self":[{"href":"https:\/\/ravensmoon.fr\/index.php\/wp-json\/wp\/v2\/product\/2055","targetHints":{"allow":["GET"]}}],"collection":[{"href":"https:\/\/ravensmoon.fr\/index.php\/wp-json\/wp\/v2\/product"}],"about":[{"href":"https:\/\/ravensmoon.fr\/index.php\/wp-json\/wp\/v2\/types\/product"}],"replies":[{"embeddable":true,"href":"https:\/\/ravensmoon.fr\/index.php\/wp-json\/wp\/v2\/comments?post=2055"}],"wp:featuredmedia":[{"embeddable":true,"href":"https:\/\/ravensmoon.fr\/index.php\/wp-json\/wp\/v2\/media\/2552"}],"wp:attachment":[{"href":"https:\/\/ravensmoon.fr\/index.php\/wp-json\/wp\/v2\/media?parent=2055"}],"wp:term":[{"taxonomy":"product_brand","embeddable":true,"href":"https:\/\/ravensmoon.fr\/index.php\/wp-json\/wp\/v2\/product_brand?post=2055"},{"taxonomy":"product_cat","embeddable":true,"href":"https:\/\/ravensmoon.fr\/index.php\/wp-json\/wp\/v2\/product_cat?post=2055"},{"taxonomy":"product_tag","embeddable":true,"href":"https:\/\/ravensmoon.fr\/index.php\/wp-json\/wp\/v2\/product_tag?post=2055"}],"curies":[{"name":"wp","href":"https:\/\/api.w.org\/{rel}","templated":true}]}}