{"id":2070,"date":"2025-09-25T20:23:29","date_gmt":"2025-09-25T18:23:29","guid":{"rendered":"https:\/\/ravensmoon.fr\/?post_type=product&#038;p=2070"},"modified":"2026-03-22T07:20:31","modified_gmt":"2026-03-22T06:20:31","slug":"sapin-enneige","status":"publish","type":"product","link":"https:\/\/ravensmoon.fr\/index.php\/produit\/sapin-enneige\/","title":{"rendered":"Sapin Enneig\u00e9"},"content":{"rendered":"<h3 data-start=\"98\" data-end=\"145\">\u2744\ufe0f <strong data-start=\"105\" data-end=\"140\">Bougie Parfum\u00e9e \u2013 Sapin Enneig\u00e9<\/strong> \ud83c\udf32<\/h3>\n<p data-start=\"146\" data-end=\"408\">Laissez-vous transporter au c\u0153ur d\u2019une for\u00eat bor\u00e9ale recouverte de neige fra\u00eeche avec notre bougie <strong data-start=\"245\" data-end=\"262\">Sapin Enneig\u00e9<\/strong>. Un parfum bois\u00e9, frais et l\u00e9g\u00e8rement r\u00e9sineux qui \u00e9voque les promenades hivernales sous les flocons, l\u2019air pur et les branches de sapin givr\u00e9es.<\/p>\n<p data-start=\"410\" data-end=\"579\">Cette bougie est parfaite pour cr\u00e9er une ambiance apaisante et festive \u00e0 l&#8217;approche des f\u00eates, ou simplement pour retrouver le calme et la s\u00e9r\u00e9nit\u00e9 des paysages d\u2019hiver.<\/p>\n<p data-start=\"581\" data-end=\"609\">\ud83d\udd6f\ufe0f <strong data-start=\"585\" data-end=\"605\">Notes olfactives<\/strong> :<\/p>\n<ul data-start=\"610\" data-end=\"734\">\n<li data-start=\"610\" data-end=\"646\">\n<ul>\n<li>Conif\u00e8re \/ Santal \/ Bois\u00e9e<\/li>\n<li>T\u00eate : pin \/ pomme<\/li>\n<li>C\u0153ur : h\u00e9liotrope \/ muguet<\/li>\n<li>Fond : mousse \/ santal<\/li>\n<\/ul>\n<\/li>\n<\/ul>\n<p data-start=\"736\" data-end=\"935\">\u2728 <strong data-start=\"738\" data-end=\"765\">Cire v\u00e9g\u00e9tale naturelle<\/strong> \u2013 M\u00e8che en coton \u2013 Parfum sans substances nocives<br data-start=\"815\" data-end=\"818\" \/><br data-start=\"858\" data-end=\"861\" \/>Pr\u00e9sent\u00e9e dans un pot \u00e9l\u00e9gant r\u00e9utilisable, id\u00e9al pour offrir ou s\u2019offrir.<\/p>\n","protected":false},"excerpt":{"rendered":"<ul>\n<li>Conif\u00e8re \/ Santal \/ Bois\u00e9e<\/li>\n<li>T\u00eate : pin \/ pomme<\/li>\n<li>C\u0153ur : h\u00e9liotrope \/ muguet<\/li>\n<li>Fond : mousse \/ santal<\/li>\n<\/ul>\n","protected":false},"featured_media":2555,"comment_status":"open","ping_status":"closed","template":"","meta":[],"product_brand":[],"product_cat":[16],"product_tag":[],"class_list":{"0":"post-2070","1":"product","2":"type-product","3":"status-publish","4":"has-post-thumbnail","6":"product_cat-non-classe","8":"first","9":"instock","10":"sale","11":"shipping-taxable","12":"purchasable","13":"product-type-simple"},"yoast_head":"<!-- This site is optimized with the Yoast SEO plugin v26.8 - https:\/\/yoast.com\/product\/yoast-seo-wordpress\/ -->\n<title>Sapin Enneig\u00e9 - Raven&#039;s Moon<\/title>\n<meta name=\"robots\" content=\"index, follow, max-snippet:-1, max-image-preview:large, max-video-preview:-1\" \/>\n<link rel=\"canonical\" href=\"https:\/\/ravensmoon.fr\/index.php\/produit\/sapin-enneige\/\" \/>\n<meta property=\"og:locale\" content=\"fr_FR\" \/>\n<meta property=\"og:type\" content=\"article\" \/>\n<meta property=\"og:title\" content=\"Sapin Enneig\u00e9 - Raven&#039;s Moon\" \/>\n<meta property=\"og:description\" content=\"Conif\u00e8re \/ Santal \/ Bois\u00e9e  T\u00eate : pin \/ pomme  C\u0153ur : h\u00e9liotrope \/ muguet  Fond : mousse \/ santal\" \/>\n<meta property=\"og:url\" content=\"https:\/\/ravensmoon.fr\/index.php\/produit\/sapin-enneige\/\" \/>\n<meta property=\"og:site_name\" content=\"Raven&#039;s Moon\" \/>\n<meta property=\"article:publisher\" content=\"https:\/\/www.facebook.com\/profile.php?id=61565761895747&amp;locale=fr_FR\" \/>\n<meta property=\"article:modified_time\" content=\"2026-03-22T06:20:31+00:00\" \/>\n<meta property=\"og:image\" content=\"https:\/\/ravensmoon.fr\/wp-content\/uploads\/2025\/09\/16850.png\" \/>\n\t<meta property=\"og:image:width\" content=\"1008\" \/>\n\t<meta property=\"og:image:height\" content=\"1008\" \/>\n\t<meta property=\"og:image:type\" content=\"image\/png\" \/>\n<meta name=\"twitter:card\" content=\"summary_large_image\" \/>\n<meta name=\"twitter:label1\" content=\"Dur\u00e9e de lecture estim\u00e9e\" \/>\n\t<meta name=\"twitter:data1\" content=\"1 minute\" \/>\n<script type=\"application\/ld+json\" class=\"yoast-schema-graph\">{\"@context\":\"https:\/\/schema.org\",\"@graph\":[{\"@type\":\"WebPage\",\"@id\":\"https:\/\/ravensmoon.fr\/index.php\/produit\/sapin-enneige\/\",\"url\":\"https:\/\/ravensmoon.fr\/index.php\/produit\/sapin-enneige\/\",\"name\":\"Sapin Enneig\u00e9 - Raven&#039;s Moon\",\"isPartOf\":{\"@id\":\"https:\/\/ravensmoon.fr\/#website\"},\"primaryImageOfPage\":{\"@id\":\"https:\/\/ravensmoon.fr\/index.php\/produit\/sapin-enneige\/#primaryimage\"},\"image\":{\"@id\":\"https:\/\/ravensmoon.fr\/index.php\/produit\/sapin-enneige\/#primaryimage\"},\"thumbnailUrl\":\"https:\/\/ravensmoon.fr\/wp-content\/uploads\/2025\/09\/16850.png\",\"datePublished\":\"2025-09-25T18:23:29+00:00\",\"dateModified\":\"2026-03-22T06:20:31+00:00\",\"breadcrumb\":{\"@id\":\"https:\/\/ravensmoon.fr\/index.php\/produit\/sapin-enneige\/#breadcrumb\"},\"inLanguage\":\"fr-FR\",\"potentialAction\":[{\"@type\":\"ReadAction\",\"target\":[\"https:\/\/ravensmoon.fr\/index.php\/produit\/sapin-enneige\/\"]}]},{\"@type\":\"ImageObject\",\"inLanguage\":\"fr-FR\",\"@id\":\"https:\/\/ravensmoon.fr\/index.php\/produit\/sapin-enneige\/#primaryimage\",\"url\":\"https:\/\/ravensmoon.fr\/wp-content\/uploads\/2025\/09\/16850.png\",\"contentUrl\":\"https:\/\/ravensmoon.fr\/wp-content\/uploads\/2025\/09\/16850.png\",\"width\":1008,\"height\":1008},{\"@type\":\"BreadcrumbList\",\"@id\":\"https:\/\/ravensmoon.fr\/index.php\/produit\/sapin-enneige\/#breadcrumb\",\"itemListElement\":[{\"@type\":\"ListItem\",\"position\":1,\"name\":\"Accueil\",\"item\":\"https:\/\/ravensmoon.fr\/\"},{\"@type\":\"ListItem\",\"position\":2,\"name\":\"Bougies\",\"item\":\"https:\/\/ravensmoon.fr\/index.php\/bougies\/\"},{\"@type\":\"ListItem\",\"position\":3,\"name\":\"Sapin Enneig\u00e9\"}]},{\"@type\":\"WebSite\",\"@id\":\"https:\/\/ravensmoon.fr\/#website\",\"url\":\"https:\/\/ravensmoon.fr\/\",\"name\":\"Raven's Moon\",\"description\":\"\",\"publisher\":{\"@id\":\"https:\/\/ravensmoon.fr\/#organization\"},\"potentialAction\":[{\"@type\":\"SearchAction\",\"target\":{\"@type\":\"EntryPoint\",\"urlTemplate\":\"https:\/\/ravensmoon.fr\/?s={search_term_string}\"},\"query-input\":{\"@type\":\"PropertyValueSpecification\",\"valueRequired\":true,\"valueName\":\"search_term_string\"}}],\"inLanguage\":\"fr-FR\"},{\"@type\":\"Organization\",\"@id\":\"https:\/\/ravensmoon.fr\/#organization\",\"name\":\"Raven's Moon\",\"url\":\"https:\/\/ravensmoon.fr\/\",\"logo\":{\"@type\":\"ImageObject\",\"inLanguage\":\"fr-FR\",\"@id\":\"https:\/\/ravensmoon.fr\/#\/schema\/logo\/image\/\",\"url\":\"https:\/\/ravensmoon.fr\/wp-content\/uploads\/2024\/05\/cropped-cropped-cropped-Logossf-2.png\",\"contentUrl\":\"https:\/\/ravensmoon.fr\/wp-content\/uploads\/2024\/05\/cropped-cropped-cropped-Logossf-2.png\",\"width\":417,\"height\":337,\"caption\":\"Raven's Moon\"},\"image\":{\"@id\":\"https:\/\/ravensmoon.fr\/#\/schema\/logo\/image\/\"},\"sameAs\":[\"https:\/\/www.facebook.com\/profile.php?id=61565761895747&locale=fr_FR\",\"https:\/\/www.instagram.com\/raven_s_moon\"]}]}<\/script>\n<!-- \/ Yoast SEO plugin. -->","yoast_head_json":{"title":"Sapin Enneig\u00e9 - Raven&#039;s Moon","robots":{"index":"index","follow":"follow","max-snippet":"max-snippet:-1","max-image-preview":"max-image-preview:large","max-video-preview":"max-video-preview:-1"},"canonical":"https:\/\/ravensmoon.fr\/index.php\/produit\/sapin-enneige\/","og_locale":"fr_FR","og_type":"article","og_title":"Sapin Enneig\u00e9 - Raven&#039;s Moon","og_description":"Conif\u00e8re \/ Santal \/ Bois\u00e9e  T\u00eate : pin \/ pomme  C\u0153ur : h\u00e9liotrope \/ muguet  Fond : mousse \/ santal","og_url":"https:\/\/ravensmoon.fr\/index.php\/produit\/sapin-enneige\/","og_site_name":"Raven&#039;s Moon","article_publisher":"https:\/\/www.facebook.com\/profile.php?id=61565761895747&locale=fr_FR","article_modified_time":"2026-03-22T06:20:31+00:00","og_image":[{"width":1008,"height":1008,"url":"https:\/\/ravensmoon.fr\/wp-content\/uploads\/2025\/09\/16850.png","type":"image\/png"}],"twitter_card":"summary_large_image","twitter_misc":{"Dur\u00e9e de lecture estim\u00e9e":"1 minute"},"schema":{"@context":"https:\/\/schema.org","@graph":[{"@type":"WebPage","@id":"https:\/\/ravensmoon.fr\/index.php\/produit\/sapin-enneige\/","url":"https:\/\/ravensmoon.fr\/index.php\/produit\/sapin-enneige\/","name":"Sapin Enneig\u00e9 - Raven&#039;s Moon","isPartOf":{"@id":"https:\/\/ravensmoon.fr\/#website"},"primaryImageOfPage":{"@id":"https:\/\/ravensmoon.fr\/index.php\/produit\/sapin-enneige\/#primaryimage"},"image":{"@id":"https:\/\/ravensmoon.fr\/index.php\/produit\/sapin-enneige\/#primaryimage"},"thumbnailUrl":"https:\/\/ravensmoon.fr\/wp-content\/uploads\/2025\/09\/16850.png","datePublished":"2025-09-25T18:23:29+00:00","dateModified":"2026-03-22T06:20:31+00:00","breadcrumb":{"@id":"https:\/\/ravensmoon.fr\/index.php\/produit\/sapin-enneige\/#breadcrumb"},"inLanguage":"fr-FR","potentialAction":[{"@type":"ReadAction","target":["https:\/\/ravensmoon.fr\/index.php\/produit\/sapin-enneige\/"]}]},{"@type":"ImageObject","inLanguage":"fr-FR","@id":"https:\/\/ravensmoon.fr\/index.php\/produit\/sapin-enneige\/#primaryimage","url":"https:\/\/ravensmoon.fr\/wp-content\/uploads\/2025\/09\/16850.png","contentUrl":"https:\/\/ravensmoon.fr\/wp-content\/uploads\/2025\/09\/16850.png","width":1008,"height":1008},{"@type":"BreadcrumbList","@id":"https:\/\/ravensmoon.fr\/index.php\/produit\/sapin-enneige\/#breadcrumb","itemListElement":[{"@type":"ListItem","position":1,"name":"Accueil","item":"https:\/\/ravensmoon.fr\/"},{"@type":"ListItem","position":2,"name":"Bougies","item":"https:\/\/ravensmoon.fr\/index.php\/bougies\/"},{"@type":"ListItem","position":3,"name":"Sapin Enneig\u00e9"}]},{"@type":"WebSite","@id":"https:\/\/ravensmoon.fr\/#website","url":"https:\/\/ravensmoon.fr\/","name":"Raven's Moon","description":"","publisher":{"@id":"https:\/\/ravensmoon.fr\/#organization"},"potentialAction":[{"@type":"SearchAction","target":{"@type":"EntryPoint","urlTemplate":"https:\/\/ravensmoon.fr\/?s={search_term_string}"},"query-input":{"@type":"PropertyValueSpecification","valueRequired":true,"valueName":"search_term_string"}}],"inLanguage":"fr-FR"},{"@type":"Organization","@id":"https:\/\/ravensmoon.fr\/#organization","name":"Raven's Moon","url":"https:\/\/ravensmoon.fr\/","logo":{"@type":"ImageObject","inLanguage":"fr-FR","@id":"https:\/\/ravensmoon.fr\/#\/schema\/logo\/image\/","url":"https:\/\/ravensmoon.fr\/wp-content\/uploads\/2024\/05\/cropped-cropped-cropped-Logossf-2.png","contentUrl":"https:\/\/ravensmoon.fr\/wp-content\/uploads\/2024\/05\/cropped-cropped-cropped-Logossf-2.png","width":417,"height":337,"caption":"Raven's Moon"},"image":{"@id":"https:\/\/ravensmoon.fr\/#\/schema\/logo\/image\/"},"sameAs":["https:\/\/www.facebook.com\/profile.php?id=61565761895747&locale=fr_FR","https:\/\/www.instagram.com\/raven_s_moon"]}]}},"jetpack_sharing_enabled":true,"_links":{"self":[{"href":"https:\/\/ravensmoon.fr\/index.php\/wp-json\/wp\/v2\/product\/2070","targetHints":{"allow":["GET"]}}],"collection":[{"href":"https:\/\/ravensmoon.fr\/index.php\/wp-json\/wp\/v2\/product"}],"about":[{"href":"https:\/\/ravensmoon.fr\/index.php\/wp-json\/wp\/v2\/types\/product"}],"replies":[{"embeddable":true,"href":"https:\/\/ravensmoon.fr\/index.php\/wp-json\/wp\/v2\/comments?post=2070"}],"wp:featuredmedia":[{"embeddable":true,"href":"https:\/\/ravensmoon.fr\/index.php\/wp-json\/wp\/v2\/media\/2555"}],"wp:attachment":[{"href":"https:\/\/ravensmoon.fr\/index.php\/wp-json\/wp\/v2\/media?parent=2070"}],"wp:term":[{"taxonomy":"product_brand","embeddable":true,"href":"https:\/\/ravensmoon.fr\/index.php\/wp-json\/wp\/v2\/product_brand?post=2070"},{"taxonomy":"product_cat","embeddable":true,"href":"https:\/\/ravensmoon.fr\/index.php\/wp-json\/wp\/v2\/product_cat?post=2070"},{"taxonomy":"product_tag","embeddable":true,"href":"https:\/\/ravensmoon.fr\/index.php\/wp-json\/wp\/v2\/product_tag?post=2070"}],"curies":[{"name":"wp","href":"https:\/\/api.w.org\/{rel}","templated":true}]}}