{"id":2072,"date":"2025-09-25T20:32:13","date_gmt":"2025-09-25T18:32:13","guid":{"rendered":"https:\/\/ravensmoon.fr\/?post_type=product&#038;p=2072"},"modified":"2026-03-22T07:19:48","modified_gmt":"2026-03-22T06:19:48","slug":"flocon-2","status":"publish","type":"product","link":"https:\/\/ravensmoon.fr\/index.php\/produit\/flocon-2\/","title":{"rendered":"Flocon"},"content":{"rendered":"<h3 data-start=\"80\" data-end=\"117\">\u2744\ufe0f <strong data-start=\"87\" data-end=\"115\">Bougie Parfum\u00e9e \u2013 Flocon<\/strong><\/h3>\n<p data-start=\"118\" data-end=\"387\">Douce et d\u00e9licate, notre bougie <strong data-start=\"150\" data-end=\"160\">Flocon<\/strong> capture la puret\u00e9 et la l\u00e9g\u00e8ret\u00e9 d\u2019un flocon de neige tombant en silence. Son parfum frais, poudr\u00e9 et subtilement musqu\u00e9 \u00e9voque les matins d\u2019hiver cristallins, les draps propres, et l\u2019atmosph\u00e8re apaisante d\u2019un paysage enneig\u00e9.<\/p>\n<p data-start=\"389\" data-end=\"549\">Id\u00e9ale pour cr\u00e9er une ambiance zen, propre et r\u00e9confortante, <strong data-start=\"450\" data-end=\"460\">Flocon<\/strong> est la bougie parfaite pour les amateurs de senteurs douces, a\u00e9riennes et enveloppantes.<\/p>\n<p data-start=\"551\" data-end=\"579\">\ud83d\udd6f\ufe0f <strong data-start=\"555\" data-end=\"575\">Notes olfactives<\/strong> :<\/p>\n<ul data-start=\"580\" data-end=\"716\">\n<li>Herbac\u00e9e aromatique \/ Poudr\u00e9e \/ Florale<\/li>\n<li>T\u00eate : rose \/ fleurs blanches \/ menthe<\/li>\n<li>Coeur : c\u00e8dre \/ santal<\/li>\n<li>Fond : ambre min\u00e9ral \/ vanille \/ musc<\/li>\n<\/ul>\n<p data-start=\"718\" data-end=\"946\">\u2728 <strong data-start=\"720\" data-end=\"747\">Cire v\u00e9g\u00e9tale naturelle<\/strong> \u2013 M\u00e8che en coton \u2013 Sans phtalates ni substances nocives<br data-start=\"803\" data-end=\"806\" \/><br data-start=\"846\" data-end=\"849\" \/>Design \u00e9pur\u00e9 dans un pot blanc mat, parfait pour l\u2019hiver ou les int\u00e9rieurs minimalistes.<\/p>\n","protected":false},"excerpt":{"rendered":"<ul data-start=\"580\" data-end=\"716\">\n<li>Herbac\u00e9e aromatique \/ Poudr\u00e9e \/ Florale<\/li>\n<li>T\u00eate : rose \/ fleurs blanches \/ menthe<\/li>\n<li>Coeur : c\u00e8dre \/ santal<\/li>\n<li>Fond : ambre min\u00e9ral \/ vanille \/ musc<\/li>\n<\/ul>\n","protected":false},"featured_media":2550,"comment_status":"open","ping_status":"closed","template":"","meta":[],"product_brand":[],"product_cat":[16],"product_tag":[],"class_list":{"0":"post-2072","1":"product","2":"type-product","3":"status-publish","4":"has-post-thumbnail","6":"product_cat-non-classe","8":"first","9":"outofstock","10":"shipping-taxable","11":"purchasable","12":"product-type-simple"},"yoast_head":"<!-- This site is optimized with the Yoast SEO plugin v26.8 - https:\/\/yoast.com\/product\/yoast-seo-wordpress\/ -->\n<title>Flocon - Raven&#039;s Moon<\/title>\n<meta name=\"robots\" content=\"index, follow, max-snippet:-1, max-image-preview:large, max-video-preview:-1\" \/>\n<link rel=\"canonical\" href=\"https:\/\/ravensmoon.fr\/index.php\/produit\/flocon-2\/\" \/>\n<meta property=\"og:locale\" content=\"fr_FR\" \/>\n<meta property=\"og:type\" content=\"article\" \/>\n<meta property=\"og:title\" content=\"Flocon - Raven&#039;s Moon\" \/>\n<meta property=\"og:description\" content=\"Herbac\u00e9e aromatique \/ Poudr\u00e9e \/ Florale  T\u00eate : rose \/ fleurs blanches \/ menthe  Coeur : c\u00e8dre \/ santal  Fond : ambre min\u00e9ral \/ vanille \/ musc\" \/>\n<meta property=\"og:url\" content=\"https:\/\/ravensmoon.fr\/index.php\/produit\/flocon-2\/\" \/>\n<meta property=\"og:site_name\" content=\"Raven&#039;s Moon\" \/>\n<meta property=\"article:publisher\" content=\"https:\/\/www.facebook.com\/profile.php?id=61565761895747&amp;locale=fr_FR\" \/>\n<meta property=\"article:modified_time\" content=\"2026-03-22T06:19:48+00:00\" \/>\n<meta property=\"og:image\" content=\"https:\/\/ravensmoon.fr\/wp-content\/uploads\/2025\/09\/16849.png\" \/>\n\t<meta property=\"og:image:width\" content=\"925\" \/>\n\t<meta property=\"og:image:height\" content=\"925\" \/>\n\t<meta property=\"og:image:type\" content=\"image\/png\" \/>\n<meta name=\"twitter:card\" content=\"summary_large_image\" \/>\n<meta name=\"twitter:label1\" content=\"Dur\u00e9e de lecture estim\u00e9e\" \/>\n\t<meta name=\"twitter:data1\" content=\"1 minute\" \/>\n<script type=\"application\/ld+json\" class=\"yoast-schema-graph\">{\"@context\":\"https:\/\/schema.org\",\"@graph\":[{\"@type\":\"WebPage\",\"@id\":\"https:\/\/ravensmoon.fr\/index.php\/produit\/flocon-2\/\",\"url\":\"https:\/\/ravensmoon.fr\/index.php\/produit\/flocon-2\/\",\"name\":\"Flocon - Raven&#039;s Moon\",\"isPartOf\":{\"@id\":\"https:\/\/ravensmoon.fr\/#website\"},\"primaryImageOfPage\":{\"@id\":\"https:\/\/ravensmoon.fr\/index.php\/produit\/flocon-2\/#primaryimage\"},\"image\":{\"@id\":\"https:\/\/ravensmoon.fr\/index.php\/produit\/flocon-2\/#primaryimage\"},\"thumbnailUrl\":\"https:\/\/ravensmoon.fr\/wp-content\/uploads\/2025\/09\/16849.png\",\"datePublished\":\"2025-09-25T18:32:13+00:00\",\"dateModified\":\"2026-03-22T06:19:48+00:00\",\"breadcrumb\":{\"@id\":\"https:\/\/ravensmoon.fr\/index.php\/produit\/flocon-2\/#breadcrumb\"},\"inLanguage\":\"fr-FR\",\"potentialAction\":[{\"@type\":\"ReadAction\",\"target\":[\"https:\/\/ravensmoon.fr\/index.php\/produit\/flocon-2\/\"]}]},{\"@type\":\"ImageObject\",\"inLanguage\":\"fr-FR\",\"@id\":\"https:\/\/ravensmoon.fr\/index.php\/produit\/flocon-2\/#primaryimage\",\"url\":\"https:\/\/ravensmoon.fr\/wp-content\/uploads\/2025\/09\/16849.png\",\"contentUrl\":\"https:\/\/ravensmoon.fr\/wp-content\/uploads\/2025\/09\/16849.png\",\"width\":925,\"height\":925},{\"@type\":\"BreadcrumbList\",\"@id\":\"https:\/\/ravensmoon.fr\/index.php\/produit\/flocon-2\/#breadcrumb\",\"itemListElement\":[{\"@type\":\"ListItem\",\"position\":1,\"name\":\"Accueil\",\"item\":\"https:\/\/ravensmoon.fr\/\"},{\"@type\":\"ListItem\",\"position\":2,\"name\":\"Bougies\",\"item\":\"https:\/\/ravensmoon.fr\/index.php\/bougies\/\"},{\"@type\":\"ListItem\",\"position\":3,\"name\":\"Flocon\"}]},{\"@type\":\"WebSite\",\"@id\":\"https:\/\/ravensmoon.fr\/#website\",\"url\":\"https:\/\/ravensmoon.fr\/\",\"name\":\"Raven's Moon\",\"description\":\"\",\"publisher\":{\"@id\":\"https:\/\/ravensmoon.fr\/#organization\"},\"potentialAction\":[{\"@type\":\"SearchAction\",\"target\":{\"@type\":\"EntryPoint\",\"urlTemplate\":\"https:\/\/ravensmoon.fr\/?s={search_term_string}\"},\"query-input\":{\"@type\":\"PropertyValueSpecification\",\"valueRequired\":true,\"valueName\":\"search_term_string\"}}],\"inLanguage\":\"fr-FR\"},{\"@type\":\"Organization\",\"@id\":\"https:\/\/ravensmoon.fr\/#organization\",\"name\":\"Raven's Moon\",\"url\":\"https:\/\/ravensmoon.fr\/\",\"logo\":{\"@type\":\"ImageObject\",\"inLanguage\":\"fr-FR\",\"@id\":\"https:\/\/ravensmoon.fr\/#\/schema\/logo\/image\/\",\"url\":\"https:\/\/ravensmoon.fr\/wp-content\/uploads\/2024\/05\/cropped-cropped-cropped-Logossf-2.png\",\"contentUrl\":\"https:\/\/ravensmoon.fr\/wp-content\/uploads\/2024\/05\/cropped-cropped-cropped-Logossf-2.png\",\"width\":417,\"height\":337,\"caption\":\"Raven's Moon\"},\"image\":{\"@id\":\"https:\/\/ravensmoon.fr\/#\/schema\/logo\/image\/\"},\"sameAs\":[\"https:\/\/www.facebook.com\/profile.php?id=61565761895747&locale=fr_FR\",\"https:\/\/www.instagram.com\/raven_s_moon\"]}]}<\/script>\n<!-- \/ Yoast SEO plugin. -->","yoast_head_json":{"title":"Flocon - Raven&#039;s Moon","robots":{"index":"index","follow":"follow","max-snippet":"max-snippet:-1","max-image-preview":"max-image-preview:large","max-video-preview":"max-video-preview:-1"},"canonical":"https:\/\/ravensmoon.fr\/index.php\/produit\/flocon-2\/","og_locale":"fr_FR","og_type":"article","og_title":"Flocon - Raven&#039;s Moon","og_description":"Herbac\u00e9e aromatique \/ Poudr\u00e9e \/ Florale  T\u00eate : rose \/ fleurs blanches \/ menthe  Coeur : c\u00e8dre \/ santal  Fond : ambre min\u00e9ral \/ vanille \/ musc","og_url":"https:\/\/ravensmoon.fr\/index.php\/produit\/flocon-2\/","og_site_name":"Raven&#039;s Moon","article_publisher":"https:\/\/www.facebook.com\/profile.php?id=61565761895747&locale=fr_FR","article_modified_time":"2026-03-22T06:19:48+00:00","og_image":[{"width":925,"height":925,"url":"https:\/\/ravensmoon.fr\/wp-content\/uploads\/2025\/09\/16849.png","type":"image\/png"}],"twitter_card":"summary_large_image","twitter_misc":{"Dur\u00e9e de lecture estim\u00e9e":"1 minute"},"schema":{"@context":"https:\/\/schema.org","@graph":[{"@type":"WebPage","@id":"https:\/\/ravensmoon.fr\/index.php\/produit\/flocon-2\/","url":"https:\/\/ravensmoon.fr\/index.php\/produit\/flocon-2\/","name":"Flocon - Raven&#039;s Moon","isPartOf":{"@id":"https:\/\/ravensmoon.fr\/#website"},"primaryImageOfPage":{"@id":"https:\/\/ravensmoon.fr\/index.php\/produit\/flocon-2\/#primaryimage"},"image":{"@id":"https:\/\/ravensmoon.fr\/index.php\/produit\/flocon-2\/#primaryimage"},"thumbnailUrl":"https:\/\/ravensmoon.fr\/wp-content\/uploads\/2025\/09\/16849.png","datePublished":"2025-09-25T18:32:13+00:00","dateModified":"2026-03-22T06:19:48+00:00","breadcrumb":{"@id":"https:\/\/ravensmoon.fr\/index.php\/produit\/flocon-2\/#breadcrumb"},"inLanguage":"fr-FR","potentialAction":[{"@type":"ReadAction","target":["https:\/\/ravensmoon.fr\/index.php\/produit\/flocon-2\/"]}]},{"@type":"ImageObject","inLanguage":"fr-FR","@id":"https:\/\/ravensmoon.fr\/index.php\/produit\/flocon-2\/#primaryimage","url":"https:\/\/ravensmoon.fr\/wp-content\/uploads\/2025\/09\/16849.png","contentUrl":"https:\/\/ravensmoon.fr\/wp-content\/uploads\/2025\/09\/16849.png","width":925,"height":925},{"@type":"BreadcrumbList","@id":"https:\/\/ravensmoon.fr\/index.php\/produit\/flocon-2\/#breadcrumb","itemListElement":[{"@type":"ListItem","position":1,"name":"Accueil","item":"https:\/\/ravensmoon.fr\/"},{"@type":"ListItem","position":2,"name":"Bougies","item":"https:\/\/ravensmoon.fr\/index.php\/bougies\/"},{"@type":"ListItem","position":3,"name":"Flocon"}]},{"@type":"WebSite","@id":"https:\/\/ravensmoon.fr\/#website","url":"https:\/\/ravensmoon.fr\/","name":"Raven's Moon","description":"","publisher":{"@id":"https:\/\/ravensmoon.fr\/#organization"},"potentialAction":[{"@type":"SearchAction","target":{"@type":"EntryPoint","urlTemplate":"https:\/\/ravensmoon.fr\/?s={search_term_string}"},"query-input":{"@type":"PropertyValueSpecification","valueRequired":true,"valueName":"search_term_string"}}],"inLanguage":"fr-FR"},{"@type":"Organization","@id":"https:\/\/ravensmoon.fr\/#organization","name":"Raven's Moon","url":"https:\/\/ravensmoon.fr\/","logo":{"@type":"ImageObject","inLanguage":"fr-FR","@id":"https:\/\/ravensmoon.fr\/#\/schema\/logo\/image\/","url":"https:\/\/ravensmoon.fr\/wp-content\/uploads\/2024\/05\/cropped-cropped-cropped-Logossf-2.png","contentUrl":"https:\/\/ravensmoon.fr\/wp-content\/uploads\/2024\/05\/cropped-cropped-cropped-Logossf-2.png","width":417,"height":337,"caption":"Raven's Moon"},"image":{"@id":"https:\/\/ravensmoon.fr\/#\/schema\/logo\/image\/"},"sameAs":["https:\/\/www.facebook.com\/profile.php?id=61565761895747&locale=fr_FR","https:\/\/www.instagram.com\/raven_s_moon"]}]}},"jetpack_sharing_enabled":true,"_links":{"self":[{"href":"https:\/\/ravensmoon.fr\/index.php\/wp-json\/wp\/v2\/product\/2072","targetHints":{"allow":["GET"]}}],"collection":[{"href":"https:\/\/ravensmoon.fr\/index.php\/wp-json\/wp\/v2\/product"}],"about":[{"href":"https:\/\/ravensmoon.fr\/index.php\/wp-json\/wp\/v2\/types\/product"}],"replies":[{"embeddable":true,"href":"https:\/\/ravensmoon.fr\/index.php\/wp-json\/wp\/v2\/comments?post=2072"}],"wp:featuredmedia":[{"embeddable":true,"href":"https:\/\/ravensmoon.fr\/index.php\/wp-json\/wp\/v2\/media\/2550"}],"wp:attachment":[{"href":"https:\/\/ravensmoon.fr\/index.php\/wp-json\/wp\/v2\/media?parent=2072"}],"wp:term":[{"taxonomy":"product_brand","embeddable":true,"href":"https:\/\/ravensmoon.fr\/index.php\/wp-json\/wp\/v2\/product_brand?post=2072"},{"taxonomy":"product_cat","embeddable":true,"href":"https:\/\/ravensmoon.fr\/index.php\/wp-json\/wp\/v2\/product_cat?post=2072"},{"taxonomy":"product_tag","embeddable":true,"href":"https:\/\/ravensmoon.fr\/index.php\/wp-json\/wp\/v2\/product_tag?post=2072"}],"curies":[{"name":"wp","href":"https:\/\/api.w.org\/{rel}","templated":true}]}}