{"id":2086,"date":"2025-09-30T16:38:48","date_gmt":"2025-09-30T14:38:48","guid":{"rendered":"https:\/\/ravensmoon.fr\/index.php\/produit\/fondants-parfumes-rose\/"},"modified":"2026-03-21T16:31:38","modified_gmt":"2026-03-21T15:31:38","slug":"fondants-parfumes-rose","status":"publish","type":"product","link":"https:\/\/ravensmoon.fr\/index.php\/produit\/fondants-parfumes-rose\/","title":{"rendered":"Fondants parfum\u00e9s Rose"},"content":{"rendered":"<p>Les fondants parfum\u00e9s \u00e0 la rose offrent une exp\u00e9rience olfactive d\u00e9licate et romantique. Leur parfum floral embaume subtilement l&#8217;atmosph\u00e8re, cr\u00e9ant une ambiance chaleureuse. La fragrance, intensifi\u00e9e par la chaleur, se diffuse de mani\u00e8re constante et durable. Ce lot contient deux fondants, parfaits pour parfumer votre int\u00e9rieur. Ces fondants \u00e0 la rose promettent une exp\u00e9rience sensorielle inoubliable.<\/p>\n<p>Poids net : 40g<\/p>\n","protected":false},"excerpt":{"rendered":"<p>Les fondants parfum\u00e9s \u00e0 la rose offrent une exp\u00e9rience olfactive d\u00e9licate et romantique. Leur parfum floral embaume subtilement l&#8217;atmosph\u00e8re, cr\u00e9ant une ambiance chaleureuse. La fragrance, intensifi\u00e9e par la chaleur, se diffuse de mani\u00e8re constante et durable. Ce lot contient deux fondants, parfaits pour parfumer votre int\u00e9rieur. Ces fondants \u00e0 la rose promettent une exp\u00e9rience sensorielle [&hellip;]<\/p>\n","protected":false},"featured_media":2535,"comment_status":"open","ping_status":"closed","template":"","meta":[],"product_brand":[],"product_cat":[18,39],"product_tag":[],"class_list":{"0":"post-2086","1":"product","2":"type-product","3":"status-publish","4":"has-post-thumbnail","6":"product_cat-bougie","7":"product_cat-fondants","9":"first","10":"instock","11":"shipping-taxable","12":"purchasable","13":"product-type-simple"},"yoast_head":"<!-- This site is optimized with the Yoast SEO plugin v26.8 - https:\/\/yoast.com\/product\/yoast-seo-wordpress\/ -->\n<title>Fondants parfum\u00e9s Rose - Raven&#039;s Moon<\/title>\n<meta name=\"description\" content=\"\u2022 Succombez au fondant parfum\u00e9 Rose Raven\u2019s Moon : une senteur florale douce pour une ambiance romantique et chaleureuse.\" \/>\n<meta name=\"robots\" content=\"index, follow, max-snippet:-1, max-image-preview:large, max-video-preview:-1\" \/>\n<link rel=\"canonical\" href=\"https:\/\/ravensmoon.fr\/index.php\/produit\/fondants-parfumes-rose\/\" \/>\n<meta property=\"og:locale\" content=\"fr_FR\" \/>\n<meta property=\"og:type\" content=\"article\" \/>\n<meta property=\"og:title\" content=\"Fondants parfum\u00e9s Rose - Raven&#039;s Moon\" \/>\n<meta property=\"og:description\" content=\"\u2022 Succombez au fondant parfum\u00e9 Rose Raven\u2019s Moon : une senteur florale douce pour une ambiance romantique et chaleureuse.\" \/>\n<meta property=\"og:url\" content=\"https:\/\/ravensmoon.fr\/index.php\/produit\/fondants-parfumes-rose\/\" \/>\n<meta property=\"og:site_name\" content=\"Raven&#039;s Moon\" \/>\n<meta property=\"article:publisher\" content=\"https:\/\/www.facebook.com\/profile.php?id=61565761895747&amp;locale=fr_FR\" \/>\n<meta property=\"article:modified_time\" content=\"2026-03-21T15:31:38+00:00\" \/>\n<meta property=\"og:image\" content=\"https:\/\/ravensmoon.fr\/wp-content\/uploads\/2025\/09\/1000032080.png\" \/>\n\t<meta property=\"og:image:width\" content=\"1195\" \/>\n\t<meta property=\"og:image:height\" content=\"1196\" \/>\n\t<meta property=\"og:image:type\" content=\"image\/png\" \/>\n<meta name=\"twitter:card\" content=\"summary_large_image\" \/>\n<meta name=\"twitter:label1\" content=\"Dur\u00e9e de lecture estim\u00e9e\" \/>\n\t<meta name=\"twitter:data1\" content=\"1 minute\" \/>\n<script type=\"application\/ld+json\" class=\"yoast-schema-graph\">{\"@context\":\"https:\/\/schema.org\",\"@graph\":[{\"@type\":\"WebPage\",\"@id\":\"https:\/\/ravensmoon.fr\/index.php\/produit\/fondants-parfumes-rose\/\",\"url\":\"https:\/\/ravensmoon.fr\/index.php\/produit\/fondants-parfumes-rose\/\",\"name\":\"Fondants parfum\u00e9s Rose - Raven&#039;s Moon\",\"isPartOf\":{\"@id\":\"https:\/\/ravensmoon.fr\/#website\"},\"primaryImageOfPage\":{\"@id\":\"https:\/\/ravensmoon.fr\/index.php\/produit\/fondants-parfumes-rose\/#primaryimage\"},\"image\":{\"@id\":\"https:\/\/ravensmoon.fr\/index.php\/produit\/fondants-parfumes-rose\/#primaryimage\"},\"thumbnailUrl\":\"https:\/\/ravensmoon.fr\/wp-content\/uploads\/2025\/09\/16831.png\",\"datePublished\":\"2025-09-30T14:38:48+00:00\",\"dateModified\":\"2026-03-21T15:31:38+00:00\",\"description\":\"\u2022 Succombez au fondant parfum\u00e9 Rose Raven\u2019s Moon : une senteur florale douce pour une ambiance romantique et chaleureuse.\",\"breadcrumb\":{\"@id\":\"https:\/\/ravensmoon.fr\/index.php\/produit\/fondants-parfumes-rose\/#breadcrumb\"},\"inLanguage\":\"fr-FR\",\"potentialAction\":[{\"@type\":\"ReadAction\",\"target\":[\"https:\/\/ravensmoon.fr\/index.php\/produit\/fondants-parfumes-rose\/\"]}]},{\"@type\":\"ImageObject\",\"inLanguage\":\"fr-FR\",\"@id\":\"https:\/\/ravensmoon.fr\/index.php\/produit\/fondants-parfumes-rose\/#primaryimage\",\"url\":\"https:\/\/ravensmoon.fr\/wp-content\/uploads\/2025\/09\/16831.png\",\"contentUrl\":\"https:\/\/ravensmoon.fr\/wp-content\/uploads\/2025\/09\/16831.png\",\"width\":1861,\"height\":1861},{\"@type\":\"BreadcrumbList\",\"@id\":\"https:\/\/ravensmoon.fr\/index.php\/produit\/fondants-parfumes-rose\/#breadcrumb\",\"itemListElement\":[{\"@type\":\"ListItem\",\"position\":1,\"name\":\"Accueil\",\"item\":\"https:\/\/ravensmoon.fr\/\"},{\"@type\":\"ListItem\",\"position\":2,\"name\":\"Bougies\",\"item\":\"https:\/\/ravensmoon.fr\/index.php\/bougies\/\"},{\"@type\":\"ListItem\",\"position\":3,\"name\":\"Fondants parfum\u00e9s Rose\"}]},{\"@type\":\"WebSite\",\"@id\":\"https:\/\/ravensmoon.fr\/#website\",\"url\":\"https:\/\/ravensmoon.fr\/\",\"name\":\"Raven's Moon\",\"description\":\"\",\"publisher\":{\"@id\":\"https:\/\/ravensmoon.fr\/#organization\"},\"potentialAction\":[{\"@type\":\"SearchAction\",\"target\":{\"@type\":\"EntryPoint\",\"urlTemplate\":\"https:\/\/ravensmoon.fr\/?s={search_term_string}\"},\"query-input\":{\"@type\":\"PropertyValueSpecification\",\"valueRequired\":true,\"valueName\":\"search_term_string\"}}],\"inLanguage\":\"fr-FR\"},{\"@type\":\"Organization\",\"@id\":\"https:\/\/ravensmoon.fr\/#organization\",\"name\":\"Raven's Moon\",\"url\":\"https:\/\/ravensmoon.fr\/\",\"logo\":{\"@type\":\"ImageObject\",\"inLanguage\":\"fr-FR\",\"@id\":\"https:\/\/ravensmoon.fr\/#\/schema\/logo\/image\/\",\"url\":\"https:\/\/ravensmoon.fr\/wp-content\/uploads\/2024\/05\/cropped-cropped-cropped-Logossf-2.png\",\"contentUrl\":\"https:\/\/ravensmoon.fr\/wp-content\/uploads\/2024\/05\/cropped-cropped-cropped-Logossf-2.png\",\"width\":417,\"height\":337,\"caption\":\"Raven's Moon\"},\"image\":{\"@id\":\"https:\/\/ravensmoon.fr\/#\/schema\/logo\/image\/\"},\"sameAs\":[\"https:\/\/www.facebook.com\/profile.php?id=61565761895747&locale=fr_FR\",\"https:\/\/www.instagram.com\/raven_s_moon\"]}]}<\/script>\n<!-- \/ Yoast SEO plugin. -->","yoast_head_json":{"title":"Fondants parfum\u00e9s Rose - Raven&#039;s Moon","description":"\u2022 Succombez au fondant parfum\u00e9 Rose Raven\u2019s Moon : une senteur florale douce pour une ambiance romantique et chaleureuse.","robots":{"index":"index","follow":"follow","max-snippet":"max-snippet:-1","max-image-preview":"max-image-preview:large","max-video-preview":"max-video-preview:-1"},"canonical":"https:\/\/ravensmoon.fr\/index.php\/produit\/fondants-parfumes-rose\/","og_locale":"fr_FR","og_type":"article","og_title":"Fondants parfum\u00e9s Rose - Raven&#039;s Moon","og_description":"\u2022 Succombez au fondant parfum\u00e9 Rose Raven\u2019s Moon : une senteur florale douce pour une ambiance romantique et chaleureuse.","og_url":"https:\/\/ravensmoon.fr\/index.php\/produit\/fondants-parfumes-rose\/","og_site_name":"Raven&#039;s Moon","article_publisher":"https:\/\/www.facebook.com\/profile.php?id=61565761895747&locale=fr_FR","article_modified_time":"2026-03-21T15:31:38+00:00","og_image":[{"width":1195,"height":1196,"url":"https:\/\/ravensmoon.fr\/wp-content\/uploads\/2025\/09\/1000032080.png","type":"image\/png"}],"twitter_card":"summary_large_image","twitter_misc":{"Dur\u00e9e de lecture estim\u00e9e":"1 minute"},"schema":{"@context":"https:\/\/schema.org","@graph":[{"@type":"WebPage","@id":"https:\/\/ravensmoon.fr\/index.php\/produit\/fondants-parfumes-rose\/","url":"https:\/\/ravensmoon.fr\/index.php\/produit\/fondants-parfumes-rose\/","name":"Fondants parfum\u00e9s Rose - Raven&#039;s Moon","isPartOf":{"@id":"https:\/\/ravensmoon.fr\/#website"},"primaryImageOfPage":{"@id":"https:\/\/ravensmoon.fr\/index.php\/produit\/fondants-parfumes-rose\/#primaryimage"},"image":{"@id":"https:\/\/ravensmoon.fr\/index.php\/produit\/fondants-parfumes-rose\/#primaryimage"},"thumbnailUrl":"https:\/\/ravensmoon.fr\/wp-content\/uploads\/2025\/09\/16831.png","datePublished":"2025-09-30T14:38:48+00:00","dateModified":"2026-03-21T15:31:38+00:00","description":"\u2022 Succombez au fondant parfum\u00e9 Rose Raven\u2019s Moon : une senteur florale douce pour une ambiance romantique et chaleureuse.","breadcrumb":{"@id":"https:\/\/ravensmoon.fr\/index.php\/produit\/fondants-parfumes-rose\/#breadcrumb"},"inLanguage":"fr-FR","potentialAction":[{"@type":"ReadAction","target":["https:\/\/ravensmoon.fr\/index.php\/produit\/fondants-parfumes-rose\/"]}]},{"@type":"ImageObject","inLanguage":"fr-FR","@id":"https:\/\/ravensmoon.fr\/index.php\/produit\/fondants-parfumes-rose\/#primaryimage","url":"https:\/\/ravensmoon.fr\/wp-content\/uploads\/2025\/09\/16831.png","contentUrl":"https:\/\/ravensmoon.fr\/wp-content\/uploads\/2025\/09\/16831.png","width":1861,"height":1861},{"@type":"BreadcrumbList","@id":"https:\/\/ravensmoon.fr\/index.php\/produit\/fondants-parfumes-rose\/#breadcrumb","itemListElement":[{"@type":"ListItem","position":1,"name":"Accueil","item":"https:\/\/ravensmoon.fr\/"},{"@type":"ListItem","position":2,"name":"Bougies","item":"https:\/\/ravensmoon.fr\/index.php\/bougies\/"},{"@type":"ListItem","position":3,"name":"Fondants parfum\u00e9s Rose"}]},{"@type":"WebSite","@id":"https:\/\/ravensmoon.fr\/#website","url":"https:\/\/ravensmoon.fr\/","name":"Raven's Moon","description":"","publisher":{"@id":"https:\/\/ravensmoon.fr\/#organization"},"potentialAction":[{"@type":"SearchAction","target":{"@type":"EntryPoint","urlTemplate":"https:\/\/ravensmoon.fr\/?s={search_term_string}"},"query-input":{"@type":"PropertyValueSpecification","valueRequired":true,"valueName":"search_term_string"}}],"inLanguage":"fr-FR"},{"@type":"Organization","@id":"https:\/\/ravensmoon.fr\/#organization","name":"Raven's Moon","url":"https:\/\/ravensmoon.fr\/","logo":{"@type":"ImageObject","inLanguage":"fr-FR","@id":"https:\/\/ravensmoon.fr\/#\/schema\/logo\/image\/","url":"https:\/\/ravensmoon.fr\/wp-content\/uploads\/2024\/05\/cropped-cropped-cropped-Logossf-2.png","contentUrl":"https:\/\/ravensmoon.fr\/wp-content\/uploads\/2024\/05\/cropped-cropped-cropped-Logossf-2.png","width":417,"height":337,"caption":"Raven's Moon"},"image":{"@id":"https:\/\/ravensmoon.fr\/#\/schema\/logo\/image\/"},"sameAs":["https:\/\/www.facebook.com\/profile.php?id=61565761895747&locale=fr_FR","https:\/\/www.instagram.com\/raven_s_moon"]}]}},"jetpack_sharing_enabled":true,"_links":{"self":[{"href":"https:\/\/ravensmoon.fr\/index.php\/wp-json\/wp\/v2\/product\/2086","targetHints":{"allow":["GET"]}}],"collection":[{"href":"https:\/\/ravensmoon.fr\/index.php\/wp-json\/wp\/v2\/product"}],"about":[{"href":"https:\/\/ravensmoon.fr\/index.php\/wp-json\/wp\/v2\/types\/product"}],"replies":[{"embeddable":true,"href":"https:\/\/ravensmoon.fr\/index.php\/wp-json\/wp\/v2\/comments?post=2086"}],"wp:featuredmedia":[{"embeddable":true,"href":"https:\/\/ravensmoon.fr\/index.php\/wp-json\/wp\/v2\/media\/2535"}],"wp:attachment":[{"href":"https:\/\/ravensmoon.fr\/index.php\/wp-json\/wp\/v2\/media?parent=2086"}],"wp:term":[{"taxonomy":"product_brand","embeddable":true,"href":"https:\/\/ravensmoon.fr\/index.php\/wp-json\/wp\/v2\/product_brand?post=2086"},{"taxonomy":"product_cat","embeddable":true,"href":"https:\/\/ravensmoon.fr\/index.php\/wp-json\/wp\/v2\/product_cat?post=2086"},{"taxonomy":"product_tag","embeddable":true,"href":"https:\/\/ravensmoon.fr\/index.php\/wp-json\/wp\/v2\/product_tag?post=2086"}],"curies":[{"name":"wp","href":"https:\/\/api.w.org\/{rel}","templated":true}]}}