{"id":2094,"date":"2025-10-01T19:10:40","date_gmt":"2025-10-01T17:10:40","guid":{"rendered":"https:\/\/ravensmoon.fr\/index.php\/produit\/fondants-fleurs-de-noel\/"},"modified":"2026-03-22T07:24:44","modified_gmt":"2026-03-22T06:24:44","slug":"fondants-fleurs-de-noel","status":"publish","type":"product","link":"https:\/\/ravensmoon.fr\/index.php\/produit\/fondants-fleurs-de-noel\/","title":{"rendered":"Fondants Fleurs de No\u00ebl"},"content":{"rendered":"<p>Ces fondants parfum\u00e9s \u00e9voquent la magie des f\u00eates de fin d&#8217;ann\u00e9e. Leur parfum exquis de fleur de No\u00ebl embaume d\u00e9licatement l&#8217;atmosph\u00e8re. Chaque fondant, pr\u00e9sent\u00e9 en lot de trois, promet une diffusion olfactive durable. L&#8217;exp\u00e9rience sensorielle offre un confort olfactif et cr\u00e9e une ambiance chaleureuse. Ils sont une excellente option pour parfumer votre int\u00e9rieur.<\/p>\n<p>Poids net : 30g<\/p>\n","protected":false},"excerpt":{"rendered":"<p>Ces fondants parfum\u00e9s \u00e9voquent la magie des f\u00eates de fin d&#8217;ann\u00e9e. Leur parfum exquis de fleur de No\u00ebl embaume d\u00e9licatement l&#8217;atmosph\u00e8re. Chaque fondant, pr\u00e9sent\u00e9 en lot de trois, promet une diffusion olfactive durable. L&#8217;exp\u00e9rience sensorielle offre un confort olfactif et cr\u00e9e une ambiance chaleureuse. Ils sont une excellente option pour parfumer votre int\u00e9rieur. Poids net [&hellip;]<\/p>\n","protected":false},"featured_media":2527,"comment_status":"open","ping_status":"closed","template":"","meta":[],"product_brand":[],"product_cat":[16],"product_tag":[],"class_list":{"0":"post-2094","1":"product","2":"type-product","3":"status-publish","4":"has-post-thumbnail","6":"product_cat-non-classe","8":"first","9":"instock","10":"sale","11":"shipping-taxable","12":"purchasable","13":"product-type-simple"},"yoast_head":"<!-- This site is optimized with the Yoast SEO plugin v26.8 - https:\/\/yoast.com\/product\/yoast-seo-wordpress\/ -->\n<title>Fondants Fleurs de No\u00ebl - Raven&#039;s Moon<\/title>\n<meta name=\"description\" content=\"Ces fondants parfum\u00e9s \u00e9voquent la magie des f\u00eates de fin d&#039;ann\u00e9e. Leur parfum exquis de fleur de No\u00ebl embaume d\u00e9licatement l&#039;atmosph\u00e8re.\" \/>\n<meta name=\"robots\" content=\"index, follow, max-snippet:-1, max-image-preview:large, max-video-preview:-1\" \/>\n<link rel=\"canonical\" href=\"https:\/\/ravensmoon.fr\/index.php\/produit\/fondants-fleurs-de-noel\/\" \/>\n<meta property=\"og:locale\" content=\"fr_FR\" \/>\n<meta property=\"og:type\" content=\"article\" \/>\n<meta property=\"og:title\" content=\"Fondants Fleurs de No\u00ebl - Raven&#039;s Moon\" \/>\n<meta property=\"og:description\" content=\"Ces fondants parfum\u00e9s \u00e9voquent la magie des f\u00eates de fin d&#039;ann\u00e9e. Leur parfum exquis de fleur de No\u00ebl embaume d\u00e9licatement l&#039;atmosph\u00e8re.\" \/>\n<meta property=\"og:url\" content=\"https:\/\/ravensmoon.fr\/index.php\/produit\/fondants-fleurs-de-noel\/\" \/>\n<meta property=\"og:site_name\" content=\"Raven&#039;s Moon\" \/>\n<meta property=\"article:publisher\" content=\"https:\/\/www.facebook.com\/profile.php?id=61565761895747&amp;locale=fr_FR\" \/>\n<meta property=\"article:modified_time\" content=\"2026-03-22T06:24:44+00:00\" \/>\n<meta property=\"og:image\" content=\"https:\/\/ravensmoon.fr\/wp-content\/uploads\/2025\/10\/16826.png\" \/>\n\t<meta property=\"og:image:width\" content=\"1532\" \/>\n\t<meta property=\"og:image:height\" content=\"1532\" \/>\n\t<meta property=\"og:image:type\" content=\"image\/png\" \/>\n<meta name=\"twitter:card\" content=\"summary_large_image\" \/>\n<meta name=\"twitter:label1\" content=\"Dur\u00e9e de lecture estim\u00e9e\" \/>\n\t<meta name=\"twitter:data1\" content=\"1 minute\" \/>\n<script type=\"application\/ld+json\" class=\"yoast-schema-graph\">{\"@context\":\"https:\/\/schema.org\",\"@graph\":[{\"@type\":\"WebPage\",\"@id\":\"https:\/\/ravensmoon.fr\/index.php\/produit\/fondants-fleurs-de-noel\/\",\"url\":\"https:\/\/ravensmoon.fr\/index.php\/produit\/fondants-fleurs-de-noel\/\",\"name\":\"Fondants Fleurs de No\u00ebl - Raven&#039;s Moon\",\"isPartOf\":{\"@id\":\"https:\/\/ravensmoon.fr\/#website\"},\"primaryImageOfPage\":{\"@id\":\"https:\/\/ravensmoon.fr\/index.php\/produit\/fondants-fleurs-de-noel\/#primaryimage\"},\"image\":{\"@id\":\"https:\/\/ravensmoon.fr\/index.php\/produit\/fondants-fleurs-de-noel\/#primaryimage\"},\"thumbnailUrl\":\"https:\/\/ravensmoon.fr\/wp-content\/uploads\/2025\/10\/16826.png\",\"datePublished\":\"2025-10-01T17:10:40+00:00\",\"dateModified\":\"2026-03-22T06:24:44+00:00\",\"description\":\"Ces fondants parfum\u00e9s \u00e9voquent la magie des f\u00eates de fin d'ann\u00e9e. Leur parfum exquis de fleur de No\u00ebl embaume d\u00e9licatement l'atmosph\u00e8re.\",\"breadcrumb\":{\"@id\":\"https:\/\/ravensmoon.fr\/index.php\/produit\/fondants-fleurs-de-noel\/#breadcrumb\"},\"inLanguage\":\"fr-FR\",\"potentialAction\":[{\"@type\":\"ReadAction\",\"target\":[\"https:\/\/ravensmoon.fr\/index.php\/produit\/fondants-fleurs-de-noel\/\"]}]},{\"@type\":\"ImageObject\",\"inLanguage\":\"fr-FR\",\"@id\":\"https:\/\/ravensmoon.fr\/index.php\/produit\/fondants-fleurs-de-noel\/#primaryimage\",\"url\":\"https:\/\/ravensmoon.fr\/wp-content\/uploads\/2025\/10\/16826.png\",\"contentUrl\":\"https:\/\/ravensmoon.fr\/wp-content\/uploads\/2025\/10\/16826.png\",\"width\":1532,\"height\":1532},{\"@type\":\"BreadcrumbList\",\"@id\":\"https:\/\/ravensmoon.fr\/index.php\/produit\/fondants-fleurs-de-noel\/#breadcrumb\",\"itemListElement\":[{\"@type\":\"ListItem\",\"position\":1,\"name\":\"Accueil\",\"item\":\"https:\/\/ravensmoon.fr\/\"},{\"@type\":\"ListItem\",\"position\":2,\"name\":\"Bougies\",\"item\":\"https:\/\/ravensmoon.fr\/index.php\/bougies\/\"},{\"@type\":\"ListItem\",\"position\":3,\"name\":\"Fondants Fleurs de No\u00ebl\"}]},{\"@type\":\"WebSite\",\"@id\":\"https:\/\/ravensmoon.fr\/#website\",\"url\":\"https:\/\/ravensmoon.fr\/\",\"name\":\"Raven's Moon\",\"description\":\"\",\"publisher\":{\"@id\":\"https:\/\/ravensmoon.fr\/#organization\"},\"potentialAction\":[{\"@type\":\"SearchAction\",\"target\":{\"@type\":\"EntryPoint\",\"urlTemplate\":\"https:\/\/ravensmoon.fr\/?s={search_term_string}\"},\"query-input\":{\"@type\":\"PropertyValueSpecification\",\"valueRequired\":true,\"valueName\":\"search_term_string\"}}],\"inLanguage\":\"fr-FR\"},{\"@type\":\"Organization\",\"@id\":\"https:\/\/ravensmoon.fr\/#organization\",\"name\":\"Raven's Moon\",\"url\":\"https:\/\/ravensmoon.fr\/\",\"logo\":{\"@type\":\"ImageObject\",\"inLanguage\":\"fr-FR\",\"@id\":\"https:\/\/ravensmoon.fr\/#\/schema\/logo\/image\/\",\"url\":\"https:\/\/ravensmoon.fr\/wp-content\/uploads\/2024\/05\/cropped-cropped-cropped-Logossf-2.png\",\"contentUrl\":\"https:\/\/ravensmoon.fr\/wp-content\/uploads\/2024\/05\/cropped-cropped-cropped-Logossf-2.png\",\"width\":417,\"height\":337,\"caption\":\"Raven's Moon\"},\"image\":{\"@id\":\"https:\/\/ravensmoon.fr\/#\/schema\/logo\/image\/\"},\"sameAs\":[\"https:\/\/www.facebook.com\/profile.php?id=61565761895747&locale=fr_FR\",\"https:\/\/www.instagram.com\/raven_s_moon\"]}]}<\/script>\n<!-- \/ Yoast SEO plugin. -->","yoast_head_json":{"title":"Fondants Fleurs de No\u00ebl - Raven&#039;s Moon","description":"Ces fondants parfum\u00e9s \u00e9voquent la magie des f\u00eates de fin d'ann\u00e9e. Leur parfum exquis de fleur de No\u00ebl embaume d\u00e9licatement l'atmosph\u00e8re.","robots":{"index":"index","follow":"follow","max-snippet":"max-snippet:-1","max-image-preview":"max-image-preview:large","max-video-preview":"max-video-preview:-1"},"canonical":"https:\/\/ravensmoon.fr\/index.php\/produit\/fondants-fleurs-de-noel\/","og_locale":"fr_FR","og_type":"article","og_title":"Fondants Fleurs de No\u00ebl - Raven&#039;s Moon","og_description":"Ces fondants parfum\u00e9s \u00e9voquent la magie des f\u00eates de fin d'ann\u00e9e. Leur parfum exquis de fleur de No\u00ebl embaume d\u00e9licatement l'atmosph\u00e8re.","og_url":"https:\/\/ravensmoon.fr\/index.php\/produit\/fondants-fleurs-de-noel\/","og_site_name":"Raven&#039;s Moon","article_publisher":"https:\/\/www.facebook.com\/profile.php?id=61565761895747&locale=fr_FR","article_modified_time":"2026-03-22T06:24:44+00:00","og_image":[{"width":1532,"height":1532,"url":"https:\/\/ravensmoon.fr\/wp-content\/uploads\/2025\/10\/16826.png","type":"image\/png"}],"twitter_card":"summary_large_image","twitter_misc":{"Dur\u00e9e de lecture estim\u00e9e":"1 minute"},"schema":{"@context":"https:\/\/schema.org","@graph":[{"@type":"WebPage","@id":"https:\/\/ravensmoon.fr\/index.php\/produit\/fondants-fleurs-de-noel\/","url":"https:\/\/ravensmoon.fr\/index.php\/produit\/fondants-fleurs-de-noel\/","name":"Fondants Fleurs de No\u00ebl - Raven&#039;s Moon","isPartOf":{"@id":"https:\/\/ravensmoon.fr\/#website"},"primaryImageOfPage":{"@id":"https:\/\/ravensmoon.fr\/index.php\/produit\/fondants-fleurs-de-noel\/#primaryimage"},"image":{"@id":"https:\/\/ravensmoon.fr\/index.php\/produit\/fondants-fleurs-de-noel\/#primaryimage"},"thumbnailUrl":"https:\/\/ravensmoon.fr\/wp-content\/uploads\/2025\/10\/16826.png","datePublished":"2025-10-01T17:10:40+00:00","dateModified":"2026-03-22T06:24:44+00:00","description":"Ces fondants parfum\u00e9s \u00e9voquent la magie des f\u00eates de fin d'ann\u00e9e. Leur parfum exquis de fleur de No\u00ebl embaume d\u00e9licatement l'atmosph\u00e8re.","breadcrumb":{"@id":"https:\/\/ravensmoon.fr\/index.php\/produit\/fondants-fleurs-de-noel\/#breadcrumb"},"inLanguage":"fr-FR","potentialAction":[{"@type":"ReadAction","target":["https:\/\/ravensmoon.fr\/index.php\/produit\/fondants-fleurs-de-noel\/"]}]},{"@type":"ImageObject","inLanguage":"fr-FR","@id":"https:\/\/ravensmoon.fr\/index.php\/produit\/fondants-fleurs-de-noel\/#primaryimage","url":"https:\/\/ravensmoon.fr\/wp-content\/uploads\/2025\/10\/16826.png","contentUrl":"https:\/\/ravensmoon.fr\/wp-content\/uploads\/2025\/10\/16826.png","width":1532,"height":1532},{"@type":"BreadcrumbList","@id":"https:\/\/ravensmoon.fr\/index.php\/produit\/fondants-fleurs-de-noel\/#breadcrumb","itemListElement":[{"@type":"ListItem","position":1,"name":"Accueil","item":"https:\/\/ravensmoon.fr\/"},{"@type":"ListItem","position":2,"name":"Bougies","item":"https:\/\/ravensmoon.fr\/index.php\/bougies\/"},{"@type":"ListItem","position":3,"name":"Fondants Fleurs de No\u00ebl"}]},{"@type":"WebSite","@id":"https:\/\/ravensmoon.fr\/#website","url":"https:\/\/ravensmoon.fr\/","name":"Raven's Moon","description":"","publisher":{"@id":"https:\/\/ravensmoon.fr\/#organization"},"potentialAction":[{"@type":"SearchAction","target":{"@type":"EntryPoint","urlTemplate":"https:\/\/ravensmoon.fr\/?s={search_term_string}"},"query-input":{"@type":"PropertyValueSpecification","valueRequired":true,"valueName":"search_term_string"}}],"inLanguage":"fr-FR"},{"@type":"Organization","@id":"https:\/\/ravensmoon.fr\/#organization","name":"Raven's Moon","url":"https:\/\/ravensmoon.fr\/","logo":{"@type":"ImageObject","inLanguage":"fr-FR","@id":"https:\/\/ravensmoon.fr\/#\/schema\/logo\/image\/","url":"https:\/\/ravensmoon.fr\/wp-content\/uploads\/2024\/05\/cropped-cropped-cropped-Logossf-2.png","contentUrl":"https:\/\/ravensmoon.fr\/wp-content\/uploads\/2024\/05\/cropped-cropped-cropped-Logossf-2.png","width":417,"height":337,"caption":"Raven's Moon"},"image":{"@id":"https:\/\/ravensmoon.fr\/#\/schema\/logo\/image\/"},"sameAs":["https:\/\/www.facebook.com\/profile.php?id=61565761895747&locale=fr_FR","https:\/\/www.instagram.com\/raven_s_moon"]}]}},"jetpack_sharing_enabled":true,"_links":{"self":[{"href":"https:\/\/ravensmoon.fr\/index.php\/wp-json\/wp\/v2\/product\/2094","targetHints":{"allow":["GET"]}}],"collection":[{"href":"https:\/\/ravensmoon.fr\/index.php\/wp-json\/wp\/v2\/product"}],"about":[{"href":"https:\/\/ravensmoon.fr\/index.php\/wp-json\/wp\/v2\/types\/product"}],"replies":[{"embeddable":true,"href":"https:\/\/ravensmoon.fr\/index.php\/wp-json\/wp\/v2\/comments?post=2094"}],"wp:featuredmedia":[{"embeddable":true,"href":"https:\/\/ravensmoon.fr\/index.php\/wp-json\/wp\/v2\/media\/2527"}],"wp:attachment":[{"href":"https:\/\/ravensmoon.fr\/index.php\/wp-json\/wp\/v2\/media?parent=2094"}],"wp:term":[{"taxonomy":"product_brand","embeddable":true,"href":"https:\/\/ravensmoon.fr\/index.php\/wp-json\/wp\/v2\/product_brand?post=2094"},{"taxonomy":"product_cat","embeddable":true,"href":"https:\/\/ravensmoon.fr\/index.php\/wp-json\/wp\/v2\/product_cat?post=2094"},{"taxonomy":"product_tag","embeddable":true,"href":"https:\/\/ravensmoon.fr\/index.php\/wp-json\/wp\/v2\/product_tag?post=2094"}],"curies":[{"name":"wp","href":"https:\/\/api.w.org\/{rel}","templated":true}]}}