{"id":2190,"date":"2026-01-01T18:27:28","date_gmt":"2026-01-01T17:27:28","guid":{"rendered":"https:\/\/ravensmoon.fr\/?post_type=product&#038;p=2190"},"modified":"2026-03-21T10:24:40","modified_gmt":"2026-03-21T09:24:40","slug":"gamme-intention","status":"publish","type":"product","link":"https:\/\/ravensmoon.fr\/index.php\/produit\/gamme-intention\/","title":{"rendered":"Gamme intention"},"content":{"rendered":"<p data-start=\"151\" data-end=\"225\">\u2728 <strong data-start=\"153\" data-end=\"221\">Bougies d\u2019intention \u2013 Abondance, Bonheur, Chance, Purification &amp; Protection<\/strong> \u2728<\/p>\n<p data-start=\"227\" data-end=\"620\">N\u00e9es d\u2019un savoir-faire artisanal et d\u2019une intention consciente, nos bougies d\u2019intention sont fa\u00e7onn\u00e9es \u00e0 partir de <strong data-start=\"342\" data-end=\"358\">cire de soja<\/strong>, douce et naturelle, choisie pour sa combustion propre et harmonieuse. Chaque bougie est enrichie de <strong data-start=\"460\" data-end=\"507\">quelques herbes soigneusement s\u00e9lectionn\u00e9es<\/strong> et de <strong data-start=\"514\" data-end=\"542\">pierres de lithoth\u00e9rapie<\/strong>, afin de cr\u00e9er une alchimie subtile entre la mati\u00e8re, le parfum et l\u2019\u00e9nergie.<\/p>\n<p data-start=\"622\" data-end=\"949\">Chaque intention poss\u00e8de sa propre vibration :<\/p>\n<p data-start=\"622\" data-end=\"949\">\u2728\u00a0Abondance pour attirer des opportunit\u00e9s,<br data-start=\"668\" data-end=\"671\" \/>\ud83d\udc9c <strong data-start=\"674\" data-end=\"685\">Bonheur<\/strong> pour cultiver la joie et l\u2019apaisement,<br data-start=\"724\" data-end=\"727\" \/>\ud83c\udf40 <strong data-start=\"730\" data-end=\"740\">Chance<\/strong> pour attirer les opportunit\u00e9s et les nouveaux \u00e9lans,<br data-start=\"793\" data-end=\"796\" \/>\ud83e\udd0d <strong data-start=\"799\" data-end=\"815\">Purification<\/strong> pour nettoyer les \u00e9nergies et r\u00e9tablir l\u2019\u00e9quilibre,<br data-start=\"867\" data-end=\"870\" data-is-only-node=\"\" \/>\ud83d\udda4 <strong data-start=\"873\" data-end=\"887\">Protection<\/strong> pour ancrer, s\u00e9curiser et repousser les influences n\u00e9gatives.<\/p>\n<p data-start=\"951\" data-end=\"1261\">Allum\u00e9es lors d\u2019un rituel, d\u2019un moment de m\u00e9ditation ou simplement pour sacraliser l\u2019instant pr\u00e9sent, ces bougies diffusent une lumi\u00e8re douce et enveloppante. La flamme devient un guide, aidant \u00e0 poser une intention claire et \u00e0 transformer votre espace en un lieu de calme, de magie et de connexion int\u00e9rieure.<\/p>\n<p data-start=\"1263\" data-end=\"1396\">Plus qu\u2019une simple bougie, chaque cr\u00e9ation est une <strong data-start=\"1314\" data-end=\"1395\">invitation \u00e0 ralentir, \u00e0 se recentrer et \u00e0 laisser agir les \u00e9nergies subtiles<\/strong>.<\/p>\n","protected":false},"excerpt":{"rendered":"<p data-start=\"81\" data-end=\"155\"><strong data-start=\"83\" data-end=\"151\">Bougies d\u2019intention \u2013 Bonheur, Chance, Purification &amp; Protection<\/strong> \u2728<\/p>\n<p data-start=\"157\" data-end=\"531\">Fabriqu\u00e9es en <strong data-start=\"171\" data-end=\"187\">cire de soja<\/strong>, nos bougies d\u2019intention sont enrichies de <strong data-start=\"231\" data-end=\"250\">quelques herbes<\/strong> et de <strong data-start=\"257\" data-end=\"285\">pierres de lithoth\u00e9rapie<\/strong>, choisies pour accompagner chaque intention : bonheur, chance, purification ou protection. Allum\u00e9es en conscience, elles diffusent une lumi\u00e8re douce et cr\u00e9ent une atmosph\u00e8re propice aux rituels, \u00e0 la m\u00e9ditation et \u00e0 l\u2019harmonisation des \u00e9nergies.<\/p>\n<p>Sur commande<\/p>\n","protected":false},"featured_media":2544,"comment_status":"open","ping_status":"closed","template":"","meta":[],"product_brand":[],"product_cat":[18,20],"product_tag":[],"class_list":{"0":"post-2190","1":"product","2":"type-product","3":"status-publish","4":"has-post-thumbnail","6":"product_cat-bougie","7":"product_cat-bougies-esoteriques","9":"first","10":"instock","11":"shipping-taxable","12":"purchasable","13":"product-type-variable"},"yoast_head":"<!-- This site is optimized with the Yoast SEO plugin v26.8 - https:\/\/yoast.com\/product\/yoast-seo-wordpress\/ -->\n<title>Gamme intention - Raven&#039;s Moon<\/title>\n<meta name=\"robots\" content=\"index, follow, max-snippet:-1, max-image-preview:large, max-video-preview:-1\" \/>\n<link rel=\"canonical\" href=\"https:\/\/ravensmoon.fr\/index.php\/produit\/gamme-intention\/\" \/>\n<meta property=\"og:locale\" content=\"fr_FR\" \/>\n<meta property=\"og:type\" content=\"article\" \/>\n<meta property=\"og:title\" content=\"Gamme intention - Raven&#039;s Moon\" \/>\n<meta property=\"og:description\" content=\"Bougies d\u2019intention \u2013 Bonheur, Chance, Purification &amp; Protection \u2728 Fabriqu\u00e9es en cire de soja, nos bougies d\u2019intention sont enrichies de quelques herbes et de pierres de lithoth\u00e9rapie, choisies pour accompagner chaque intention : bonheur, chance, purification ou protection. Allum\u00e9es en conscience, elles diffusent une lumi\u00e8re douce et cr\u00e9ent une atmosph\u00e8re propice aux rituels, \u00e0 la m\u00e9ditation et \u00e0 l\u2019harmonisation des \u00e9nergies. Sur commande\" \/>\n<meta property=\"og:url\" content=\"https:\/\/ravensmoon.fr\/index.php\/produit\/gamme-intention\/\" \/>\n<meta property=\"og:site_name\" content=\"Raven&#039;s Moon\" \/>\n<meta property=\"article:publisher\" content=\"https:\/\/www.facebook.com\/profile.php?id=61565761895747&amp;locale=fr_FR\" \/>\n<meta property=\"article:modified_time\" content=\"2026-03-21T09:24:40+00:00\" \/>\n<meta property=\"og:image\" content=\"https:\/\/ravensmoon.fr\/wp-content\/uploads\/2026\/01\/16842-1024x1024.png\" \/>\n\t<meta property=\"og:image:width\" content=\"1024\" \/>\n\t<meta property=\"og:image:height\" content=\"1024\" \/>\n\t<meta property=\"og:image:type\" content=\"image\/png\" \/>\n<meta name=\"twitter:card\" content=\"summary_large_image\" \/>\n<meta name=\"twitter:label1\" content=\"Dur\u00e9e de lecture estim\u00e9e\" \/>\n\t<meta name=\"twitter:data1\" content=\"2 minutes\" \/>\n<script type=\"application\/ld+json\" class=\"yoast-schema-graph\">{\"@context\":\"https:\/\/schema.org\",\"@graph\":[{\"@type\":\"WebPage\",\"@id\":\"https:\/\/ravensmoon.fr\/index.php\/produit\/gamme-intention\/\",\"url\":\"https:\/\/ravensmoon.fr\/index.php\/produit\/gamme-intention\/\",\"name\":\"Gamme intention - Raven&#039;s Moon\",\"isPartOf\":{\"@id\":\"https:\/\/ravensmoon.fr\/#website\"},\"primaryImageOfPage\":{\"@id\":\"https:\/\/ravensmoon.fr\/index.php\/produit\/gamme-intention\/#primaryimage\"},\"image\":{\"@id\":\"https:\/\/ravensmoon.fr\/index.php\/produit\/gamme-intention\/#primaryimage\"},\"thumbnailUrl\":\"https:\/\/ravensmoon.fr\/wp-content\/uploads\/2026\/01\/16842.png\",\"datePublished\":\"2026-01-01T17:27:28+00:00\",\"dateModified\":\"2026-03-21T09:24:40+00:00\",\"breadcrumb\":{\"@id\":\"https:\/\/ravensmoon.fr\/index.php\/produit\/gamme-intention\/#breadcrumb\"},\"inLanguage\":\"fr-FR\",\"potentialAction\":[{\"@type\":\"ReadAction\",\"target\":[\"https:\/\/ravensmoon.fr\/index.php\/produit\/gamme-intention\/\"]}]},{\"@type\":\"ImageObject\",\"inLanguage\":\"fr-FR\",\"@id\":\"https:\/\/ravensmoon.fr\/index.php\/produit\/gamme-intention\/#primaryimage\",\"url\":\"https:\/\/ravensmoon.fr\/wp-content\/uploads\/2026\/01\/16842.png\",\"contentUrl\":\"https:\/\/ravensmoon.fr\/wp-content\/uploads\/2026\/01\/16842.png\",\"width\":2470,\"height\":2470},{\"@type\":\"BreadcrumbList\",\"@id\":\"https:\/\/ravensmoon.fr\/index.php\/produit\/gamme-intention\/#breadcrumb\",\"itemListElement\":[{\"@type\":\"ListItem\",\"position\":1,\"name\":\"Accueil\",\"item\":\"https:\/\/ravensmoon.fr\/\"},{\"@type\":\"ListItem\",\"position\":2,\"name\":\"Bougies\",\"item\":\"https:\/\/ravensmoon.fr\/index.php\/bougies\/\"},{\"@type\":\"ListItem\",\"position\":3,\"name\":\"Gamme intention\"}]},{\"@type\":\"WebSite\",\"@id\":\"https:\/\/ravensmoon.fr\/#website\",\"url\":\"https:\/\/ravensmoon.fr\/\",\"name\":\"Raven's Moon\",\"description\":\"\",\"publisher\":{\"@id\":\"https:\/\/ravensmoon.fr\/#organization\"},\"potentialAction\":[{\"@type\":\"SearchAction\",\"target\":{\"@type\":\"EntryPoint\",\"urlTemplate\":\"https:\/\/ravensmoon.fr\/?s={search_term_string}\"},\"query-input\":{\"@type\":\"PropertyValueSpecification\",\"valueRequired\":true,\"valueName\":\"search_term_string\"}}],\"inLanguage\":\"fr-FR\"},{\"@type\":\"Organization\",\"@id\":\"https:\/\/ravensmoon.fr\/#organization\",\"name\":\"Raven's Moon\",\"url\":\"https:\/\/ravensmoon.fr\/\",\"logo\":{\"@type\":\"ImageObject\",\"inLanguage\":\"fr-FR\",\"@id\":\"https:\/\/ravensmoon.fr\/#\/schema\/logo\/image\/\",\"url\":\"https:\/\/ravensmoon.fr\/wp-content\/uploads\/2024\/05\/cropped-cropped-cropped-Logossf-2.png\",\"contentUrl\":\"https:\/\/ravensmoon.fr\/wp-content\/uploads\/2024\/05\/cropped-cropped-cropped-Logossf-2.png\",\"width\":417,\"height\":337,\"caption\":\"Raven's Moon\"},\"image\":{\"@id\":\"https:\/\/ravensmoon.fr\/#\/schema\/logo\/image\/\"},\"sameAs\":[\"https:\/\/www.facebook.com\/profile.php?id=61565761895747&locale=fr_FR\",\"https:\/\/www.instagram.com\/raven_s_moon\"]}]}<\/script>\n<!-- \/ Yoast SEO plugin. -->","yoast_head_json":{"title":"Gamme intention - Raven&#039;s Moon","robots":{"index":"index","follow":"follow","max-snippet":"max-snippet:-1","max-image-preview":"max-image-preview:large","max-video-preview":"max-video-preview:-1"},"canonical":"https:\/\/ravensmoon.fr\/index.php\/produit\/gamme-intention\/","og_locale":"fr_FR","og_type":"article","og_title":"Gamme intention - Raven&#039;s Moon","og_description":"Bougies d\u2019intention \u2013 Bonheur, Chance, Purification &amp; Protection \u2728 Fabriqu\u00e9es en cire de soja, nos bougies d\u2019intention sont enrichies de quelques herbes et de pierres de lithoth\u00e9rapie, choisies pour accompagner chaque intention : bonheur, chance, purification ou protection. Allum\u00e9es en conscience, elles diffusent une lumi\u00e8re douce et cr\u00e9ent une atmosph\u00e8re propice aux rituels, \u00e0 la m\u00e9ditation et \u00e0 l\u2019harmonisation des \u00e9nergies. Sur commande","og_url":"https:\/\/ravensmoon.fr\/index.php\/produit\/gamme-intention\/","og_site_name":"Raven&#039;s Moon","article_publisher":"https:\/\/www.facebook.com\/profile.php?id=61565761895747&locale=fr_FR","article_modified_time":"2026-03-21T09:24:40+00:00","og_image":[{"width":1024,"height":1024,"url":"https:\/\/ravensmoon.fr\/wp-content\/uploads\/2026\/01\/16842-1024x1024.png","type":"image\/png"}],"twitter_card":"summary_large_image","twitter_misc":{"Dur\u00e9e de lecture estim\u00e9e":"2 minutes"},"schema":{"@context":"https:\/\/schema.org","@graph":[{"@type":"WebPage","@id":"https:\/\/ravensmoon.fr\/index.php\/produit\/gamme-intention\/","url":"https:\/\/ravensmoon.fr\/index.php\/produit\/gamme-intention\/","name":"Gamme intention - Raven&#039;s Moon","isPartOf":{"@id":"https:\/\/ravensmoon.fr\/#website"},"primaryImageOfPage":{"@id":"https:\/\/ravensmoon.fr\/index.php\/produit\/gamme-intention\/#primaryimage"},"image":{"@id":"https:\/\/ravensmoon.fr\/index.php\/produit\/gamme-intention\/#primaryimage"},"thumbnailUrl":"https:\/\/ravensmoon.fr\/wp-content\/uploads\/2026\/01\/16842.png","datePublished":"2026-01-01T17:27:28+00:00","dateModified":"2026-03-21T09:24:40+00:00","breadcrumb":{"@id":"https:\/\/ravensmoon.fr\/index.php\/produit\/gamme-intention\/#breadcrumb"},"inLanguage":"fr-FR","potentialAction":[{"@type":"ReadAction","target":["https:\/\/ravensmoon.fr\/index.php\/produit\/gamme-intention\/"]}]},{"@type":"ImageObject","inLanguage":"fr-FR","@id":"https:\/\/ravensmoon.fr\/index.php\/produit\/gamme-intention\/#primaryimage","url":"https:\/\/ravensmoon.fr\/wp-content\/uploads\/2026\/01\/16842.png","contentUrl":"https:\/\/ravensmoon.fr\/wp-content\/uploads\/2026\/01\/16842.png","width":2470,"height":2470},{"@type":"BreadcrumbList","@id":"https:\/\/ravensmoon.fr\/index.php\/produit\/gamme-intention\/#breadcrumb","itemListElement":[{"@type":"ListItem","position":1,"name":"Accueil","item":"https:\/\/ravensmoon.fr\/"},{"@type":"ListItem","position":2,"name":"Bougies","item":"https:\/\/ravensmoon.fr\/index.php\/bougies\/"},{"@type":"ListItem","position":3,"name":"Gamme intention"}]},{"@type":"WebSite","@id":"https:\/\/ravensmoon.fr\/#website","url":"https:\/\/ravensmoon.fr\/","name":"Raven's Moon","description":"","publisher":{"@id":"https:\/\/ravensmoon.fr\/#organization"},"potentialAction":[{"@type":"SearchAction","target":{"@type":"EntryPoint","urlTemplate":"https:\/\/ravensmoon.fr\/?s={search_term_string}"},"query-input":{"@type":"PropertyValueSpecification","valueRequired":true,"valueName":"search_term_string"}}],"inLanguage":"fr-FR"},{"@type":"Organization","@id":"https:\/\/ravensmoon.fr\/#organization","name":"Raven's Moon","url":"https:\/\/ravensmoon.fr\/","logo":{"@type":"ImageObject","inLanguage":"fr-FR","@id":"https:\/\/ravensmoon.fr\/#\/schema\/logo\/image\/","url":"https:\/\/ravensmoon.fr\/wp-content\/uploads\/2024\/05\/cropped-cropped-cropped-Logossf-2.png","contentUrl":"https:\/\/ravensmoon.fr\/wp-content\/uploads\/2024\/05\/cropped-cropped-cropped-Logossf-2.png","width":417,"height":337,"caption":"Raven's Moon"},"image":{"@id":"https:\/\/ravensmoon.fr\/#\/schema\/logo\/image\/"},"sameAs":["https:\/\/www.facebook.com\/profile.php?id=61565761895747&locale=fr_FR","https:\/\/www.instagram.com\/raven_s_moon"]}]}},"jetpack_sharing_enabled":true,"_links":{"self":[{"href":"https:\/\/ravensmoon.fr\/index.php\/wp-json\/wp\/v2\/product\/2190","targetHints":{"allow":["GET"]}}],"collection":[{"href":"https:\/\/ravensmoon.fr\/index.php\/wp-json\/wp\/v2\/product"}],"about":[{"href":"https:\/\/ravensmoon.fr\/index.php\/wp-json\/wp\/v2\/types\/product"}],"replies":[{"embeddable":true,"href":"https:\/\/ravensmoon.fr\/index.php\/wp-json\/wp\/v2\/comments?post=2190"}],"wp:featuredmedia":[{"embeddable":true,"href":"https:\/\/ravensmoon.fr\/index.php\/wp-json\/wp\/v2\/media\/2544"}],"wp:attachment":[{"href":"https:\/\/ravensmoon.fr\/index.php\/wp-json\/wp\/v2\/media?parent=2190"}],"wp:term":[{"taxonomy":"product_brand","embeddable":true,"href":"https:\/\/ravensmoon.fr\/index.php\/wp-json\/wp\/v2\/product_brand?post=2190"},{"taxonomy":"product_cat","embeddable":true,"href":"https:\/\/ravensmoon.fr\/index.php\/wp-json\/wp\/v2\/product_cat?post=2190"},{"taxonomy":"product_tag","embeddable":true,"href":"https:\/\/ravensmoon.fr\/index.php\/wp-json\/wp\/v2\/product_tag?post=2190"}],"curies":[{"name":"wp","href":"https:\/\/api.w.org\/{rel}","templated":true}]}}