{"id":2302,"date":"2026-02-03T18:35:34","date_gmt":"2026-02-03T17:35:34","guid":{"rendered":"https:\/\/ravensmoon.fr\/?post_type=product&#038;p=2302"},"modified":"2026-02-23T16:27:59","modified_gmt":"2026-02-23T15:27:59","slug":"nyxia-offre-de-lancement","status":"publish","type":"product","link":"https:\/\/ravensmoon.fr\/index.php\/produit\/nyxia-offre-de-lancement\/","title":{"rendered":"Nyxia &#8211; Offre de lancement"},"content":{"rendered":"<p>Br\u00fble-parfum Nyxia<\/p>\n<p>Inspir\u00e9 par la nuit et les \u00e9nergies subtiles, Nyxia est un br\u00fble-parfum au design minimaliste et envo\u00fbtant. Sa base en bambou naturel, \u00e0 la fois chaleureuse et brute, contraste \u00e9l\u00e9gamment avec son bol en c\u00e9ramique blanche, pens\u00e9 pour diffuser parfums, huiles essentielles ou fondants parfum\u00e9s.<\/p>\n<p>\u00c0 la lueur d\u2019une bougie, Nyxia devient un v\u00e9ritable objet rituel, cr\u00e9ant une ambiance calme, intime et myst\u00e9rieuse. Parfait pour accompagner vos moments de d\u00e9tente, de m\u00e9ditation ou simplement sublimer votre espace de vie.<\/p>\n<p>Un essentiel pour les \u00e2mes nocturnes et les int\u00e9rieurs empreints de magie.<\/p>\n<p>D\u00e9tails<\/p>\n<p>Utilisation : huiles essentielles, parfums d\u2019ambiance, fondants<\/p>\n<p>Mat\u00e9riaux : bambou naturel &amp; c\u00e9ramique<\/p>\n<p>Bougie chauffe-plat non incluse<\/p>\n<p>Dimensions<\/p>\n<p>10 cm x 11 cm<\/p>\n","protected":false},"excerpt":{"rendered":"<p>Plongez votre int\u00e9rieur dans une atmosph\u00e8re mystique et apaisante avec Nyxia, un br\u00fble-parfum inspir\u00e9 des rituels nocturnes et de la magie lunaire.<\/p>\n<p>Dimensions : 11 x 11 x 10cm<\/p>\n","protected":false},"featured_media":2515,"comment_status":"open","ping_status":"closed","template":"","meta":[],"product_brand":[],"product_cat":[41],"product_tag":[],"class_list":{"0":"post-2302","1":"product","2":"type-product","3":"status-publish","4":"has-post-thumbnail","6":"product_cat-bruleurs","8":"first","9":"instock","10":"shipping-taxable","11":"purchasable","12":"product-type-variable"},"yoast_head":"<!-- This site is optimized with the Yoast SEO plugin v27.4 - https:\/\/yoast.com\/product\/yoast-seo-wordpress\/ -->\n<title>Nyxia - Offre de lancement - Raven&#039;s Moon<\/title>\n<meta name=\"description\" content=\"Br\u00fbleur \u00e0 fondants Nyxia Raven\u2019s Moon \u2013 diffusez vos fondants parfum\u00e9s avec \u00e9l\u00e9gance. \u00c9l\u00e9gant, d\u00e9coratif et parfait pour cr\u00e9er une ambiance chaleureuse.\" \/>\n<meta name=\"robots\" content=\"index, follow, max-snippet:-1, max-image-preview:large, max-video-preview:-1\" \/>\n<link rel=\"canonical\" href=\"https:\/\/ravensmoon.fr\/index.php\/produit\/nyxia-offre-de-lancement\/\" \/>\n<meta property=\"og:locale\" content=\"fr_FR\" \/>\n<meta property=\"og:type\" content=\"article\" \/>\n<meta property=\"og:title\" content=\"Nyxia - Offre de lancement - Raven&#039;s Moon\" \/>\n<meta property=\"og:description\" content=\"Br\u00fbleur \u00e0 fondants Nyxia Raven\u2019s Moon \u2013 diffusez vos fondants parfum\u00e9s avec \u00e9l\u00e9gance. \u00c9l\u00e9gant, d\u00e9coratif et parfait pour cr\u00e9er une ambiance chaleureuse.\" \/>\n<meta property=\"og:url\" content=\"https:\/\/ravensmoon.fr\/index.php\/produit\/nyxia-offre-de-lancement\/\" \/>\n<meta property=\"og:site_name\" content=\"Raven&#039;s Moon\" \/>\n<meta property=\"article:publisher\" content=\"https:\/\/www.facebook.com\/profile.php?id=61565761895747&amp;locale=fr_FR\" \/>\n<meta property=\"article:modified_time\" content=\"2026-02-23T15:27:59+00:00\" \/>\n<meta property=\"og:image\" content=\"https:\/\/ravensmoon.fr\/wp-content\/uploads\/2026\/02\/16226.png\" \/>\n\t<meta property=\"og:image:width\" content=\"1512\" \/>\n\t<meta property=\"og:image:height\" content=\"1512\" \/>\n\t<meta property=\"og:image:type\" content=\"image\/png\" \/>\n<meta name=\"twitter:card\" content=\"summary_large_image\" \/>\n<meta name=\"twitter:label1\" content=\"Dur\u00e9e de lecture estim\u00e9e\" \/>\n\t<meta name=\"twitter:data1\" content=\"1 minute\" \/>\n<script type=\"application\/ld+json\" class=\"yoast-schema-graph\">{\"@context\":\"https:\\\/\\\/schema.org\",\"@graph\":[{\"@type\":\"WebPage\",\"@id\":\"https:\\\/\\\/ravensmoon.fr\\\/index.php\\\/produit\\\/nyxia-offre-de-lancement\\\/\",\"url\":\"https:\\\/\\\/ravensmoon.fr\\\/index.php\\\/produit\\\/nyxia-offre-de-lancement\\\/\",\"name\":\"Nyxia - Offre de lancement - Raven&#039;s Moon\",\"isPartOf\":{\"@id\":\"https:\\\/\\\/ravensmoon.fr\\\/#website\"},\"primaryImageOfPage\":{\"@id\":\"https:\\\/\\\/ravensmoon.fr\\\/index.php\\\/produit\\\/nyxia-offre-de-lancement\\\/#primaryimage\"},\"image\":{\"@id\":\"https:\\\/\\\/ravensmoon.fr\\\/index.php\\\/produit\\\/nyxia-offre-de-lancement\\\/#primaryimage\"},\"thumbnailUrl\":\"https:\\\/\\\/ravensmoon.fr\\\/wp-content\\\/uploads\\\/2026\\\/02\\\/16814.png\",\"datePublished\":\"2026-02-03T17:35:34+00:00\",\"dateModified\":\"2026-02-23T15:27:59+00:00\",\"description\":\"Br\u00fbleur \u00e0 fondants Nyxia Raven\u2019s Moon \u2013 diffusez vos fondants parfum\u00e9s avec \u00e9l\u00e9gance. \u00c9l\u00e9gant, d\u00e9coratif et parfait pour cr\u00e9er une ambiance chaleureuse.\",\"breadcrumb\":{\"@id\":\"https:\\\/\\\/ravensmoon.fr\\\/index.php\\\/produit\\\/nyxia-offre-de-lancement\\\/#breadcrumb\"},\"inLanguage\":\"fr-FR\",\"potentialAction\":[{\"@type\":\"ReadAction\",\"target\":[\"https:\\\/\\\/ravensmoon.fr\\\/index.php\\\/produit\\\/nyxia-offre-de-lancement\\\/\"]}]},{\"@type\":\"ImageObject\",\"inLanguage\":\"fr-FR\",\"@id\":\"https:\\\/\\\/ravensmoon.fr\\\/index.php\\\/produit\\\/nyxia-offre-de-lancement\\\/#primaryimage\",\"url\":\"https:\\\/\\\/ravensmoon.fr\\\/wp-content\\\/uploads\\\/2026\\\/02\\\/16814.png\",\"contentUrl\":\"https:\\\/\\\/ravensmoon.fr\\\/wp-content\\\/uploads\\\/2026\\\/02\\\/16814.png\",\"width\":1680,\"height\":1680},{\"@type\":\"BreadcrumbList\",\"@id\":\"https:\\\/\\\/ravensmoon.fr\\\/index.php\\\/produit\\\/nyxia-offre-de-lancement\\\/#breadcrumb\",\"itemListElement\":[{\"@type\":\"ListItem\",\"position\":1,\"name\":\"Accueil\",\"item\":\"https:\\\/\\\/ravensmoon.fr\\\/\"},{\"@type\":\"ListItem\",\"position\":2,\"name\":\"Bougies\",\"item\":\"https:\\\/\\\/ravensmoon.fr\\\/index.php\\\/bougies\\\/\"},{\"@type\":\"ListItem\",\"position\":3,\"name\":\"Nyxia &#8211; Offre de lancement\"}]},{\"@type\":\"WebSite\",\"@id\":\"https:\\\/\\\/ravensmoon.fr\\\/#website\",\"url\":\"https:\\\/\\\/ravensmoon.fr\\\/\",\"name\":\"Raven's Moon\",\"description\":\"\",\"publisher\":{\"@id\":\"https:\\\/\\\/ravensmoon.fr\\\/#organization\"},\"potentialAction\":[{\"@type\":\"SearchAction\",\"target\":{\"@type\":\"EntryPoint\",\"urlTemplate\":\"https:\\\/\\\/ravensmoon.fr\\\/?s={search_term_string}\"},\"query-input\":{\"@type\":\"PropertyValueSpecification\",\"valueRequired\":true,\"valueName\":\"search_term_string\"}}],\"inLanguage\":\"fr-FR\"},{\"@type\":\"Organization\",\"@id\":\"https:\\\/\\\/ravensmoon.fr\\\/#organization\",\"name\":\"Raven's Moon\",\"url\":\"https:\\\/\\\/ravensmoon.fr\\\/\",\"logo\":{\"@type\":\"ImageObject\",\"inLanguage\":\"fr-FR\",\"@id\":\"https:\\\/\\\/ravensmoon.fr\\\/#\\\/schema\\\/logo\\\/image\\\/\",\"url\":\"https:\\\/\\\/ravensmoon.fr\\\/wp-content\\\/uploads\\\/2024\\\/05\\\/cropped-cropped-cropped-Logossf-2.png\",\"contentUrl\":\"https:\\\/\\\/ravensmoon.fr\\\/wp-content\\\/uploads\\\/2024\\\/05\\\/cropped-cropped-cropped-Logossf-2.png\",\"width\":417,\"height\":337,\"caption\":\"Raven's Moon\"},\"image\":{\"@id\":\"https:\\\/\\\/ravensmoon.fr\\\/#\\\/schema\\\/logo\\\/image\\\/\"},\"sameAs\":[\"https:\\\/\\\/www.facebook.com\\\/profile.php?id=61565761895747&locale=fr_FR\",\"https:\\\/\\\/www.instagram.com\\\/raven_s_moon\"]}]}<\/script>\n<!-- \/ Yoast SEO plugin. -->","yoast_head_json":{"title":"Nyxia - Offre de lancement - Raven&#039;s Moon","description":"Br\u00fbleur \u00e0 fondants Nyxia Raven\u2019s Moon \u2013 diffusez vos fondants parfum\u00e9s avec \u00e9l\u00e9gance. \u00c9l\u00e9gant, d\u00e9coratif et parfait pour cr\u00e9er une ambiance chaleureuse.","robots":{"index":"index","follow":"follow","max-snippet":"max-snippet:-1","max-image-preview":"max-image-preview:large","max-video-preview":"max-video-preview:-1"},"canonical":"https:\/\/ravensmoon.fr\/index.php\/produit\/nyxia-offre-de-lancement\/","og_locale":"fr_FR","og_type":"article","og_title":"Nyxia - Offre de lancement - Raven&#039;s Moon","og_description":"Br\u00fbleur \u00e0 fondants Nyxia Raven\u2019s Moon \u2013 diffusez vos fondants parfum\u00e9s avec \u00e9l\u00e9gance. \u00c9l\u00e9gant, d\u00e9coratif et parfait pour cr\u00e9er une ambiance chaleureuse.","og_url":"https:\/\/ravensmoon.fr\/index.php\/produit\/nyxia-offre-de-lancement\/","og_site_name":"Raven&#039;s Moon","article_publisher":"https:\/\/www.facebook.com\/profile.php?id=61565761895747&locale=fr_FR","article_modified_time":"2026-02-23T15:27:59+00:00","og_image":[{"width":1512,"height":1512,"url":"https:\/\/ravensmoon.fr\/wp-content\/uploads\/2026\/02\/16226.png","type":"image\/png"}],"twitter_card":"summary_large_image","twitter_misc":{"Dur\u00e9e de lecture estim\u00e9e":"1 minute"},"schema":{"@context":"https:\/\/schema.org","@graph":[{"@type":"WebPage","@id":"https:\/\/ravensmoon.fr\/index.php\/produit\/nyxia-offre-de-lancement\/","url":"https:\/\/ravensmoon.fr\/index.php\/produit\/nyxia-offre-de-lancement\/","name":"Nyxia - Offre de lancement - Raven&#039;s Moon","isPartOf":{"@id":"https:\/\/ravensmoon.fr\/#website"},"primaryImageOfPage":{"@id":"https:\/\/ravensmoon.fr\/index.php\/produit\/nyxia-offre-de-lancement\/#primaryimage"},"image":{"@id":"https:\/\/ravensmoon.fr\/index.php\/produit\/nyxia-offre-de-lancement\/#primaryimage"},"thumbnailUrl":"https:\/\/ravensmoon.fr\/wp-content\/uploads\/2026\/02\/16814.png","datePublished":"2026-02-03T17:35:34+00:00","dateModified":"2026-02-23T15:27:59+00:00","description":"Br\u00fbleur \u00e0 fondants Nyxia Raven\u2019s Moon \u2013 diffusez vos fondants parfum\u00e9s avec \u00e9l\u00e9gance. \u00c9l\u00e9gant, d\u00e9coratif et parfait pour cr\u00e9er une ambiance chaleureuse.","breadcrumb":{"@id":"https:\/\/ravensmoon.fr\/index.php\/produit\/nyxia-offre-de-lancement\/#breadcrumb"},"inLanguage":"fr-FR","potentialAction":[{"@type":"ReadAction","target":["https:\/\/ravensmoon.fr\/index.php\/produit\/nyxia-offre-de-lancement\/"]}]},{"@type":"ImageObject","inLanguage":"fr-FR","@id":"https:\/\/ravensmoon.fr\/index.php\/produit\/nyxia-offre-de-lancement\/#primaryimage","url":"https:\/\/ravensmoon.fr\/wp-content\/uploads\/2026\/02\/16814.png","contentUrl":"https:\/\/ravensmoon.fr\/wp-content\/uploads\/2026\/02\/16814.png","width":1680,"height":1680},{"@type":"BreadcrumbList","@id":"https:\/\/ravensmoon.fr\/index.php\/produit\/nyxia-offre-de-lancement\/#breadcrumb","itemListElement":[{"@type":"ListItem","position":1,"name":"Accueil","item":"https:\/\/ravensmoon.fr\/"},{"@type":"ListItem","position":2,"name":"Bougies","item":"https:\/\/ravensmoon.fr\/index.php\/bougies\/"},{"@type":"ListItem","position":3,"name":"Nyxia &#8211; Offre de lancement"}]},{"@type":"WebSite","@id":"https:\/\/ravensmoon.fr\/#website","url":"https:\/\/ravensmoon.fr\/","name":"Raven's Moon","description":"","publisher":{"@id":"https:\/\/ravensmoon.fr\/#organization"},"potentialAction":[{"@type":"SearchAction","target":{"@type":"EntryPoint","urlTemplate":"https:\/\/ravensmoon.fr\/?s={search_term_string}"},"query-input":{"@type":"PropertyValueSpecification","valueRequired":true,"valueName":"search_term_string"}}],"inLanguage":"fr-FR"},{"@type":"Organization","@id":"https:\/\/ravensmoon.fr\/#organization","name":"Raven's Moon","url":"https:\/\/ravensmoon.fr\/","logo":{"@type":"ImageObject","inLanguage":"fr-FR","@id":"https:\/\/ravensmoon.fr\/#\/schema\/logo\/image\/","url":"https:\/\/ravensmoon.fr\/wp-content\/uploads\/2024\/05\/cropped-cropped-cropped-Logossf-2.png","contentUrl":"https:\/\/ravensmoon.fr\/wp-content\/uploads\/2024\/05\/cropped-cropped-cropped-Logossf-2.png","width":417,"height":337,"caption":"Raven's Moon"},"image":{"@id":"https:\/\/ravensmoon.fr\/#\/schema\/logo\/image\/"},"sameAs":["https:\/\/www.facebook.com\/profile.php?id=61565761895747&locale=fr_FR","https:\/\/www.instagram.com\/raven_s_moon"]}]}},"jetpack_sharing_enabled":true,"_links":{"self":[{"href":"https:\/\/ravensmoon.fr\/index.php\/wp-json\/wp\/v2\/product\/2302","targetHints":{"allow":["GET"]}}],"collection":[{"href":"https:\/\/ravensmoon.fr\/index.php\/wp-json\/wp\/v2\/product"}],"about":[{"href":"https:\/\/ravensmoon.fr\/index.php\/wp-json\/wp\/v2\/types\/product"}],"replies":[{"embeddable":true,"href":"https:\/\/ravensmoon.fr\/index.php\/wp-json\/wp\/v2\/comments?post=2302"}],"wp:featuredmedia":[{"embeddable":true,"href":"https:\/\/ravensmoon.fr\/index.php\/wp-json\/wp\/v2\/media\/2515"}],"wp:attachment":[{"href":"https:\/\/ravensmoon.fr\/index.php\/wp-json\/wp\/v2\/media?parent=2302"}],"wp:term":[{"taxonomy":"product_brand","embeddable":true,"href":"https:\/\/ravensmoon.fr\/index.php\/wp-json\/wp\/v2\/product_brand?post=2302"},{"taxonomy":"product_cat","embeddable":true,"href":"https:\/\/ravensmoon.fr\/index.php\/wp-json\/wp\/v2\/product_cat?post=2302"},{"taxonomy":"product_tag","embeddable":true,"href":"https:\/\/ravensmoon.fr\/index.php\/wp-json\/wp\/v2\/product_tag?post=2302"}],"curies":[{"name":"wp","href":"https:\/\/api.w.org\/{rel}","templated":true}]}}