{"id":2477,"date":"2026-02-20T22:08:04","date_gmt":"2026-02-20T21:08:04","guid":{"rendered":"https:\/\/ravensmoon.fr\/?post_type=product&#038;p=2477"},"modified":"2026-03-21T16:30:02","modified_gmt":"2026-03-21T15:30:02","slug":"fondant-grand-air","status":"publish","type":"product","link":"https:\/\/ravensmoon.fr\/index.php\/produit\/fondant-grand-air\/","title":{"rendered":"Fondant Grand air"},"content":{"rendered":"<p>\u2601\ufe0f Fondants Parfum\u00e9s Nuage Blanc \u2013 Parfum Grand Frais<br \/>\nLaissez entrer une vague de fra\u00eecheur dans votre int\u00e9rieur avec nos 12 fondants parfum\u00e9s en forme de nuage blanc.<br \/>\nD\u00e9licatement parfum\u00e9s au Grand Frais, une senteur inspir\u00e9e du linge propre, ils diffusent une fragrance fra\u00eeche, pure et r\u00e9confortante qui rappelle une lessive fra\u00eechement \u00e9tendue au soleil.<br \/>\n\u2728 D\u00e9tails du produit :<br \/>\n12 fondants en forme de nuage<br \/>\nPoids total : 60g<br \/>\nCouleur : Blanc<br \/>\nParfum : Grand Frais (inspiration linge propre \/ lessive)<br \/>\nFabrication artisanale<br \/>\n\ud83d\udca8 \u00c0 utiliser avec un br\u00fbleur \u00e0 fondant pour une diffusion rapide et intense du parfum.<br \/>\nUn nuage suffit pour parfumer d\u00e9licatement votre pi\u00e8ce pendant plusieurs heures.<br \/>\nUne senteur id\u00e9ale pour une ambiance propre, cocooning et apaisante \ud83c\udf3f<\/p>\n","protected":false},"excerpt":{"rendered":"<p>\u2601\ufe0f Fondants Parfum\u00e9s Nuage Blanc \u2013 Parfum Grand Frais Laissez entrer une vague de fra\u00eecheur dans votre int\u00e9rieur avec nos 12 fondants parfum\u00e9s en forme de nuage blanc. D\u00e9licatement parfum\u00e9s au Grand Frais, une senteur inspir\u00e9e du linge propre, ils diffusent une fragrance fra\u00eeche, pure et r\u00e9confortante qui rappelle une lessive fra\u00eechement \u00e9tendue au soleil. [&hellip;]<\/p>\n","protected":false},"featured_media":2524,"comment_status":"open","ping_status":"closed","template":"","meta":[],"product_brand":[],"product_cat":[39],"product_tag":[],"class_list":{"0":"post-2477","1":"product","2":"type-product","3":"status-publish","4":"has-post-thumbnail","6":"product_cat-fondants","8":"first","9":"instock","10":"shipping-taxable","11":"purchasable","12":"product-type-simple"},"yoast_head":"<!-- This site is optimized with the Yoast SEO plugin v26.8 - https:\/\/yoast.com\/product\/yoast-seo-wordpress\/ -->\n<title>Fondant Grand air - Raven&#039;s Moon<\/title>\n<meta name=\"description\" content=\"Fondant parfum\u00e9 nuage parfum Grand Air. Cire parfum\u00e9e pour br\u00fble-parfum, senteur propre et longue tenue pour une maison fra\u00eeche et cocooning.\" \/>\n<meta name=\"robots\" content=\"index, follow, max-snippet:-1, max-image-preview:large, max-video-preview:-1\" \/>\n<link rel=\"canonical\" href=\"https:\/\/ravensmoon.fr\/index.php\/produit\/fondant-grand-air\/\" \/>\n<meta property=\"og:locale\" content=\"fr_FR\" \/>\n<meta property=\"og:type\" content=\"article\" \/>\n<meta property=\"og:title\" content=\"Fondant Grand air - Raven&#039;s Moon\" \/>\n<meta property=\"og:description\" content=\"Fondant parfum\u00e9 nuage parfum Grand Air. Cire parfum\u00e9e pour br\u00fble-parfum, senteur propre et longue tenue pour une maison fra\u00eeche et cocooning.\" \/>\n<meta property=\"og:url\" content=\"https:\/\/ravensmoon.fr\/index.php\/produit\/fondant-grand-air\/\" \/>\n<meta property=\"og:site_name\" content=\"Raven&#039;s Moon\" \/>\n<meta property=\"article:publisher\" content=\"https:\/\/www.facebook.com\/profile.php?id=61565761895747&amp;locale=fr_FR\" \/>\n<meta property=\"article:modified_time\" content=\"2026-03-21T15:30:02+00:00\" \/>\n<meta property=\"og:image\" content=\"https:\/\/ravensmoon.fr\/wp-content\/uploads\/2026\/02\/16815-1.png\" \/>\n\t<meta property=\"og:image:width\" content=\"946\" \/>\n\t<meta property=\"og:image:height\" content=\"947\" \/>\n\t<meta property=\"og:image:type\" content=\"image\/png\" \/>\n<meta name=\"twitter:card\" content=\"summary_large_image\" \/>\n<meta name=\"twitter:label1\" content=\"Dur\u00e9e de lecture estim\u00e9e\" \/>\n\t<meta name=\"twitter:data1\" content=\"1 minute\" \/>\n<script type=\"application\/ld+json\" class=\"yoast-schema-graph\">{\"@context\":\"https:\/\/schema.org\",\"@graph\":[{\"@type\":\"WebPage\",\"@id\":\"https:\/\/ravensmoon.fr\/index.php\/produit\/fondant-grand-air\/\",\"url\":\"https:\/\/ravensmoon.fr\/index.php\/produit\/fondant-grand-air\/\",\"name\":\"Fondant Grand air - Raven&#039;s Moon\",\"isPartOf\":{\"@id\":\"https:\/\/ravensmoon.fr\/#website\"},\"primaryImageOfPage\":{\"@id\":\"https:\/\/ravensmoon.fr\/index.php\/produit\/fondant-grand-air\/#primaryimage\"},\"image\":{\"@id\":\"https:\/\/ravensmoon.fr\/index.php\/produit\/fondant-grand-air\/#primaryimage\"},\"thumbnailUrl\":\"https:\/\/ravensmoon.fr\/wp-content\/uploads\/2026\/02\/16815-1.png\",\"datePublished\":\"2026-02-20T21:08:04+00:00\",\"dateModified\":\"2026-03-21T15:30:02+00:00\",\"description\":\"Fondant parfum\u00e9 nuage parfum Grand Air. Cire parfum\u00e9e pour br\u00fble-parfum, senteur propre et longue tenue pour une maison fra\u00eeche et cocooning.\",\"breadcrumb\":{\"@id\":\"https:\/\/ravensmoon.fr\/index.php\/produit\/fondant-grand-air\/#breadcrumb\"},\"inLanguage\":\"fr-FR\",\"potentialAction\":[{\"@type\":\"ReadAction\",\"target\":[\"https:\/\/ravensmoon.fr\/index.php\/produit\/fondant-grand-air\/\"]}]},{\"@type\":\"ImageObject\",\"inLanguage\":\"fr-FR\",\"@id\":\"https:\/\/ravensmoon.fr\/index.php\/produit\/fondant-grand-air\/#primaryimage\",\"url\":\"https:\/\/ravensmoon.fr\/wp-content\/uploads\/2026\/02\/16815-1.png\",\"contentUrl\":\"https:\/\/ravensmoon.fr\/wp-content\/uploads\/2026\/02\/16815-1.png\",\"width\":946,\"height\":947},{\"@type\":\"BreadcrumbList\",\"@id\":\"https:\/\/ravensmoon.fr\/index.php\/produit\/fondant-grand-air\/#breadcrumb\",\"itemListElement\":[{\"@type\":\"ListItem\",\"position\":1,\"name\":\"Accueil\",\"item\":\"https:\/\/ravensmoon.fr\/\"},{\"@type\":\"ListItem\",\"position\":2,\"name\":\"Bougies\",\"item\":\"https:\/\/ravensmoon.fr\/index.php\/bougies\/\"},{\"@type\":\"ListItem\",\"position\":3,\"name\":\"Fondant Grand air\"}]},{\"@type\":\"WebSite\",\"@id\":\"https:\/\/ravensmoon.fr\/#website\",\"url\":\"https:\/\/ravensmoon.fr\/\",\"name\":\"Raven's Moon\",\"description\":\"\",\"publisher\":{\"@id\":\"https:\/\/ravensmoon.fr\/#organization\"},\"potentialAction\":[{\"@type\":\"SearchAction\",\"target\":{\"@type\":\"EntryPoint\",\"urlTemplate\":\"https:\/\/ravensmoon.fr\/?s={search_term_string}\"},\"query-input\":{\"@type\":\"PropertyValueSpecification\",\"valueRequired\":true,\"valueName\":\"search_term_string\"}}],\"inLanguage\":\"fr-FR\"},{\"@type\":\"Organization\",\"@id\":\"https:\/\/ravensmoon.fr\/#organization\",\"name\":\"Raven's Moon\",\"url\":\"https:\/\/ravensmoon.fr\/\",\"logo\":{\"@type\":\"ImageObject\",\"inLanguage\":\"fr-FR\",\"@id\":\"https:\/\/ravensmoon.fr\/#\/schema\/logo\/image\/\",\"url\":\"https:\/\/ravensmoon.fr\/wp-content\/uploads\/2024\/05\/cropped-cropped-cropped-Logossf-2.png\",\"contentUrl\":\"https:\/\/ravensmoon.fr\/wp-content\/uploads\/2024\/05\/cropped-cropped-cropped-Logossf-2.png\",\"width\":417,\"height\":337,\"caption\":\"Raven's Moon\"},\"image\":{\"@id\":\"https:\/\/ravensmoon.fr\/#\/schema\/logo\/image\/\"},\"sameAs\":[\"https:\/\/www.facebook.com\/profile.php?id=61565761895747&locale=fr_FR\",\"https:\/\/www.instagram.com\/raven_s_moon\"]}]}<\/script>\n<!-- \/ Yoast SEO plugin. -->","yoast_head_json":{"title":"Fondant Grand air - Raven&#039;s Moon","description":"Fondant parfum\u00e9 nuage parfum Grand Air. Cire parfum\u00e9e pour br\u00fble-parfum, senteur propre et longue tenue pour une maison fra\u00eeche et cocooning.","robots":{"index":"index","follow":"follow","max-snippet":"max-snippet:-1","max-image-preview":"max-image-preview:large","max-video-preview":"max-video-preview:-1"},"canonical":"https:\/\/ravensmoon.fr\/index.php\/produit\/fondant-grand-air\/","og_locale":"fr_FR","og_type":"article","og_title":"Fondant Grand air - Raven&#039;s Moon","og_description":"Fondant parfum\u00e9 nuage parfum Grand Air. Cire parfum\u00e9e pour br\u00fble-parfum, senteur propre et longue tenue pour une maison fra\u00eeche et cocooning.","og_url":"https:\/\/ravensmoon.fr\/index.php\/produit\/fondant-grand-air\/","og_site_name":"Raven&#039;s Moon","article_publisher":"https:\/\/www.facebook.com\/profile.php?id=61565761895747&locale=fr_FR","article_modified_time":"2026-03-21T15:30:02+00:00","og_image":[{"width":946,"height":947,"url":"https:\/\/ravensmoon.fr\/wp-content\/uploads\/2026\/02\/16815-1.png","type":"image\/png"}],"twitter_card":"summary_large_image","twitter_misc":{"Dur\u00e9e de lecture estim\u00e9e":"1 minute"},"schema":{"@context":"https:\/\/schema.org","@graph":[{"@type":"WebPage","@id":"https:\/\/ravensmoon.fr\/index.php\/produit\/fondant-grand-air\/","url":"https:\/\/ravensmoon.fr\/index.php\/produit\/fondant-grand-air\/","name":"Fondant Grand air - Raven&#039;s Moon","isPartOf":{"@id":"https:\/\/ravensmoon.fr\/#website"},"primaryImageOfPage":{"@id":"https:\/\/ravensmoon.fr\/index.php\/produit\/fondant-grand-air\/#primaryimage"},"image":{"@id":"https:\/\/ravensmoon.fr\/index.php\/produit\/fondant-grand-air\/#primaryimage"},"thumbnailUrl":"https:\/\/ravensmoon.fr\/wp-content\/uploads\/2026\/02\/16815-1.png","datePublished":"2026-02-20T21:08:04+00:00","dateModified":"2026-03-21T15:30:02+00:00","description":"Fondant parfum\u00e9 nuage parfum Grand Air. Cire parfum\u00e9e pour br\u00fble-parfum, senteur propre et longue tenue pour une maison fra\u00eeche et cocooning.","breadcrumb":{"@id":"https:\/\/ravensmoon.fr\/index.php\/produit\/fondant-grand-air\/#breadcrumb"},"inLanguage":"fr-FR","potentialAction":[{"@type":"ReadAction","target":["https:\/\/ravensmoon.fr\/index.php\/produit\/fondant-grand-air\/"]}]},{"@type":"ImageObject","inLanguage":"fr-FR","@id":"https:\/\/ravensmoon.fr\/index.php\/produit\/fondant-grand-air\/#primaryimage","url":"https:\/\/ravensmoon.fr\/wp-content\/uploads\/2026\/02\/16815-1.png","contentUrl":"https:\/\/ravensmoon.fr\/wp-content\/uploads\/2026\/02\/16815-1.png","width":946,"height":947},{"@type":"BreadcrumbList","@id":"https:\/\/ravensmoon.fr\/index.php\/produit\/fondant-grand-air\/#breadcrumb","itemListElement":[{"@type":"ListItem","position":1,"name":"Accueil","item":"https:\/\/ravensmoon.fr\/"},{"@type":"ListItem","position":2,"name":"Bougies","item":"https:\/\/ravensmoon.fr\/index.php\/bougies\/"},{"@type":"ListItem","position":3,"name":"Fondant Grand air"}]},{"@type":"WebSite","@id":"https:\/\/ravensmoon.fr\/#website","url":"https:\/\/ravensmoon.fr\/","name":"Raven's Moon","description":"","publisher":{"@id":"https:\/\/ravensmoon.fr\/#organization"},"potentialAction":[{"@type":"SearchAction","target":{"@type":"EntryPoint","urlTemplate":"https:\/\/ravensmoon.fr\/?s={search_term_string}"},"query-input":{"@type":"PropertyValueSpecification","valueRequired":true,"valueName":"search_term_string"}}],"inLanguage":"fr-FR"},{"@type":"Organization","@id":"https:\/\/ravensmoon.fr\/#organization","name":"Raven's Moon","url":"https:\/\/ravensmoon.fr\/","logo":{"@type":"ImageObject","inLanguage":"fr-FR","@id":"https:\/\/ravensmoon.fr\/#\/schema\/logo\/image\/","url":"https:\/\/ravensmoon.fr\/wp-content\/uploads\/2024\/05\/cropped-cropped-cropped-Logossf-2.png","contentUrl":"https:\/\/ravensmoon.fr\/wp-content\/uploads\/2024\/05\/cropped-cropped-cropped-Logossf-2.png","width":417,"height":337,"caption":"Raven's Moon"},"image":{"@id":"https:\/\/ravensmoon.fr\/#\/schema\/logo\/image\/"},"sameAs":["https:\/\/www.facebook.com\/profile.php?id=61565761895747&locale=fr_FR","https:\/\/www.instagram.com\/raven_s_moon"]}]}},"jetpack_sharing_enabled":true,"_links":{"self":[{"href":"https:\/\/ravensmoon.fr\/index.php\/wp-json\/wp\/v2\/product\/2477","targetHints":{"allow":["GET"]}}],"collection":[{"href":"https:\/\/ravensmoon.fr\/index.php\/wp-json\/wp\/v2\/product"}],"about":[{"href":"https:\/\/ravensmoon.fr\/index.php\/wp-json\/wp\/v2\/types\/product"}],"replies":[{"embeddable":true,"href":"https:\/\/ravensmoon.fr\/index.php\/wp-json\/wp\/v2\/comments?post=2477"}],"wp:featuredmedia":[{"embeddable":true,"href":"https:\/\/ravensmoon.fr\/index.php\/wp-json\/wp\/v2\/media\/2524"}],"wp:attachment":[{"href":"https:\/\/ravensmoon.fr\/index.php\/wp-json\/wp\/v2\/media?parent=2477"}],"wp:term":[{"taxonomy":"product_brand","embeddable":true,"href":"https:\/\/ravensmoon.fr\/index.php\/wp-json\/wp\/v2\/product_brand?post=2477"},{"taxonomy":"product_cat","embeddable":true,"href":"https:\/\/ravensmoon.fr\/index.php\/wp-json\/wp\/v2\/product_cat?post=2477"},{"taxonomy":"product_tag","embeddable":true,"href":"https:\/\/ravensmoon.fr\/index.php\/wp-json\/wp\/v2\/product_tag?post=2477"}],"curies":[{"name":"wp","href":"https:\/\/api.w.org\/{rel}","templated":true}]}}