{"id":2609,"date":"2026-02-27T14:36:18","date_gmt":"2026-02-27T13:36:18","guid":{"rendered":"https:\/\/ravensmoon.fr\/index.php\/produit\/fleur-doranger-fondation-alzheimer\/"},"modified":"2026-04-01T12:18:47","modified_gmt":"2026-04-01T10:18:47","slug":"fleur-doranger-fondation-alzheimer","status":"publish","type":"product","link":"https:\/\/ravensmoon.fr\/index.php\/produit\/fleur-doranger-fondation-alzheimer\/","title":{"rendered":"Grand Air 200mL &#8211; Fondation Alzheimer"},"content":{"rendered":"<p>Bougie Caritative \u2013 Grand Air \ud83c\udf19<\/p>\n<p>Laissez-vous envelopper par la douceur enveloppante du parfum Grand Air, une fragrance apaisante et r\u00e9confortante qui invite au calme et \u00e0 la s\u00e9r\u00e9nit\u00e9.<\/p>\n<p>Cette bougie artisanale de 160g de cire, coul\u00e9e avec soin dans un \u00e9l\u00e9gant contenant en verre de 200 ml, allie esth\u00e9tique et engagement.<\/p>\n<p>\u2728 Un geste qui a du sens<\/p>\n<p>5\u20ac revers\u00e9s \u00e0 la Fondation Alzheimer, afin de soutenir la recherche sur la maladie d&#8217;Alzheimer.<\/p>\n<p>\ud83d\udd6f\ufe0f Caract\u00e9ristiques :<\/p>\n<p>Cire : 160g<\/p>\n<p>Contenant : 200 ml en verre<\/p>\n<p>Parfum : Grand Air<\/p>\n<p>Fabrication artisanale<\/p>\n<p>Offrez (ou offrez-vous) bien plus qu\u2019une bougie : un moment de douceur, porteur d\u2019espoir.<\/p>\n","protected":false},"excerpt":{"rendered":"<p>\u2728 Un geste qui a du sens<\/p>\n<p>5\u20ac revers\u00e9s \u00e0 la Fondation Alzheimer, afin de soutenir la recherche sur la maladie d&#8217;Alzheimer.<\/p>\n<p>Parfum : Grand Air<\/p>\n<p>Fabrication artisanale<\/p>\n<p>Offrez (ou offrez-vous) bien plus qu\u2019une bougie : un moment de douceur, porteur d\u2019espoir.<\/p>\n","protected":false},"featured_media":2627,"comment_status":"open","ping_status":"closed","template":"","meta":[],"product_brand":[],"product_cat":[29,30],"product_tag":[],"class_list":{"0":"post-2609","1":"product","2":"type-product","3":"status-publish","4":"has-post-thumbnail","6":"product_cat-bougies-caritative","7":"product_cat-bougies-parfumees","9":"first","10":"instock","11":"shipping-taxable","12":"purchasable","13":"product-type-simple"},"yoast_head":"<!-- This site is optimized with the Yoast SEO plugin v26.8 - https:\/\/yoast.com\/product\/yoast-seo-wordpress\/ -->\n<title>Grand Air 200mL - Fondation Alzheimer - Raven&#039;s Moon<\/title>\n<meta name=\"robots\" content=\"index, follow, max-snippet:-1, max-image-preview:large, max-video-preview:-1\" \/>\n<link rel=\"canonical\" href=\"https:\/\/ravensmoon.fr\/index.php\/produit\/fleur-doranger-fondation-alzheimer\/\" \/>\n<meta property=\"og:locale\" content=\"fr_FR\" \/>\n<meta property=\"og:type\" content=\"article\" \/>\n<meta property=\"og:title\" content=\"Grand Air 200mL - Fondation Alzheimer - Raven&#039;s Moon\" \/>\n<meta property=\"og:description\" content=\"\u2728 Un geste qui a du sens  5\u20ac revers\u00e9s \u00e0 la Fondation Alzheimer, afin de soutenir la recherche sur la maladie d&#039;Alzheimer.  Parfum : Grand Air  Fabrication artisanale  Offrez (ou offrez-vous) bien plus qu\u2019une bougie : un moment de douceur, porteur d\u2019espoir.\" \/>\n<meta property=\"og:url\" content=\"https:\/\/ravensmoon.fr\/index.php\/produit\/fleur-doranger-fondation-alzheimer\/\" \/>\n<meta property=\"og:site_name\" content=\"Raven&#039;s Moon\" \/>\n<meta property=\"article:publisher\" content=\"https:\/\/www.facebook.com\/profile.php?id=61565761895747&amp;locale=fr_FR\" \/>\n<meta property=\"article:modified_time\" content=\"2026-04-01T10:18:47+00:00\" \/>\n<meta property=\"og:image\" content=\"https:\/\/ravensmoon.fr\/wp-content\/uploads\/2026\/02\/17029-1.png\" \/>\n\t<meta property=\"og:image:width\" content=\"1381\" \/>\n\t<meta property=\"og:image:height\" content=\"1380\" \/>\n\t<meta property=\"og:image:type\" content=\"image\/png\" \/>\n<meta name=\"twitter:card\" content=\"summary_large_image\" \/>\n<meta name=\"twitter:label1\" content=\"Dur\u00e9e de lecture estim\u00e9e\" \/>\n\t<meta name=\"twitter:data1\" content=\"1 minute\" \/>\n<script type=\"application\/ld+json\" class=\"yoast-schema-graph\">{\"@context\":\"https:\/\/schema.org\",\"@graph\":[{\"@type\":\"WebPage\",\"@id\":\"https:\/\/ravensmoon.fr\/index.php\/produit\/fleur-doranger-fondation-alzheimer\/\",\"url\":\"https:\/\/ravensmoon.fr\/index.php\/produit\/fleur-doranger-fondation-alzheimer\/\",\"name\":\"Grand Air 200mL - Fondation Alzheimer - Raven&#039;s Moon\",\"isPartOf\":{\"@id\":\"https:\/\/ravensmoon.fr\/#website\"},\"primaryImageOfPage\":{\"@id\":\"https:\/\/ravensmoon.fr\/index.php\/produit\/fleur-doranger-fondation-alzheimer\/#primaryimage\"},\"image\":{\"@id\":\"https:\/\/ravensmoon.fr\/index.php\/produit\/fleur-doranger-fondation-alzheimer\/#primaryimage\"},\"thumbnailUrl\":\"https:\/\/ravensmoon.fr\/wp-content\/uploads\/2026\/02\/17029-1.png\",\"datePublished\":\"2026-02-27T13:36:18+00:00\",\"dateModified\":\"2026-04-01T10:18:47+00:00\",\"breadcrumb\":{\"@id\":\"https:\/\/ravensmoon.fr\/index.php\/produit\/fleur-doranger-fondation-alzheimer\/#breadcrumb\"},\"inLanguage\":\"fr-FR\",\"potentialAction\":[{\"@type\":\"ReadAction\",\"target\":[\"https:\/\/ravensmoon.fr\/index.php\/produit\/fleur-doranger-fondation-alzheimer\/\"]}]},{\"@type\":\"ImageObject\",\"inLanguage\":\"fr-FR\",\"@id\":\"https:\/\/ravensmoon.fr\/index.php\/produit\/fleur-doranger-fondation-alzheimer\/#primaryimage\",\"url\":\"https:\/\/ravensmoon.fr\/wp-content\/uploads\/2026\/02\/17029-1.png\",\"contentUrl\":\"https:\/\/ravensmoon.fr\/wp-content\/uploads\/2026\/02\/17029-1.png\",\"width\":1381,\"height\":1380},{\"@type\":\"BreadcrumbList\",\"@id\":\"https:\/\/ravensmoon.fr\/index.php\/produit\/fleur-doranger-fondation-alzheimer\/#breadcrumb\",\"itemListElement\":[{\"@type\":\"ListItem\",\"position\":1,\"name\":\"Accueil\",\"item\":\"https:\/\/ravensmoon.fr\/\"},{\"@type\":\"ListItem\",\"position\":2,\"name\":\"Bougies\",\"item\":\"https:\/\/ravensmoon.fr\/index.php\/bougies\/\"},{\"@type\":\"ListItem\",\"position\":3,\"name\":\"Grand Air 200mL &#8211; Fondation Alzheimer\"}]},{\"@type\":\"WebSite\",\"@id\":\"https:\/\/ravensmoon.fr\/#website\",\"url\":\"https:\/\/ravensmoon.fr\/\",\"name\":\"Raven's Moon\",\"description\":\"\",\"publisher\":{\"@id\":\"https:\/\/ravensmoon.fr\/#organization\"},\"potentialAction\":[{\"@type\":\"SearchAction\",\"target\":{\"@type\":\"EntryPoint\",\"urlTemplate\":\"https:\/\/ravensmoon.fr\/?s={search_term_string}\"},\"query-input\":{\"@type\":\"PropertyValueSpecification\",\"valueRequired\":true,\"valueName\":\"search_term_string\"}}],\"inLanguage\":\"fr-FR\"},{\"@type\":\"Organization\",\"@id\":\"https:\/\/ravensmoon.fr\/#organization\",\"name\":\"Raven's Moon\",\"url\":\"https:\/\/ravensmoon.fr\/\",\"logo\":{\"@type\":\"ImageObject\",\"inLanguage\":\"fr-FR\",\"@id\":\"https:\/\/ravensmoon.fr\/#\/schema\/logo\/image\/\",\"url\":\"https:\/\/ravensmoon.fr\/wp-content\/uploads\/2024\/05\/cropped-cropped-cropped-Logossf-2.png\",\"contentUrl\":\"https:\/\/ravensmoon.fr\/wp-content\/uploads\/2024\/05\/cropped-cropped-cropped-Logossf-2.png\",\"width\":417,\"height\":337,\"caption\":\"Raven's Moon\"},\"image\":{\"@id\":\"https:\/\/ravensmoon.fr\/#\/schema\/logo\/image\/\"},\"sameAs\":[\"https:\/\/www.facebook.com\/profile.php?id=61565761895747&locale=fr_FR\",\"https:\/\/www.instagram.com\/raven_s_moon\"]}]}<\/script>\n<!-- \/ Yoast SEO plugin. -->","yoast_head_json":{"title":"Grand Air 200mL - Fondation Alzheimer - Raven&#039;s Moon","robots":{"index":"index","follow":"follow","max-snippet":"max-snippet:-1","max-image-preview":"max-image-preview:large","max-video-preview":"max-video-preview:-1"},"canonical":"https:\/\/ravensmoon.fr\/index.php\/produit\/fleur-doranger-fondation-alzheimer\/","og_locale":"fr_FR","og_type":"article","og_title":"Grand Air 200mL - Fondation Alzheimer - Raven&#039;s Moon","og_description":"\u2728 Un geste qui a du sens  5\u20ac revers\u00e9s \u00e0 la Fondation Alzheimer, afin de soutenir la recherche sur la maladie d'Alzheimer.  Parfum : Grand Air  Fabrication artisanale  Offrez (ou offrez-vous) bien plus qu\u2019une bougie : un moment de douceur, porteur d\u2019espoir.","og_url":"https:\/\/ravensmoon.fr\/index.php\/produit\/fleur-doranger-fondation-alzheimer\/","og_site_name":"Raven&#039;s Moon","article_publisher":"https:\/\/www.facebook.com\/profile.php?id=61565761895747&locale=fr_FR","article_modified_time":"2026-04-01T10:18:47+00:00","og_image":[{"width":1381,"height":1380,"url":"https:\/\/ravensmoon.fr\/wp-content\/uploads\/2026\/02\/17029-1.png","type":"image\/png"}],"twitter_card":"summary_large_image","twitter_misc":{"Dur\u00e9e de lecture estim\u00e9e":"1 minute"},"schema":{"@context":"https:\/\/schema.org","@graph":[{"@type":"WebPage","@id":"https:\/\/ravensmoon.fr\/index.php\/produit\/fleur-doranger-fondation-alzheimer\/","url":"https:\/\/ravensmoon.fr\/index.php\/produit\/fleur-doranger-fondation-alzheimer\/","name":"Grand Air 200mL - Fondation Alzheimer - Raven&#039;s Moon","isPartOf":{"@id":"https:\/\/ravensmoon.fr\/#website"},"primaryImageOfPage":{"@id":"https:\/\/ravensmoon.fr\/index.php\/produit\/fleur-doranger-fondation-alzheimer\/#primaryimage"},"image":{"@id":"https:\/\/ravensmoon.fr\/index.php\/produit\/fleur-doranger-fondation-alzheimer\/#primaryimage"},"thumbnailUrl":"https:\/\/ravensmoon.fr\/wp-content\/uploads\/2026\/02\/17029-1.png","datePublished":"2026-02-27T13:36:18+00:00","dateModified":"2026-04-01T10:18:47+00:00","breadcrumb":{"@id":"https:\/\/ravensmoon.fr\/index.php\/produit\/fleur-doranger-fondation-alzheimer\/#breadcrumb"},"inLanguage":"fr-FR","potentialAction":[{"@type":"ReadAction","target":["https:\/\/ravensmoon.fr\/index.php\/produit\/fleur-doranger-fondation-alzheimer\/"]}]},{"@type":"ImageObject","inLanguage":"fr-FR","@id":"https:\/\/ravensmoon.fr\/index.php\/produit\/fleur-doranger-fondation-alzheimer\/#primaryimage","url":"https:\/\/ravensmoon.fr\/wp-content\/uploads\/2026\/02\/17029-1.png","contentUrl":"https:\/\/ravensmoon.fr\/wp-content\/uploads\/2026\/02\/17029-1.png","width":1381,"height":1380},{"@type":"BreadcrumbList","@id":"https:\/\/ravensmoon.fr\/index.php\/produit\/fleur-doranger-fondation-alzheimer\/#breadcrumb","itemListElement":[{"@type":"ListItem","position":1,"name":"Accueil","item":"https:\/\/ravensmoon.fr\/"},{"@type":"ListItem","position":2,"name":"Bougies","item":"https:\/\/ravensmoon.fr\/index.php\/bougies\/"},{"@type":"ListItem","position":3,"name":"Grand Air 200mL &#8211; Fondation Alzheimer"}]},{"@type":"WebSite","@id":"https:\/\/ravensmoon.fr\/#website","url":"https:\/\/ravensmoon.fr\/","name":"Raven's Moon","description":"","publisher":{"@id":"https:\/\/ravensmoon.fr\/#organization"},"potentialAction":[{"@type":"SearchAction","target":{"@type":"EntryPoint","urlTemplate":"https:\/\/ravensmoon.fr\/?s={search_term_string}"},"query-input":{"@type":"PropertyValueSpecification","valueRequired":true,"valueName":"search_term_string"}}],"inLanguage":"fr-FR"},{"@type":"Organization","@id":"https:\/\/ravensmoon.fr\/#organization","name":"Raven's Moon","url":"https:\/\/ravensmoon.fr\/","logo":{"@type":"ImageObject","inLanguage":"fr-FR","@id":"https:\/\/ravensmoon.fr\/#\/schema\/logo\/image\/","url":"https:\/\/ravensmoon.fr\/wp-content\/uploads\/2024\/05\/cropped-cropped-cropped-Logossf-2.png","contentUrl":"https:\/\/ravensmoon.fr\/wp-content\/uploads\/2024\/05\/cropped-cropped-cropped-Logossf-2.png","width":417,"height":337,"caption":"Raven's Moon"},"image":{"@id":"https:\/\/ravensmoon.fr\/#\/schema\/logo\/image\/"},"sameAs":["https:\/\/www.facebook.com\/profile.php?id=61565761895747&locale=fr_FR","https:\/\/www.instagram.com\/raven_s_moon"]}]}},"jetpack_sharing_enabled":true,"_links":{"self":[{"href":"https:\/\/ravensmoon.fr\/index.php\/wp-json\/wp\/v2\/product\/2609","targetHints":{"allow":["GET"]}}],"collection":[{"href":"https:\/\/ravensmoon.fr\/index.php\/wp-json\/wp\/v2\/product"}],"about":[{"href":"https:\/\/ravensmoon.fr\/index.php\/wp-json\/wp\/v2\/types\/product"}],"replies":[{"embeddable":true,"href":"https:\/\/ravensmoon.fr\/index.php\/wp-json\/wp\/v2\/comments?post=2609"}],"wp:featuredmedia":[{"embeddable":true,"href":"https:\/\/ravensmoon.fr\/index.php\/wp-json\/wp\/v2\/media\/2627"}],"wp:attachment":[{"href":"https:\/\/ravensmoon.fr\/index.php\/wp-json\/wp\/v2\/media?parent=2609"}],"wp:term":[{"taxonomy":"product_brand","embeddable":true,"href":"https:\/\/ravensmoon.fr\/index.php\/wp-json\/wp\/v2\/product_brand?post=2609"},{"taxonomy":"product_cat","embeddable":true,"href":"https:\/\/ravensmoon.fr\/index.php\/wp-json\/wp\/v2\/product_cat?post=2609"},{"taxonomy":"product_tag","embeddable":true,"href":"https:\/\/ravensmoon.fr\/index.php\/wp-json\/wp\/v2\/product_tag?post=2609"}],"curies":[{"name":"wp","href":"https:\/\/api.w.org\/{rel}","templated":true}]}}