{"id":2612,"date":"2026-02-27T16:31:58","date_gmt":"2026-02-27T15:31:58","guid":{"rendered":"https:\/\/ravensmoon.fr\/index.php\/produit\/fleur-doranger-70ml-fondation-alzheimer\/"},"modified":"2026-04-03T09:37:44","modified_gmt":"2026-04-03T07:37:44","slug":"fleur-doranger-70ml-fondation-alzheimer","status":"publish","type":"product","link":"https:\/\/ravensmoon.fr\/index.php\/produit\/fleur-doranger-70ml-fondation-alzheimer\/","title":{"rendered":"Grand Air 70mL &#8211; Fondation Alzheimer"},"content":{"rendered":"<p>Bougie caritative \u2013 Grand Air (70 ml)<\/p>\n<p>Laissez-vous envelopper par la douceur lumineuse de la , une senteur d\u00e9licate et apaisante qui invite \u00e0 la d\u00e9tente et \u00e0 l\u2019\u00e9vasion.<\/p>\n<p>Cette petite bougie artisanale est bien plus qu\u2019un simple objet parfum\u00e9 : elle porte une cause essentielle. 3,75\u20ac sont revers\u00e9s \u00e0 la Fondation Alzheimer, afin de soutenir la recherche et les personnes touch\u00e9es par la maladie.<\/p>\n<p>\u2728 Format : 70 ml<\/p>\n<p>\u2728 Parfum : Grand Air<\/p>\n<p>\u2728 Fabrication artisanale<\/p>\n<p>\u2728 Bougie caritative<\/p>\n<p>Un geste parfum\u00e9, un geste engag\u00e9 \ud83d\udc9b<\/p>\n","protected":false},"excerpt":{"rendered":"<p>Cette petite bougie artisanale est bien plus qu\u2019un simple objet parfum\u00e9 : elle porte une cause essentielle. 3,75\u20ac sont revers\u00e9s \u00e0 la Fondation Alzheimer, afin de soutenir la recherche et les personnes touch\u00e9es par la maladie.<\/p>\n<p>\u2728 Format : 70 ml<\/p>\n<p>\u2728 Parfum : Grand Air<\/p>\n<p>\u2728 Fabrication artisanale<\/p>\n<p>\u2728 Bougie caritative<\/p>\n<p>Un geste parfum\u00e9, un geste engag\u00e9 \ud83d\udc9b<\/p>\n","protected":false},"featured_media":2628,"comment_status":"open","ping_status":"closed","template":"","meta":[],"product_brand":[],"product_cat":[29,30],"product_tag":[],"class_list":{"0":"post-2612","1":"product","2":"type-product","3":"status-publish","4":"has-post-thumbnail","6":"product_cat-bougies-caritative","7":"product_cat-bougies-parfumees","9":"first","10":"instock","11":"shipping-taxable","12":"purchasable","13":"product-type-simple"},"yoast_head":"<!-- This site is optimized with the Yoast SEO plugin v26.8 - https:\/\/yoast.com\/product\/yoast-seo-wordpress\/ -->\n<title>Grand Air 70mL - Fondation Alzheimer - Raven&#039;s Moon<\/title>\n<meta name=\"robots\" content=\"index, follow, max-snippet:-1, max-image-preview:large, max-video-preview:-1\" \/>\n<link rel=\"canonical\" href=\"https:\/\/ravensmoon.fr\/index.php\/produit\/fleur-doranger-70ml-fondation-alzheimer\/\" \/>\n<meta property=\"og:locale\" content=\"fr_FR\" \/>\n<meta property=\"og:type\" content=\"article\" \/>\n<meta property=\"og:title\" content=\"Grand Air 70mL - Fondation Alzheimer - Raven&#039;s Moon\" \/>\n<meta property=\"og:description\" content=\"Cette petite bougie artisanale est bien plus qu\u2019un simple objet parfum\u00e9 : elle porte une cause essentielle. 3,75\u20ac sont revers\u00e9s \u00e0 la Fondation Alzheimer, afin de soutenir la recherche et les personnes touch\u00e9es par la maladie.  \u2728 Format : 70 ml  \u2728 Parfum : Grand Air  \u2728 Fabrication artisanale  \u2728 Bougie caritative  Un geste parfum\u00e9, un geste engag\u00e9 \ud83d\udc9b\" \/>\n<meta property=\"og:url\" content=\"https:\/\/ravensmoon.fr\/index.php\/produit\/fleur-doranger-70ml-fondation-alzheimer\/\" \/>\n<meta property=\"og:site_name\" content=\"Raven&#039;s Moon\" \/>\n<meta property=\"article:publisher\" content=\"https:\/\/www.facebook.com\/profile.php?id=61565761895747&amp;locale=fr_FR\" \/>\n<meta property=\"article:modified_time\" content=\"2026-04-03T07:37:44+00:00\" \/>\n<meta property=\"og:image\" content=\"https:\/\/ravensmoon.fr\/wp-content\/uploads\/2026\/02\/17030.png\" \/>\n\t<meta property=\"og:image:width\" content=\"1046\" \/>\n\t<meta property=\"og:image:height\" content=\"1045\" \/>\n\t<meta property=\"og:image:type\" content=\"image\/png\" \/>\n<meta name=\"twitter:card\" content=\"summary_large_image\" \/>\n<meta name=\"twitter:label1\" content=\"Dur\u00e9e de lecture estim\u00e9e\" \/>\n\t<meta name=\"twitter:data1\" content=\"1 minute\" \/>\n<script type=\"application\/ld+json\" class=\"yoast-schema-graph\">{\"@context\":\"https:\/\/schema.org\",\"@graph\":[{\"@type\":\"WebPage\",\"@id\":\"https:\/\/ravensmoon.fr\/index.php\/produit\/fleur-doranger-70ml-fondation-alzheimer\/\",\"url\":\"https:\/\/ravensmoon.fr\/index.php\/produit\/fleur-doranger-70ml-fondation-alzheimer\/\",\"name\":\"Grand Air 70mL - Fondation Alzheimer - Raven&#039;s Moon\",\"isPartOf\":{\"@id\":\"https:\/\/ravensmoon.fr\/#website\"},\"primaryImageOfPage\":{\"@id\":\"https:\/\/ravensmoon.fr\/index.php\/produit\/fleur-doranger-70ml-fondation-alzheimer\/#primaryimage\"},\"image\":{\"@id\":\"https:\/\/ravensmoon.fr\/index.php\/produit\/fleur-doranger-70ml-fondation-alzheimer\/#primaryimage\"},\"thumbnailUrl\":\"https:\/\/ravensmoon.fr\/wp-content\/uploads\/2026\/02\/17030.png\",\"datePublished\":\"2026-02-27T15:31:58+00:00\",\"dateModified\":\"2026-04-03T07:37:44+00:00\",\"breadcrumb\":{\"@id\":\"https:\/\/ravensmoon.fr\/index.php\/produit\/fleur-doranger-70ml-fondation-alzheimer\/#breadcrumb\"},\"inLanguage\":\"fr-FR\",\"potentialAction\":[{\"@type\":\"ReadAction\",\"target\":[\"https:\/\/ravensmoon.fr\/index.php\/produit\/fleur-doranger-70ml-fondation-alzheimer\/\"]}]},{\"@type\":\"ImageObject\",\"inLanguage\":\"fr-FR\",\"@id\":\"https:\/\/ravensmoon.fr\/index.php\/produit\/fleur-doranger-70ml-fondation-alzheimer\/#primaryimage\",\"url\":\"https:\/\/ravensmoon.fr\/wp-content\/uploads\/2026\/02\/17030.png\",\"contentUrl\":\"https:\/\/ravensmoon.fr\/wp-content\/uploads\/2026\/02\/17030.png\",\"width\":1046,\"height\":1045},{\"@type\":\"BreadcrumbList\",\"@id\":\"https:\/\/ravensmoon.fr\/index.php\/produit\/fleur-doranger-70ml-fondation-alzheimer\/#breadcrumb\",\"itemListElement\":[{\"@type\":\"ListItem\",\"position\":1,\"name\":\"Accueil\",\"item\":\"https:\/\/ravensmoon.fr\/\"},{\"@type\":\"ListItem\",\"position\":2,\"name\":\"Bougies\",\"item\":\"https:\/\/ravensmoon.fr\/index.php\/bougies\/\"},{\"@type\":\"ListItem\",\"position\":3,\"name\":\"Grand Air 70mL &#8211; Fondation Alzheimer\"}]},{\"@type\":\"WebSite\",\"@id\":\"https:\/\/ravensmoon.fr\/#website\",\"url\":\"https:\/\/ravensmoon.fr\/\",\"name\":\"Raven's Moon\",\"description\":\"\",\"publisher\":{\"@id\":\"https:\/\/ravensmoon.fr\/#organization\"},\"potentialAction\":[{\"@type\":\"SearchAction\",\"target\":{\"@type\":\"EntryPoint\",\"urlTemplate\":\"https:\/\/ravensmoon.fr\/?s={search_term_string}\"},\"query-input\":{\"@type\":\"PropertyValueSpecification\",\"valueRequired\":true,\"valueName\":\"search_term_string\"}}],\"inLanguage\":\"fr-FR\"},{\"@type\":\"Organization\",\"@id\":\"https:\/\/ravensmoon.fr\/#organization\",\"name\":\"Raven's Moon\",\"url\":\"https:\/\/ravensmoon.fr\/\",\"logo\":{\"@type\":\"ImageObject\",\"inLanguage\":\"fr-FR\",\"@id\":\"https:\/\/ravensmoon.fr\/#\/schema\/logo\/image\/\",\"url\":\"https:\/\/ravensmoon.fr\/wp-content\/uploads\/2024\/05\/cropped-cropped-cropped-Logossf-2.png\",\"contentUrl\":\"https:\/\/ravensmoon.fr\/wp-content\/uploads\/2024\/05\/cropped-cropped-cropped-Logossf-2.png\",\"width\":417,\"height\":337,\"caption\":\"Raven's Moon\"},\"image\":{\"@id\":\"https:\/\/ravensmoon.fr\/#\/schema\/logo\/image\/\"},\"sameAs\":[\"https:\/\/www.facebook.com\/profile.php?id=61565761895747&locale=fr_FR\",\"https:\/\/www.instagram.com\/raven_s_moon\"]}]}<\/script>\n<!-- \/ Yoast SEO plugin. -->","yoast_head_json":{"title":"Grand Air 70mL - Fondation Alzheimer - Raven&#039;s Moon","robots":{"index":"index","follow":"follow","max-snippet":"max-snippet:-1","max-image-preview":"max-image-preview:large","max-video-preview":"max-video-preview:-1"},"canonical":"https:\/\/ravensmoon.fr\/index.php\/produit\/fleur-doranger-70ml-fondation-alzheimer\/","og_locale":"fr_FR","og_type":"article","og_title":"Grand Air 70mL - Fondation Alzheimer - Raven&#039;s Moon","og_description":"Cette petite bougie artisanale est bien plus qu\u2019un simple objet parfum\u00e9 : elle porte une cause essentielle. 3,75\u20ac sont revers\u00e9s \u00e0 la Fondation Alzheimer, afin de soutenir la recherche et les personnes touch\u00e9es par la maladie.  \u2728 Format : 70 ml  \u2728 Parfum : Grand Air  \u2728 Fabrication artisanale  \u2728 Bougie caritative  Un geste parfum\u00e9, un geste engag\u00e9 \ud83d\udc9b","og_url":"https:\/\/ravensmoon.fr\/index.php\/produit\/fleur-doranger-70ml-fondation-alzheimer\/","og_site_name":"Raven&#039;s Moon","article_publisher":"https:\/\/www.facebook.com\/profile.php?id=61565761895747&locale=fr_FR","article_modified_time":"2026-04-03T07:37:44+00:00","og_image":[{"width":1046,"height":1045,"url":"https:\/\/ravensmoon.fr\/wp-content\/uploads\/2026\/02\/17030.png","type":"image\/png"}],"twitter_card":"summary_large_image","twitter_misc":{"Dur\u00e9e de lecture estim\u00e9e":"1 minute"},"schema":{"@context":"https:\/\/schema.org","@graph":[{"@type":"WebPage","@id":"https:\/\/ravensmoon.fr\/index.php\/produit\/fleur-doranger-70ml-fondation-alzheimer\/","url":"https:\/\/ravensmoon.fr\/index.php\/produit\/fleur-doranger-70ml-fondation-alzheimer\/","name":"Grand Air 70mL - Fondation Alzheimer - Raven&#039;s Moon","isPartOf":{"@id":"https:\/\/ravensmoon.fr\/#website"},"primaryImageOfPage":{"@id":"https:\/\/ravensmoon.fr\/index.php\/produit\/fleur-doranger-70ml-fondation-alzheimer\/#primaryimage"},"image":{"@id":"https:\/\/ravensmoon.fr\/index.php\/produit\/fleur-doranger-70ml-fondation-alzheimer\/#primaryimage"},"thumbnailUrl":"https:\/\/ravensmoon.fr\/wp-content\/uploads\/2026\/02\/17030.png","datePublished":"2026-02-27T15:31:58+00:00","dateModified":"2026-04-03T07:37:44+00:00","breadcrumb":{"@id":"https:\/\/ravensmoon.fr\/index.php\/produit\/fleur-doranger-70ml-fondation-alzheimer\/#breadcrumb"},"inLanguage":"fr-FR","potentialAction":[{"@type":"ReadAction","target":["https:\/\/ravensmoon.fr\/index.php\/produit\/fleur-doranger-70ml-fondation-alzheimer\/"]}]},{"@type":"ImageObject","inLanguage":"fr-FR","@id":"https:\/\/ravensmoon.fr\/index.php\/produit\/fleur-doranger-70ml-fondation-alzheimer\/#primaryimage","url":"https:\/\/ravensmoon.fr\/wp-content\/uploads\/2026\/02\/17030.png","contentUrl":"https:\/\/ravensmoon.fr\/wp-content\/uploads\/2026\/02\/17030.png","width":1046,"height":1045},{"@type":"BreadcrumbList","@id":"https:\/\/ravensmoon.fr\/index.php\/produit\/fleur-doranger-70ml-fondation-alzheimer\/#breadcrumb","itemListElement":[{"@type":"ListItem","position":1,"name":"Accueil","item":"https:\/\/ravensmoon.fr\/"},{"@type":"ListItem","position":2,"name":"Bougies","item":"https:\/\/ravensmoon.fr\/index.php\/bougies\/"},{"@type":"ListItem","position":3,"name":"Grand Air 70mL &#8211; Fondation Alzheimer"}]},{"@type":"WebSite","@id":"https:\/\/ravensmoon.fr\/#website","url":"https:\/\/ravensmoon.fr\/","name":"Raven's Moon","description":"","publisher":{"@id":"https:\/\/ravensmoon.fr\/#organization"},"potentialAction":[{"@type":"SearchAction","target":{"@type":"EntryPoint","urlTemplate":"https:\/\/ravensmoon.fr\/?s={search_term_string}"},"query-input":{"@type":"PropertyValueSpecification","valueRequired":true,"valueName":"search_term_string"}}],"inLanguage":"fr-FR"},{"@type":"Organization","@id":"https:\/\/ravensmoon.fr\/#organization","name":"Raven's Moon","url":"https:\/\/ravensmoon.fr\/","logo":{"@type":"ImageObject","inLanguage":"fr-FR","@id":"https:\/\/ravensmoon.fr\/#\/schema\/logo\/image\/","url":"https:\/\/ravensmoon.fr\/wp-content\/uploads\/2024\/05\/cropped-cropped-cropped-Logossf-2.png","contentUrl":"https:\/\/ravensmoon.fr\/wp-content\/uploads\/2024\/05\/cropped-cropped-cropped-Logossf-2.png","width":417,"height":337,"caption":"Raven's Moon"},"image":{"@id":"https:\/\/ravensmoon.fr\/#\/schema\/logo\/image\/"},"sameAs":["https:\/\/www.facebook.com\/profile.php?id=61565761895747&locale=fr_FR","https:\/\/www.instagram.com\/raven_s_moon"]}]}},"jetpack_sharing_enabled":true,"_links":{"self":[{"href":"https:\/\/ravensmoon.fr\/index.php\/wp-json\/wp\/v2\/product\/2612","targetHints":{"allow":["GET"]}}],"collection":[{"href":"https:\/\/ravensmoon.fr\/index.php\/wp-json\/wp\/v2\/product"}],"about":[{"href":"https:\/\/ravensmoon.fr\/index.php\/wp-json\/wp\/v2\/types\/product"}],"replies":[{"embeddable":true,"href":"https:\/\/ravensmoon.fr\/index.php\/wp-json\/wp\/v2\/comments?post=2612"}],"wp:featuredmedia":[{"embeddable":true,"href":"https:\/\/ravensmoon.fr\/index.php\/wp-json\/wp\/v2\/media\/2628"}],"wp:attachment":[{"href":"https:\/\/ravensmoon.fr\/index.php\/wp-json\/wp\/v2\/media?parent=2612"}],"wp:term":[{"taxonomy":"product_brand","embeddable":true,"href":"https:\/\/ravensmoon.fr\/index.php\/wp-json\/wp\/v2\/product_brand?post=2612"},{"taxonomy":"product_cat","embeddable":true,"href":"https:\/\/ravensmoon.fr\/index.php\/wp-json\/wp\/v2\/product_cat?post=2612"},{"taxonomy":"product_tag","embeddable":true,"href":"https:\/\/ravensmoon.fr\/index.php\/wp-json\/wp\/v2\/product_tag?post=2612"}],"curies":[{"name":"wp","href":"https:\/\/api.w.org\/{rel}","templated":true}]}}