{"id":907,"date":"2024-09-28T16:56:34","date_gmt":"2024-09-28T14:56:34","guid":{"rendered":"https:\/\/ravensmoon.fr\/?post_type=product&#038;p=907"},"modified":"2026-03-22T07:25:17","modified_gmt":"2026-03-22T06:25:17","slug":"citrouille-a-lunite","status":"publish","type":"product","link":"https:\/\/ravensmoon.fr\/index.php\/produit\/citrouille-a-lunite\/","title":{"rendered":"Citrouille"},"content":{"rendered":"<p>\u2728 <strong>Bougie moul\u00e9e \u2013 Citrouille \u00e9pic\u00e9e<\/strong><\/p>\n<p>Plongez dans l\u2019ambiance chaleureuse de l\u2019automne avec cette bougie moul\u00e9e en forme de <strong>citrouille<\/strong>, d\u2019un orange vibrant et lumineux. Fabriqu\u00e9e artisanalement en cire v\u00e9g\u00e9tale, elle apporte une touche d\u00e9corative aussi charmante que gourmande, parfaite pour c\u00e9l\u00e9brer la saison des feuilles dor\u00e9es et des soir\u00e9es cocooning.<\/p>\n<p>La fragrance <strong>citrouille \u00e9pic\u00e9e<\/strong> d\u00e9voile une harmonie douce et r\u00e9confortante : des notes sucr\u00e9es m\u00eal\u00e9es \u00e0 des \u00e9pices chaleureuses, comme un dessert de saison r\u00e9chauff\u00e9 au coin du feu. \u00c0 l\u2019allumage, la bougie diffuse un parfum enveloppant et durable, cr\u00e9ant une atmosph\u00e8re festive, r\u00e9confortante et l\u00e9g\u00e8rement myst\u00e9rieuse, id\u00e9ale pour Halloween ou pour toute la p\u00e9riode automnale.<\/p>\n<p>Son format moul\u00e9 apporte une dimension artisanale et authentique, faisant de cette bougie un objet d\u00e9coratif \u00e0 part enti\u00e8re, qui embellit votre int\u00e9rieur m\u00eame \u00e9teinte. <strong>Citrouille \u00e9pic\u00e9e<\/strong> est une invitation \u00e0 savourer la douceur de l\u2019automne, \u00e0 ralentir et \u00e0 se laisser bercer par des senteurs gourmandes et chaleureuses.<\/p>\n<p>Poids net total : 100 g<\/p>\n<p>Bougies faites \u00e0 la cire de colza et colorant naturel.<\/p>\n<p>Dur\u00e9e de combustion : +15h<\/p>\n","protected":false},"excerpt":{"rendered":"<p>\u2728 <strong>Bougie moul\u00e9e \u2013 Citrouille \u00e9pic\u00e9e<\/strong><br \/>\nBougie artisanale moul\u00e9e en forme de citrouille, de couleur orange \u00e9clatant. Parfum <strong>citrouille \u00e9pic\u00e9e<\/strong>, gourmand et chaleureux, aux notes sucr\u00e9es et \u00e9pic\u00e9es. Diffusion longue dur\u00e9e, id\u00e9ale pour une ambiance automnale festive et r\u00e9confortante.<\/p>\n","protected":false},"featured_media":2557,"comment_status":"open","ping_status":"closed","template":"","meta":[],"product_brand":[],"product_cat":[16],"product_tag":[],"class_list":{"0":"post-907","1":"product","2":"type-product","3":"status-publish","4":"has-post-thumbnail","6":"product_cat-non-classe","8":"first","9":"instock","10":"sale","11":"shipping-taxable","12":"purchasable","13":"product-type-simple"},"yoast_head":"<!-- This site is optimized with the Yoast SEO plugin v26.8 - https:\/\/yoast.com\/product\/yoast-seo-wordpress\/ -->\n<title>Citrouille - Raven&#039;s Moon<\/title>\n<meta name=\"robots\" content=\"index, follow, max-snippet:-1, max-image-preview:large, max-video-preview:-1\" \/>\n<link rel=\"canonical\" href=\"https:\/\/ravensmoon.fr\/index.php\/produit\/citrouille-a-lunite\/\" \/>\n<meta property=\"og:locale\" content=\"fr_FR\" \/>\n<meta property=\"og:type\" content=\"article\" \/>\n<meta property=\"og:title\" content=\"Citrouille - Raven&#039;s Moon\" \/>\n<meta property=\"og:description\" content=\"\u2728 Bougie moul\u00e9e \u2013 Citrouille \u00e9pic\u00e9e Bougie artisanale moul\u00e9e en forme de citrouille, de couleur orange \u00e9clatant. Parfum citrouille \u00e9pic\u00e9e, gourmand et chaleureux, aux notes sucr\u00e9es et \u00e9pic\u00e9es. Diffusion longue dur\u00e9e, id\u00e9ale pour une ambiance automnale festive et r\u00e9confortante.\" \/>\n<meta property=\"og:url\" content=\"https:\/\/ravensmoon.fr\/index.php\/produit\/citrouille-a-lunite\/\" \/>\n<meta property=\"og:site_name\" content=\"Raven&#039;s Moon\" \/>\n<meta property=\"article:publisher\" content=\"https:\/\/www.facebook.com\/profile.php?id=61565761895747&amp;locale=fr_FR\" \/>\n<meta property=\"article:modified_time\" content=\"2026-03-22T06:25:17+00:00\" \/>\n<meta property=\"og:image\" content=\"https:\/\/ravensmoon.fr\/wp-content\/uploads\/2024\/09\/1000030944.png\" \/>\n\t<meta property=\"og:image:width\" content=\"1195\" \/>\n\t<meta property=\"og:image:height\" content=\"1236\" \/>\n\t<meta property=\"og:image:type\" content=\"image\/png\" \/>\n<meta name=\"twitter:card\" content=\"summary_large_image\" \/>\n<meta name=\"twitter:label1\" content=\"Dur\u00e9e de lecture estim\u00e9e\" \/>\n\t<meta name=\"twitter:data1\" content=\"2 minutes\" \/>\n<script type=\"application\/ld+json\" class=\"yoast-schema-graph\">{\"@context\":\"https:\/\/schema.org\",\"@graph\":[{\"@type\":\"WebPage\",\"@id\":\"https:\/\/ravensmoon.fr\/index.php\/produit\/citrouille-a-lunite\/\",\"url\":\"https:\/\/ravensmoon.fr\/index.php\/produit\/citrouille-a-lunite\/\",\"name\":\"Citrouille - Raven&#039;s Moon\",\"isPartOf\":{\"@id\":\"https:\/\/ravensmoon.fr\/#website\"},\"primaryImageOfPage\":{\"@id\":\"https:\/\/ravensmoon.fr\/index.php\/produit\/citrouille-a-lunite\/#primaryimage\"},\"image\":{\"@id\":\"https:\/\/ravensmoon.fr\/index.php\/produit\/citrouille-a-lunite\/#primaryimage\"},\"thumbnailUrl\":\"https:\/\/ravensmoon.fr\/wp-content\/uploads\/2024\/09\/16854.png\",\"datePublished\":\"2024-09-28T14:56:34+00:00\",\"dateModified\":\"2026-03-22T06:25:17+00:00\",\"breadcrumb\":{\"@id\":\"https:\/\/ravensmoon.fr\/index.php\/produit\/citrouille-a-lunite\/#breadcrumb\"},\"inLanguage\":\"fr-FR\",\"potentialAction\":[{\"@type\":\"ReadAction\",\"target\":[\"https:\/\/ravensmoon.fr\/index.php\/produit\/citrouille-a-lunite\/\"]}]},{\"@type\":\"ImageObject\",\"inLanguage\":\"fr-FR\",\"@id\":\"https:\/\/ravensmoon.fr\/index.php\/produit\/citrouille-a-lunite\/#primaryimage\",\"url\":\"https:\/\/ravensmoon.fr\/wp-content\/uploads\/2024\/09\/16854.png\",\"contentUrl\":\"https:\/\/ravensmoon.fr\/wp-content\/uploads\/2024\/09\/16854.png\",\"width\":951,\"height\":951},{\"@type\":\"BreadcrumbList\",\"@id\":\"https:\/\/ravensmoon.fr\/index.php\/produit\/citrouille-a-lunite\/#breadcrumb\",\"itemListElement\":[{\"@type\":\"ListItem\",\"position\":1,\"name\":\"Accueil\",\"item\":\"https:\/\/ravensmoon.fr\/\"},{\"@type\":\"ListItem\",\"position\":2,\"name\":\"Bougies\",\"item\":\"https:\/\/ravensmoon.fr\/index.php\/bougies\/\"},{\"@type\":\"ListItem\",\"position\":3,\"name\":\"Citrouille\"}]},{\"@type\":\"WebSite\",\"@id\":\"https:\/\/ravensmoon.fr\/#website\",\"url\":\"https:\/\/ravensmoon.fr\/\",\"name\":\"Raven's Moon\",\"description\":\"\",\"publisher\":{\"@id\":\"https:\/\/ravensmoon.fr\/#organization\"},\"potentialAction\":[{\"@type\":\"SearchAction\",\"target\":{\"@type\":\"EntryPoint\",\"urlTemplate\":\"https:\/\/ravensmoon.fr\/?s={search_term_string}\"},\"query-input\":{\"@type\":\"PropertyValueSpecification\",\"valueRequired\":true,\"valueName\":\"search_term_string\"}}],\"inLanguage\":\"fr-FR\"},{\"@type\":\"Organization\",\"@id\":\"https:\/\/ravensmoon.fr\/#organization\",\"name\":\"Raven's Moon\",\"url\":\"https:\/\/ravensmoon.fr\/\",\"logo\":{\"@type\":\"ImageObject\",\"inLanguage\":\"fr-FR\",\"@id\":\"https:\/\/ravensmoon.fr\/#\/schema\/logo\/image\/\",\"url\":\"https:\/\/ravensmoon.fr\/wp-content\/uploads\/2024\/05\/cropped-cropped-cropped-Logossf-2.png\",\"contentUrl\":\"https:\/\/ravensmoon.fr\/wp-content\/uploads\/2024\/05\/cropped-cropped-cropped-Logossf-2.png\",\"width\":417,\"height\":337,\"caption\":\"Raven's Moon\"},\"image\":{\"@id\":\"https:\/\/ravensmoon.fr\/#\/schema\/logo\/image\/\"},\"sameAs\":[\"https:\/\/www.facebook.com\/profile.php?id=61565761895747&locale=fr_FR\",\"https:\/\/www.instagram.com\/raven_s_moon\"]}]}<\/script>\n<!-- \/ Yoast SEO plugin. -->","yoast_head_json":{"title":"Citrouille - Raven&#039;s Moon","robots":{"index":"index","follow":"follow","max-snippet":"max-snippet:-1","max-image-preview":"max-image-preview:large","max-video-preview":"max-video-preview:-1"},"canonical":"https:\/\/ravensmoon.fr\/index.php\/produit\/citrouille-a-lunite\/","og_locale":"fr_FR","og_type":"article","og_title":"Citrouille - Raven&#039;s Moon","og_description":"\u2728 Bougie moul\u00e9e \u2013 Citrouille \u00e9pic\u00e9e Bougie artisanale moul\u00e9e en forme de citrouille, de couleur orange \u00e9clatant. Parfum citrouille \u00e9pic\u00e9e, gourmand et chaleureux, aux notes sucr\u00e9es et \u00e9pic\u00e9es. Diffusion longue dur\u00e9e, id\u00e9ale pour une ambiance automnale festive et r\u00e9confortante.","og_url":"https:\/\/ravensmoon.fr\/index.php\/produit\/citrouille-a-lunite\/","og_site_name":"Raven&#039;s Moon","article_publisher":"https:\/\/www.facebook.com\/profile.php?id=61565761895747&locale=fr_FR","article_modified_time":"2026-03-22T06:25:17+00:00","og_image":[{"width":1195,"height":1236,"url":"https:\/\/ravensmoon.fr\/wp-content\/uploads\/2024\/09\/1000030944.png","type":"image\/png"}],"twitter_card":"summary_large_image","twitter_misc":{"Dur\u00e9e de lecture estim\u00e9e":"2 minutes"},"schema":{"@context":"https:\/\/schema.org","@graph":[{"@type":"WebPage","@id":"https:\/\/ravensmoon.fr\/index.php\/produit\/citrouille-a-lunite\/","url":"https:\/\/ravensmoon.fr\/index.php\/produit\/citrouille-a-lunite\/","name":"Citrouille - Raven&#039;s Moon","isPartOf":{"@id":"https:\/\/ravensmoon.fr\/#website"},"primaryImageOfPage":{"@id":"https:\/\/ravensmoon.fr\/index.php\/produit\/citrouille-a-lunite\/#primaryimage"},"image":{"@id":"https:\/\/ravensmoon.fr\/index.php\/produit\/citrouille-a-lunite\/#primaryimage"},"thumbnailUrl":"https:\/\/ravensmoon.fr\/wp-content\/uploads\/2024\/09\/16854.png","datePublished":"2024-09-28T14:56:34+00:00","dateModified":"2026-03-22T06:25:17+00:00","breadcrumb":{"@id":"https:\/\/ravensmoon.fr\/index.php\/produit\/citrouille-a-lunite\/#breadcrumb"},"inLanguage":"fr-FR","potentialAction":[{"@type":"ReadAction","target":["https:\/\/ravensmoon.fr\/index.php\/produit\/citrouille-a-lunite\/"]}]},{"@type":"ImageObject","inLanguage":"fr-FR","@id":"https:\/\/ravensmoon.fr\/index.php\/produit\/citrouille-a-lunite\/#primaryimage","url":"https:\/\/ravensmoon.fr\/wp-content\/uploads\/2024\/09\/16854.png","contentUrl":"https:\/\/ravensmoon.fr\/wp-content\/uploads\/2024\/09\/16854.png","width":951,"height":951},{"@type":"BreadcrumbList","@id":"https:\/\/ravensmoon.fr\/index.php\/produit\/citrouille-a-lunite\/#breadcrumb","itemListElement":[{"@type":"ListItem","position":1,"name":"Accueil","item":"https:\/\/ravensmoon.fr\/"},{"@type":"ListItem","position":2,"name":"Bougies","item":"https:\/\/ravensmoon.fr\/index.php\/bougies\/"},{"@type":"ListItem","position":3,"name":"Citrouille"}]},{"@type":"WebSite","@id":"https:\/\/ravensmoon.fr\/#website","url":"https:\/\/ravensmoon.fr\/","name":"Raven's Moon","description":"","publisher":{"@id":"https:\/\/ravensmoon.fr\/#organization"},"potentialAction":[{"@type":"SearchAction","target":{"@type":"EntryPoint","urlTemplate":"https:\/\/ravensmoon.fr\/?s={search_term_string}"},"query-input":{"@type":"PropertyValueSpecification","valueRequired":true,"valueName":"search_term_string"}}],"inLanguage":"fr-FR"},{"@type":"Organization","@id":"https:\/\/ravensmoon.fr\/#organization","name":"Raven's Moon","url":"https:\/\/ravensmoon.fr\/","logo":{"@type":"ImageObject","inLanguage":"fr-FR","@id":"https:\/\/ravensmoon.fr\/#\/schema\/logo\/image\/","url":"https:\/\/ravensmoon.fr\/wp-content\/uploads\/2024\/05\/cropped-cropped-cropped-Logossf-2.png","contentUrl":"https:\/\/ravensmoon.fr\/wp-content\/uploads\/2024\/05\/cropped-cropped-cropped-Logossf-2.png","width":417,"height":337,"caption":"Raven's Moon"},"image":{"@id":"https:\/\/ravensmoon.fr\/#\/schema\/logo\/image\/"},"sameAs":["https:\/\/www.facebook.com\/profile.php?id=61565761895747&locale=fr_FR","https:\/\/www.instagram.com\/raven_s_moon"]}]}},"jetpack_sharing_enabled":true,"_links":{"self":[{"href":"https:\/\/ravensmoon.fr\/index.php\/wp-json\/wp\/v2\/product\/907","targetHints":{"allow":["GET"]}}],"collection":[{"href":"https:\/\/ravensmoon.fr\/index.php\/wp-json\/wp\/v2\/product"}],"about":[{"href":"https:\/\/ravensmoon.fr\/index.php\/wp-json\/wp\/v2\/types\/product"}],"replies":[{"embeddable":true,"href":"https:\/\/ravensmoon.fr\/index.php\/wp-json\/wp\/v2\/comments?post=907"}],"wp:featuredmedia":[{"embeddable":true,"href":"https:\/\/ravensmoon.fr\/index.php\/wp-json\/wp\/v2\/media\/2557"}],"wp:attachment":[{"href":"https:\/\/ravensmoon.fr\/index.php\/wp-json\/wp\/v2\/media?parent=907"}],"wp:term":[{"taxonomy":"product_brand","embeddable":true,"href":"https:\/\/ravensmoon.fr\/index.php\/wp-json\/wp\/v2\/product_brand?post=907"},{"taxonomy":"product_cat","embeddable":true,"href":"https:\/\/ravensmoon.fr\/index.php\/wp-json\/wp\/v2\/product_cat?post=907"},{"taxonomy":"product_tag","embeddable":true,"href":"https:\/\/ravensmoon.fr\/index.php\/wp-json\/wp\/v2\/product_tag?post=907"}],"curies":[{"name":"wp","href":"https:\/\/api.w.org\/{rel}","templated":true}]}}